{"id":16857,"date":"2023-12-16T03:29:18","date_gmt":"2023-12-16T03:29:18","guid":{"rendered":"https:\/\/plate2000.com\/terms-of-use\/"},"modified":"2023-12-17T09:01:39","modified_gmt":"2023-12-17T09:01:39","slug":"terms-of-use","status":"publish","type":"page","link":"https:\/\/plate2000.com\/fr\/terms-of-use\/","title":{"rendered":"Conditions d&#8217;utilisation"},"content":{"rendered":"\t\t<div data-elementor-type=\"wp-page\" data-elementor-id=\"16857\" class=\"elementor elementor-16857 elementor-15\" data-elementor-settings=\"{&quot;element_pack_global_tooltip_width&quot;:{&quot;unit&quot;:&quot;px&quot;,&quot;size&quot;:&quot;&quot;,&quot;sizes&quot;:[]},&quot;element_pack_global_tooltip_width_tablet&quot;:{&quot;unit&quot;:&quot;px&quot;,&quot;size&quot;:&quot;&quot;,&quot;sizes&quot;:[]},&quot;element_pack_global_tooltip_width_mobile&quot;:{&quot;unit&quot;:&quot;px&quot;,&quot;size&quot;:&quot;&quot;,&quot;sizes&quot;:[]},&quot;element_pack_global_tooltip_padding&quot;:{&quot;unit&quot;:&quot;px&quot;,&quot;top&quot;:&quot;&quot;,&quot;right&quot;:&quot;&quot;,&quot;bottom&quot;:&quot;&quot;,&quot;left&quot;:&quot;&quot;,&quot;isLinked&quot;:true},&quot;element_pack_global_tooltip_padding_tablet&quot;:{&quot;unit&quot;:&quot;px&quot;,&quot;top&quot;:&quot;&quot;,&quot;right&quot;:&quot;&quot;,&quot;bottom&quot;:&quot;&quot;,&quot;left&quot;:&quot;&quot;,&quot;isLinked&quot;:true},&quot;element_pack_global_tooltip_padding_mobile&quot;:{&quot;unit&quot;:&quot;px&quot;,&quot;top&quot;:&quot;&quot;,&quot;right&quot;:&quot;&quot;,&quot;bottom&quot;:&quot;&quot;,&quot;left&quot;:&quot;&quot;,&quot;isLinked&quot;:true},&quot;element_pack_global_tooltip_border_radius&quot;:{&quot;unit&quot;:&quot;px&quot;,&quot;top&quot;:&quot;&quot;,&quot;right&quot;:&quot;&quot;,&quot;bottom&quot;:&quot;&quot;,&quot;left&quot;:&quot;&quot;,&quot;isLinked&quot;:true},&quot;element_pack_global_tooltip_border_radius_tablet&quot;:{&quot;unit&quot;:&quot;px&quot;,&quot;top&quot;:&quot;&quot;,&quot;right&quot;:&quot;&quot;,&quot;bottom&quot;:&quot;&quot;,&quot;left&quot;:&quot;&quot;,&quot;isLinked&quot;:true},&quot;element_pack_global_tooltip_border_radius_mobile&quot;:{&quot;unit&quot;:&quot;px&quot;,&quot;top&quot;:&quot;&quot;,&quot;right&quot;:&quot;&quot;,&quot;bottom&quot;:&quot;&quot;,&quot;left&quot;:&quot;&quot;,&quot;isLinked&quot;:true}}\" data-elementor-post-type=\"page\">\n\t\t\t\t\t\t<section class=\"elementor-section elementor-top-section elementor-element elementor-element-65e7c98 elementor-section-content-middle elementor-reverse-mobile animated-slow elementor-section-boxed elementor-section-height-default elementor-section-height-default\" data-id=\"65e7c98\" data-element_type=\"section\" data-e-type=\"section\" data-settings=\"{&quot;background_background&quot;:&quot;classic&quot;,&quot;animation&quot;:&quot;none&quot;}\">\n\t\t\t\t\t\t\t<div class=\"elementor-background-overlay\"><\/div>\n\t\t\t\t\t\t\t<div class=\"elementor-container elementor-column-gap-default\">\n\t\t\t\t\t<div class=\"elementor-column elementor-col-100 elementor-top-column elementor-element elementor-element-ddbeb27\" data-id=\"ddbeb27\" data-element_type=\"column\" data-e-type=\"column\" data-settings=\"{&quot;animation&quot;:&quot;none&quot;}\">\n\t\t\t<div class=\"elementor-widget-wrap elementor-element-populated\">\n\t\t\t\t\t\t<div class=\"elementor-element elementor-element-607c5bb elementor-widget__width-initial elementor-widget elementor-widget-heading\" data-id=\"607c5bb\" data-element_type=\"widget\" data-e-type=\"widget\" data-settings=\"{&quot;_animation&quot;:&quot;none&quot;,&quot;_animation_delay&quot;:500}\" data-widget_type=\"heading.default\">\n\t\t\t\t<div class=\"elementor-widget-container\">\n\t\t\t\t\t<h1 class=\"elementor-heading-title elementor-size-default\">CONDITIONS D'UTILISATION<\/h1>\t\t\t\t<\/div>\n\t\t\t\t<\/div>\n\t\t\t\t<div class=\"elementor-element elementor-element-97c2c65 elementor-widget-divider--view-line elementor-widget elementor-widget-divider\" data-id=\"97c2c65\" data-element_type=\"widget\" data-e-type=\"widget\" data-widget_type=\"divider.default\">\n\t\t\t\t<div class=\"elementor-widget-container\">\n\t\t\t\t\t\t\t<div class=\"elementor-divider\">\n\t\t\t<span class=\"elementor-divider-separator\">\n\t\t\t\t\t\t<\/span>\n\t\t<\/div>\n\t\t\t\t\t\t<\/div>\n\t\t\t\t<\/div>\n\t\t\t\t\t<\/div>\n\t\t<\/div>\n\t\t\t\t\t<\/div>\n\t\t<\/section>\n\t\t<div class=\"elementor-element elementor-element-e609a4a e-flex e-con-boxed e-con e-parent\" data-id=\"e609a4a\" data-element_type=\"container\" data-e-type=\"container\">\n\t\t\t\t\t<div class=\"e-con-inner\">\n\t\t<div class=\"elementor-element elementor-element-3298057 e-flex e-con-boxed e-con e-child\" data-id=\"3298057\" data-element_type=\"container\" data-e-type=\"container\">\n\t\t\t\t\t<div class=\"e-con-inner\">\n\t\t\t\t<div class=\"elementor-element elementor-element-0e4be90 elementor-widget elementor-widget-text-editor\" data-id=\"0e4be90\" data-element_type=\"widget\" data-e-type=\"widget\" data-widget_type=\"text-editor.default\">\n\t\t\t\t<div class=\"elementor-widget-container\">\n\t\t\t\t\t\t\t\t\t<p><strong>G\u00e9n\u00e9ralit\u00e9s<\/strong><\/p><p>Le pr\u00e9sent site Web et ses sous-sites (d\u00e9nomm\u00e9 le \u00ab Site \u00bb) sont publi\u00e9s et maintenus par Plate 2000 Inc. Votre utilisation du Site est assujettie \u00e0 une entente juridiquement contraignante entre vous et Plate 2000 Inc. (\u00ab l\u2019Entente \u00bb). En utilisant le Site, vous reconnaissez avoir lu, compris et accept\u00e9 les conditions g\u00e9n\u00e9rales et tous les documents connexes.<\/p><p><strong>License<\/strong><\/p><p>Sous r\u00e9serve des conditions g\u00e9n\u00e9rales \u00e9nonc\u00e9es dans la pr\u00e9sente Entente, Plate 2000 Inc. vous accorde un droit non exclusif, incessible et limit\u00e9 d\u2019acc\u00e9der \u00e0 ce Site et aux documents qu\u2019il contient, de les utiliser et de les afficher. Vous acceptez de ne pas interrompre ni tenter d\u2019interrompre le fonctionnement du Site de quelque fa\u00e7on que ce soit.<\/p><p>Plate 2000 Inc. vous autorise \u00e0 consulter et \u00e0 t\u00e9l\u00e9charger les renseignements ( les \u00ab Documents \u00bb ) sur le Site uniquement pour votre usage personnel et non commercial. Cette autorisation n\u2019est pas un transfert de titre des Documents et des copies des Documents et est assujettie aux restrictions suivantes : 1) Vous devez conserver, sur toutes les copies des Documents t\u00e9l\u00e9charg\u00e9s, tous les avis de droits d\u2019auteur et autres avis de propri\u00e9t\u00e9 intellectuelle contenus dans les Documents; 2) Vous ne pouvez modifier les Documents de quelque fa\u00e7on que ce soit, ni les reproduire ou les afficher publiquement, les ex\u00e9cuter, les distribuer, les utiliser ou les communiquer \u00e0 des fins publiques ou commerciales; 3) vous ne devez pas transf\u00e9rer les Documents \u00e0 une autre personne, \u00e0 moins que vous ne l\u2019informiez des obligations d\u00e9coulant des pr\u00e9sentes conditions g\u00e9n\u00e9rales et qu\u2019elle les accepte. Vous acceptez de vous conformer \u00e0 toutes les restrictions suppl\u00e9mentaires affich\u00e9es sur le Site, car elles peuvent \u00eatre mises \u00e0 jour de temps \u00e0 autre. Le pr\u00e9sent Site, y compris tous les Documents, est prot\u00e9g\u00e9 par les dispositions des lois et des trait\u00e9s relatives aux droits d\u2019auteur \u00e0 l\u2019\u00e9chelle mondiale. Vous convenez de vous conformer \u00e0 toutes les lois sur le droit d\u2019auteur dans le monde entier dans votre utilisation du pr\u00e9sent Site et d\u2019emp\u00eacher toute copie non autoris\u00e9e des Documents. Plate 2000 Inc. ne vous accorde aucun droit explicite ou implicite en vertu d\u2019un brevet, d\u2019une conception ou d\u2019un design, d\u2019une marque de commerce, d\u2019un droit d\u2019auteur ou d\u2019une l\u00e9gislation sur les secrets commerciaux.<\/p><p><strong>Garanties de l\u2019utilisateur<\/strong><\/p><p>Vous d\u00e9clarez et garantissez que vous utiliserez le Site conform\u00e9ment \u00e0 la pr\u00e9sente Entente, y compris les lois et les disposi- tions de la pr\u00e9sente Entente, et que vous vous conformerez \u00e0 toutes les politiques et r\u00e8gles existantes et futures du Site. Vous convenez de ne pas utiliser le Site pour : (a) transmettre des pourriels ou des communications non sollicit\u00e9es; (b) pr\u00e9tendre \u00eatre Plate 2000 Inc. ou une autre entit\u00e9 ou permettre \u00e0 un tiers de pr\u00e9tendre \u00eatre vous; (c) forger des ent\u00eates ou manipuler autrement des identificateurs afin de masquer l\u2019origine de tout contenu transmis par l\u2019interm\u00e9diaire du Site; (d) repr\u00e9sen- ter de fa\u00e7on inexacte votre affiliation avec une personne ou une entit\u00e9; (e) agir de mani\u00e8re \u00e0 nuire \u00e0 la capacit\u00e9 des autres utilisateurs d\u2019utiliser le Site; (f) participer \u00e0 des activit\u00e9s qui contreviennent aux lois applicables; (g) publier ou transmettre tout document qui viole ou enfreint d\u2019une quelconque fa\u00e7on les droits d\u2019autrui ou qui est ill\u00e9gal, abusif, diffamatoire, vulgaire ou autrement r\u00e9pr\u00e9hensible, ou qui contient de la publicit\u00e9 ou de la sollicitation \u00e0 l\u2019\u00e9gard de produits ou de services; ou (h) recueillir ou stocker des donn\u00e9es personnelles sur d\u2019autres utilisateurs, \u00e0 moins d\u2019autorisation expresse de ces utilisateurs.<\/p><p><strong>Confidentialit\u00e9<\/strong><\/p><p>Vous trouverez des renseignements sur les pratiques de Plate 2000 Inc. en mati\u00e8re de protection des renseignements personnels, sur la fa\u00e7on dont nous recueillons et traitons vos donn\u00e9es personnelles et sur la fa\u00e7on dont nous prot\u00e9geons votre vie priv\u00e9e dans la Politique de Confidentialit\u00e9 de Plate 2000 Inc.<\/p><p>En utilisant le pr\u00e9sent Site, vous acceptez que vos donn\u00e9es personnelles soient utilis\u00e9es conform\u00e9ment \u00e0 la Politique de confi- dentialit\u00e9 de Plate 2000 Inc.<\/p><p><strong>Modifications<\/strong><\/p><p>Plate 2000 Inc. se r\u00e9serve le droit, \u00e0 sa seule discr\u00e9tion, de changer, modifier, ajouter ou retirer toute portion de la pr\u00e9sente Entente, en tout ou en partie, \u00e0 tout moment et sans avis pr\u00e9alable. Les modifications apport\u00e9es \u00e0 la pr\u00e9sente Entente entrent en vigueur au moment de leur publication sur le Site. En continuant \u00e0 utiliser le Site apr\u00e8s la publication de modifications de la pr\u00e9sente Entente, vous les acceptez. Plate 2000 Inc. ne sera d\u2019aucune fa\u00e7on li\u00e9e par la pr\u00e9sente Entente et se r\u00e9serve la possibilit\u00e9 de faire valoir tous ses droits l\u00e9gaux en lien avec une telle non-conformit\u00e9.<\/p><p><strong>Droits de propri\u00e9t\u00e9 intellectuelle<\/strong><\/p><p>Vous reconnaissez et convenez que tous les droits de propri\u00e9t\u00e9 intellectuelle (y compris, mais sans s\u2019y limiter, les droits d\u2019au- teur, les brevets, le savoir-faire, les renseignements confidentiels, les droits de base de don\u00e9es et les droits aff\u00e9rents \u00e0 des marques de commerce ou \u00e0 des conceptions, qu\u2019elles soient enregistr\u00e9es ou non) sur le Site, sont acquis par Plate 2000 Inc. ou ses conc\u00e9dants de licence. Tous les droits de bonne volont\u00e9 et les droits de propri\u00e9t\u00e9 intellectuelle d\u00e9coulant de l\u2019utilisation de ces droits de propri\u00e9t\u00e9 intellectuelle acquis par Plate 2000 Inc. sont \u00e0 l\u2019avantage de Plate 2000 Inc.<\/p><p>Vous reconnaissez et convenez que vous n\u2019utiliserez pas, et rien dans la pr\u00e9sente. Entente ne vous autorise \u00e0 utiliser, les marques de commerce, les noms commerciaux, les marques de service, les marques de produis, les logos et les noms de domaine ou d\u2019autres caract\u00e9ristiques de marque distinctives de Plate 2000 Inc.<\/p><p>Veuillez noter que toute information, suggestion non sollicit\u00e9e, id\u00e9e ou autre soumission ne sera pas jug\u00e9e confidentielle et ne sera pas exclusive. En envoyant tout renseignement ou document, sauf dans une d\u00e9claration de renseignements sur les brevets d\u00e9crite dans la Politique de Plate 2000 Inc. concernant l\u2019examen d\u2019id\u00e9es non sollicit\u00e9es, vous accordez \u00e0 Plate 2000 Inc. une licence sans restriction, libre de redevances, irr\u00e9vocable et mondiale d\u2019utilisation, de reproduction, d\u2019affichage, d\u2019ex\u00e9cution, de modification, de transmission et de distribution de ces documents ou renseignements, et vous convenez \u00e9galement que Plate 2000 Inc. est libre d\u2019utiliser les id\u00e9es, les concepts, le savoir-faire ou les techniques que vous nous envoyez \u00e0 quelque fin que ce soit.<\/p><p><strong>Logiciel<\/strong><\/p><p>Tout logiciel pouvant \u00eatre t\u00e9l\u00e9charg\u00e9 \u00e0 partir de ce site Web (le \u00ab Logiciel \u00bb) est le travail prot\u00e9g\u00e9 par le droit d\u2019auteur de Plate 2000 Inc. et\/ou de ses fournisseurs.<\/p><p>L\u2019utilisation du Logiciel est r\u00e9gie par les conditions de la convention de licence de l\u2019utilisateur final, le cas \u00e9ch\u00e9ant, qui accompagne ou est incluse avec le Logiciel ( la \u00ab Convention de licence \u00bb ). Sauf disposition contraire dans la Convention de licence, le Logiciel peut \u00eatre t\u00e9l\u00e9charg\u00e9 afin d\u2019\u00eatre utilis\u00e9 par les utilisateurs finaux uniquement. Toute reproduction ou redistribution du Logiciel non conforme \u00e0 la Convention de licence peut entra\u00eener des sanctions civiles et criminelles.<\/p><p>SANS LIMITER CE QUI PR\u00c9C\u00c8DE, IL EST EXPRESS\u00c9MENT INTERDIT DE COPIER OU DE REPRODUIRE LE LOGICIEL SUR TOUT AUTRE SERVEUR OU EMPLACEMENT AUX FINS DE REPRODUCTION OU DE REDISTRIBUTION.<\/p><p>LE LOGICIEL EST GARANTI, LE CAS \u00c9CH\u00c9ANT, UNIQUEMENT SELON LES CONDITIONS DE LA CONVENTION DE LICENCE. SAUF DANS LA MESURE PR\u00c9VUE AU CONTRAT DE LICENCE, Plate 2000 Inc. REJETTE PAR LES PR\u00c9SENTES TOUTES LES GARANTIES ET CONDITIONS RELATIVES AU LOGICIEL, Y COMPRIS TOUTES LES GARANTIES ET CONDITIONS IMPLICITES DE QUALIT\u00c9 MARCHANDE, D\u2019ADAPTATION \u00c0 UN USAGE PARTICULIER, DE TITRE ET D\u2019ABSENCE DE CONTREFA\u00c7ON.<\/p><p><strong>Sites Web de tierces parties<\/strong><\/p><p>Pour votre commodit\u00e9, le Site peut comprendre des liens vers des sites Internet qui sont d\u00e9tenus, publi\u00e9s et tenus \u00e0 jour par des tiers. Plate 2000 Inc. ne s\u2019engage pas \u00e0 surveiller ou \u00e0 examiner le Contenu de ces sites tiers et Plate 2000 Inc. n\u2019est pas responsable de l\u2019exactitude ou de la fiabilit\u00e9 de tels sites Web tiers.<\/p><p><strong>Liens externes vers le Site<\/strong><\/p><p>Tous les liens menant au Site doivent \u00eatre approuv\u00e9s par \u00e9crit par Plate 2000 Inc., sauf si Plate 2000 Inc. consent \u00e0 des liens dans lesquels : (i) le lien est un lien en texte seulement qui contient uniquement le nom \u00ab Plate 2000 Inc. \u00bb et ne contient aucune marque de commerce de Plate 2000 Inc. ou de ses conc\u00e9dants de licence; (ii) le lien \u00ab pointe \u00bb seulement vers <a href=\"http:\/\/www\/\">www.<\/a> plate2000.com et non vers des pages plus profondes; (iii) le lien, lorsqu\u2019il est activ\u00e9 par un utilisateur, affiche cette page en plein \u00e9cran dans une fen\u00eatre de navigateur enti\u00e8rement fonctionnelle et navigable, et non dans un \u00ab cadre \u00bb du site Web li\u00e9; et (iv) l\u2019apparence, la position et les autres aspects du lien ne peuvent pas donner l\u2019apparence fausse qu\u2019une entit\u00e9 ou ses activit\u00e9s ou produits sont associ\u00e9s ou commandit\u00e9s par Plate 2000 Inc., ni endommager ou diluer la r\u00e9putation commerciale associ\u00e9e au nom et aux marques de commerce de Plate 2000 Inc. ou de ses Soci\u00e9t\u00e9s affili\u00e9es. Plate 2000 Inc. se r\u00e9serve le droit de r\u00e9voquer ce consentement en mati\u00e8re de liens \u00e0 tout moment et \u00e0 sa seule discr\u00e9tion.<\/p><p><strong>Exclusion des garanties implicites<\/strong><\/p><p>Bien que Plate 2000 Inc. ait fait preuve de prudence pour assurer l\u2019exactitude des renseignements sur le Site et sa disponibilit\u00e9 continue, Plate 2000 Inc. n\u2019assume aucune responsabilit\u00e9 en la mati\u00e8re.<\/p><p>LES DOCUMENTS PEUVENT CONTENIR DES INEXACTITUDES ET DES ERREURS TYPOGRAPHIQUES. Plate 2000 Inc. NE GARANTIT PAS L\u2019EXACTITUDE OU L\u2019EXHAUSTIVIT\u00c9 DES DOCUMENTS NI LA FIABILIT\u00c9 DES CONSEILS, OPINIONS, D\u00c9CLARATIONS OU AUTRES RENSEI- GNEMENTS AFFICH\u00c9S OU DISTRIBU\u00c9S PAR L\u2019INTERM\u00c9DIAIRE DU SITE. VOUS RECONNAISSEZ QUE TOUTE CONFIANCE EN DE TELS AVIS, OPINIONS, D\u00c9CLARATIONS, NOTES DE SERVICE OU RENSEIGNEMENTS SERA \u00c0 VOTRE SEUL RISQUE. TOUT LE CONTENU EST FOURNI \u00ab EN L\u2019\u00c9TAT \u00bb ET \u00ab TEL QUE DISPONIBLE \u00bb. Plate 2000 Inc. REJETTE EXPRESS\u00c9MENT TOUTE D\u00c9CLARATION OU GARANTIE DE QUELQUE NATURE QUE CE SOIT, EXPLICITE OU IMPLICITE, Y COMPRIS, SANS S\u2019Y LIMITER, LES GARANTIES DE QUALIT\u00c9 MARCHANDE OU D\u2019ADAPTATION \u00c0 UN USAGE PARTICULIER, D\u2019ABSENCE DE CONTREFA\u00c7ON OU D\u2019UTILISATION DE CE SITE OU DU CONTENU. Plate 2000 Inc. NE GARANTIT PAS ET NE FAIT AUCUNE D\u00c9CLARATION QUANT \u00c0 LA S\u00c9CURIT\u00c9 DE CE SITE WEB. VOUS RECONNAISSEZ QUE TOUTE INFORMATION ENVOY\u00c9E PEUT \u00caTRE INTERCEPT\u00c9E. Plate 2000 Inc. NE GARANTIT PAS QUE LE SITE WEB OU LES SERVEURS QUI RENDENT CE SITE ACCESSIBLE OU LES COMMUNICATIONS \u00c9LECTRONIQUES ENVOY\u00c9ES PAR Plate 2000 Inc. SONT EXEMPTS DE VIRUS OU D\u2019AUTRES \u00c9L\u00c9MENTS NUISIBLES. TOUTES CES D\u00c9CLARATIONS, GARANTIES ET CONDITIONS SONT EXCLUES, SAUF DANS LA MESURE O\u00d9 LA LOI INTERDIT LEUR EXCLUSION. LA PR\u00c9SENTE EXCLUSION DES GARANTIES IMPLICITES S\u2019APPLIQUE \u00c9GALEMENT \u00c0 TOUT SITE DE TIERS.<\/p><p>Les renseignements publi\u00e9s sur le site Web peuvent contenir des r\u00e9f\u00e9rences ou des renvois \u00e0 des produits, des services, etc. de Plate 2000 Inc. qui ne sont pas annonc\u00e9s ou offerts dans votre pays. L\u2019exactitude de ces renseignements ne peut pas \u00eatre garantie, surtout que ces renseignements peuvent \u00eatre modifi\u00e9s; et des exigences ou des disponibilit\u00e9s pr\u00e9cises ainsi que ces r\u00e9f\u00e9rences ne signifient pas que Plate 2000 Inc. a l\u2019intention d\u2019annoncer le lancement de tels produits, services, etc. dans votre pays. Communiquez avec votre concessionnaire local pour obtenir tous les d\u00e9tails sur les produits, les services, etc., qui peuvent vous \u00eatre offerts et que vous pouvez commander. Plate 2000 Inc. se r\u00e9serve le droit, \u00e0 sa seule discr\u00e9tion, de modifier, d\u2019ajouter ou de retirer tout produit, service, etc. en tout temps et sans pr\u00e9avis.<\/p><p><strong>Limitation de responsabilit\u00e9<\/strong><\/p><p>EN AUCUN CAS Plate 2000 Inc. NE SERA TENUE RESPONSABLE DES DOMMAGES DIRECTS, INDIRECTS, CONS\u00c9CUTIFS, PUNITIFS, PARTICU- LIERS OU ACCESSOIRES (Y COMPRIS, SANS S\u2019Y LIMITER, LES DOMMAGES CAUS\u00c9S PAR LA PERTE D\u2019AFFAIRES, DE CONTRATS, DE REVENUS, DE DONN\u00c9ES OU D\u2019INFORMATION OU UNE INTERRUPTION DES ACTIVIT\u00c9S) D\u00c9COULANT DE L\u2019UTILISATION DE CE SITE OU LE CONTENU OU DE L\u2019INCAPACIT\u00c9 D\u2019UTILISER CE SITE OU LE CONTENU, OU HORS OU EN LIEN AVEC LES PR\u00c9SENTES CONDITIONS, M\u00caME SI Plate 2000 Inc. A \u00c9T\u00c9 AVIS\u00c9E DE LA POSSIBILIT\u00c9 DE TELS DOMMAGES. EN PLUS DES CONDITIONS \u00c9NONC\u00c9ES AUX PR\u00c9SENTES, Plate 2000 Inc. NE POURRA EN AUCUN CAS \u00caTRE TENUE RESPONSABLE DE TOUTE ERREUR, INEXACTITUDE, OMISSION OU D\u2019UN AUTRE D\u00c9FAUT, OU DE TOUT \u00c9L\u00c9MENT D\u2019INFORMATION INEXACT OU P\u00c9RIM\u00c9 CONTENU DANS CE SITE. CETTE LIMITATION DE RESPONSABILIT\u00c9 S\u2019APPLIQUE \u00c9GALEMENT \u00c0 TOUT SITE DE TIERS.<\/p><p><strong>D\u00e9claration de comp\u00e9tence<\/strong><\/p><p>Ce Site est contr\u00f4l\u00e9, exploit\u00e9 et administr\u00e9 par Plate 2000 Inc. \u00e0 partir de ses bureaux au Canada (Si\u00e9ge social: 1239, Rte B\u00e9gin, St-Anselme, Qu\u00e9bec, Canada). Plate 2000 Inc. rejette toute d\u00e9claration quant \u00e0 la disponibilit\u00e9 et \u00e0 l\u2019ad\u00e9quation des documents sur ce Site \u00e0 d\u2019autres endroits \u00e0 l\u2019ext\u00e9rieur du Canada. Il est interdit d\u2019acc\u00e9der au Site \u00e0 partir de territoires o\u00f9 le contenu du Site est ill\u00e9gal. Si vous acc\u00e9dez \u00e0 ce Site \u00e0 partir d\u2019un endroit \u00e0 l\u2019ext\u00e9rieur du Canada vous \u00eates responsable de vous conformer \u00e0 toutes les lois locales. Les pr\u00e9sentes conditions sont r\u00e9gies par les lois de la province ou de l\u2019\u00c9tat du Qu\u00e9bec ou du Canada qui s\u2019y appliquent. De plus, tout recours l\u00e9gal contre Plate 2000 doit \u00eatre port\u00e9 devant le district judiciaire dans lequel se trouve la ville de St-Anselme.<\/p>\t\t\t\t\t\t\t\t<\/div>\n\t\t\t\t<\/div>\n\t\t\t\t\t<\/div>\n\t\t\t\t<\/div>\n\t\t\t\t\t<\/div>\n\t\t\t\t<\/div>\n\t\t\t\t<\/div>\n\t\t","protected":false},"excerpt":{"rendered":"<p>CONDITIONS D&#8217;UTILISATION G\u00e9n\u00e9ralit\u00e9s Le pr\u00e9sent site Web et ses sous-sites (d\u00e9nomm\u00e9 le \u00ab Site \u00bb) sont publi\u00e9s et maintenus par Plate 2000 Inc. Votre utilisation du Site est assujettie \u00e0 une entente juridiquement contraignante entre vous et Plate 2000 Inc. (\u00ab l\u2019Entente \u00bb). En utilisant le Site, vous reconnaissez avoir lu, compris et accept\u00e9 les [&hellip;]<\/p>\n","protected":false},"author":2,"featured_media":0,"parent":0,"menu_order":0,"comment_status":"closed","ping_status":"closed","template":"","meta":{"_acf_changed":false,"footnotes":""},"class_list":["post-16857","page","type-page","status-publish","hentry"],"acf":[],"aioseo_notices":[],"_links":{"self":[{"href":"https:\/\/plate2000.com\/fr\/wp-json\/wp\/v2\/pages\/16857","targetHints":{"allow":["GET"]}}],"collection":[{"href":"https:\/\/plate2000.com\/fr\/wp-json\/wp\/v2\/pages"}],"about":[{"href":"https:\/\/plate2000.com\/fr\/wp-json\/wp\/v2\/types\/page"}],"author":[{"embeddable":true,"href":"https:\/\/plate2000.com\/fr\/wp-json\/wp\/v2\/users\/2"}],"replies":[{"embeddable":true,"href":"https:\/\/plate2000.com\/fr\/wp-json\/wp\/v2\/comments?post=16857"}],"version-history":[{"count":0,"href":"https:\/\/plate2000.com\/fr\/wp-json\/wp\/v2\/pages\/16857\/revisions"}],"wp:attachment":[{"href":"https:\/\/plate2000.com\/fr\/wp-json\/wp\/v2\/media?parent=16857"}],"curies":[{"name":"wp","href":"https:\/\/api.w.org\/{rel}","templated":true}]}}