{"id":16858,"date":"2023-12-16T03:23:31","date_gmt":"2023-12-16T03:23:31","guid":{"rendered":"https:\/\/plate2000.com\/my-account\/"},"modified":"2023-12-26T04:05:12","modified_gmt":"2023-12-26T04:05:12","slug":"my-account","status":"publish","type":"page","link":"https:\/\/plate2000.com\/fr\/my-account\/","title":{"rendered":"Mon compte"},"content":{"rendered":"\t\t<div data-elementor-type=\"wp-page\" data-elementor-id=\"16858\" class=\"elementor elementor-16858 elementor-16283\" data-elementor-settings=\"{&quot;element_pack_global_tooltip_width&quot;:{&quot;unit&quot;:&quot;px&quot;,&quot;size&quot;:&quot;&quot;,&quot;sizes&quot;:[]},&quot;element_pack_global_tooltip_width_tablet&quot;:{&quot;unit&quot;:&quot;px&quot;,&quot;size&quot;:&quot;&quot;,&quot;sizes&quot;:[]},&quot;element_pack_global_tooltip_width_mobile&quot;:{&quot;unit&quot;:&quot;px&quot;,&quot;size&quot;:&quot;&quot;,&quot;sizes&quot;:[]},&quot;element_pack_global_tooltip_padding&quot;:{&quot;unit&quot;:&quot;px&quot;,&quot;top&quot;:&quot;&quot;,&quot;right&quot;:&quot;&quot;,&quot;bottom&quot;:&quot;&quot;,&quot;left&quot;:&quot;&quot;,&quot;isLinked&quot;:true},&quot;element_pack_global_tooltip_padding_tablet&quot;:{&quot;unit&quot;:&quot;px&quot;,&quot;top&quot;:&quot;&quot;,&quot;right&quot;:&quot;&quot;,&quot;bottom&quot;:&quot;&quot;,&quot;left&quot;:&quot;&quot;,&quot;isLinked&quot;:true},&quot;element_pack_global_tooltip_padding_mobile&quot;:{&quot;unit&quot;:&quot;px&quot;,&quot;top&quot;:&quot;&quot;,&quot;right&quot;:&quot;&quot;,&quot;bottom&quot;:&quot;&quot;,&quot;left&quot;:&quot;&quot;,&quot;isLinked&quot;:true},&quot;element_pack_global_tooltip_border_radius&quot;:{&quot;unit&quot;:&quot;px&quot;,&quot;top&quot;:&quot;&quot;,&quot;right&quot;:&quot;&quot;,&quot;bottom&quot;:&quot;&quot;,&quot;left&quot;:&quot;&quot;,&quot;isLinked&quot;:true},&quot;element_pack_global_tooltip_border_radius_tablet&quot;:{&quot;unit&quot;:&quot;px&quot;,&quot;top&quot;:&quot;&quot;,&quot;right&quot;:&quot;&quot;,&quot;bottom&quot;:&quot;&quot;,&quot;left&quot;:&quot;&quot;,&quot;isLinked&quot;:true},&quot;element_pack_global_tooltip_border_radius_mobile&quot;:{&quot;unit&quot;:&quot;px&quot;,&quot;top&quot;:&quot;&quot;,&quot;right&quot;:&quot;&quot;,&quot;bottom&quot;:&quot;&quot;,&quot;left&quot;:&quot;&quot;,&quot;isLinked&quot;:true}}\" data-elementor-post-type=\"page\">\n\t\t\t\t\t\t<section class=\"elementor-section elementor-top-section elementor-element elementor-element-f15b8d4 elementor-section-content-middle elementor-reverse-mobile animated-slow elementor-section-boxed elementor-section-height-default elementor-section-height-default\" data-id=\"f15b8d4\" data-element_type=\"section\" data-e-type=\"section\" data-settings=\"{&quot;background_background&quot;:&quot;classic&quot;,&quot;animation&quot;:&quot;none&quot;}\">\n\t\t\t\t\t\t\t<div class=\"elementor-background-overlay\"><\/div>\n\t\t\t\t\t\t\t<div class=\"elementor-container elementor-column-gap-default\">\n\t\t\t\t\t<div class=\"elementor-column elementor-col-100 elementor-top-column elementor-element elementor-element-cfb6589\" data-id=\"cfb6589\" data-element_type=\"column\" data-e-type=\"column\" data-settings=\"{&quot;animation&quot;:&quot;none&quot;}\">\n\t\t\t<div class=\"elementor-widget-wrap elementor-element-populated\">\n\t\t\t\t\t\t<div class=\"elementor-element elementor-element-0f5e986 elementor-widget-tablet__width-initial elementor-widget elementor-widget-heading\" data-id=\"0f5e986\" data-element_type=\"widget\" data-e-type=\"widget\" data-settings=\"{&quot;_animation&quot;:&quot;none&quot;,&quot;_animation_delay&quot;:500}\" data-widget_type=\"heading.default\">\n\t\t\t\t<div class=\"elementor-widget-container\">\n\t\t\t\t\t<h1 class=\"elementor-heading-title elementor-size-default\">CONNEXION<\/h1>\t\t\t\t<\/div>\n\t\t\t\t<\/div>\n\t\t\t\t<div class=\"elementor-element elementor-element-6a05ff5 elementor-widget-divider--view-line elementor-widget elementor-widget-divider\" data-id=\"6a05ff5\" data-element_type=\"widget\" data-e-type=\"widget\" data-widget_type=\"divider.default\">\n\t\t\t\t<div class=\"elementor-widget-container\">\n\t\t\t\t\t\t\t<div class=\"elementor-divider\">\n\t\t\t<span class=\"elementor-divider-separator\">\n\t\t\t\t\t\t<\/span>\n\t\t<\/div>\n\t\t\t\t\t\t<\/div>\n\t\t\t\t<\/div>\n\t\t\t\t<div class=\"elementor-element elementor-element-f651472 elementor-widget-tablet__width-initial elementor-widget__width-initial elementor-widget elementor-widget-text-editor\" data-id=\"f651472\" data-element_type=\"widget\" data-e-type=\"widget\" data-widget_type=\"text-editor.default\">\n\t\t\t\t<div class=\"elementor-widget-container\">\n\t\t\t\t\t\t\t\t\t<p>Connectez-vous ici avec les informations transmises par l\u2019\u00e9quipe de Plate 2000.<\/p>\n\t\t\t\t\t\t\t\t<\/div>\n\t\t\t\t<\/div>\n\t\t\t\t\t<\/div>\n\t\t<\/div>\n\t\t\t\t\t<\/div>\n\t\t<\/section>\n\t\t<div class=\"elementor-element elementor-element-e6848af e-flex e-con-boxed e-con e-parent\" data-id=\"e6848af\" data-element_type=\"container\" data-e-type=\"container\">\n\t\t\t\t\t<div class=\"e-con-inner\">\n\t\t<div class=\"elementor-element elementor-element-5dc93b8 e-flex e-con-boxed e-con e-child\" data-id=\"5dc93b8\" data-element_type=\"container\" data-e-type=\"container\">\n\t\t\t\t\t<div class=\"e-con-inner\">\n\t\t<div class=\"elementor-element elementor-element-2f71041 e-flex e-con-boxed e-con e-child\" data-id=\"2f71041\" data-element_type=\"container\" data-e-type=\"container\">\n\t\t\t\t\t<div class=\"e-con-inner\">\n\t\t<div class=\"elementor-element elementor-element-72dd440 e-con-full e-flex e-con e-child\" data-id=\"72dd440\" data-element_type=\"container\" data-e-type=\"container\">\n\t\t\t\t<div class=\"elementor-element elementor-element-2fcd84e elementor-widget elementor-widget-text-editor\" data-id=\"2fcd84e\" data-element_type=\"widget\" data-e-type=\"widget\" data-widget_type=\"text-editor.default\">\n\t\t\t\t<div class=\"elementor-widget-container\">\n\t\t\t\t\t\t\t\t\t<p>Si vous souhaitez rejoindre notre r\u00e9seau de distributeurs ou trouver un distributeur pr\u00e8s de chez vous ?<\/p>\n\t\t\t\t\t\t\t\t<\/div>\n\t\t\t\t<\/div>\n\t\t\t\t<div class=\"elementor-element elementor-element-acab6fe elementor-widget elementor-widget-button\" data-id=\"acab6fe\" data-element_type=\"widget\" data-e-type=\"widget\" data-widget_type=\"button.default\">\n\t\t\t\t<div class=\"elementor-widget-container\">\n\t\t\t\t\t\t\t\t\t<div class=\"elementor-button-wrapper\">\n\t\t\t\t\t<a class=\"elementor-button elementor-button-link elementor-size-sm elementor-animation-hang\" href=\"mailto:sales@plate2000.com\">\n\t\t\t\t\t\t<span class=\"elementor-button-content-wrapper\">\n\t\t\t\t\t\t\t\t\t<span class=\"elementor-button-text\">Contactez-nous par courriel<\/span>\n\t\t\t\t\t<\/span>\n\t\t\t\t\t<\/a>\n\t\t\t\t<\/div>\n\t\t\t\t\t\t\t\t<\/div>\n\t\t\t\t<\/div>\n\t\t\t\t<div class=\"elementor-element elementor-element-164f4b2 elementor-widget elementor-widget-text-editor\" data-id=\"164f4b2\" data-element_type=\"widget\" data-e-type=\"widget\" data-widget_type=\"text-editor.default\">\n\t\t\t\t<div class=\"elementor-widget-container\">\n\t\t\t\t\t\t\t\t\t<p>Ou en nous contactant au:<br><a href=\"tel:+14182090085\">+ 1- 418 209-0085<\/a><\/p>\n\t\t\t\t\t\t\t\t<\/div>\n\t\t\t\t<\/div>\n\t\t\t\t<\/div>\n\t\t<div class=\"elementor-element elementor-element-1ecc5f4 e-con-full e-flex e-con e-child\" data-id=\"1ecc5f4\" data-element_type=\"container\" data-e-type=\"container\" data-settings=\"{&quot;background_background&quot;:&quot;classic&quot;}\">\n\t\t\t\t<div class=\"elementor-element elementor-element-c8aa958 bdt-show-recaptcha-badge-yes elementor-widget elementor-widget-bdt-user-login\" data-id=\"c8aa958\" data-element_type=\"widget\" data-e-type=\"widget\" data-widget_type=\"bdt-user-login.default\">\n\t\t\t\t<div class=\"elementor-widget-container\">\n\t\t\t\t\t\t\t<div class=\"bdt-user-login bdt-user-login-skin-default\">\n\t\t\t<div class=\"elementor-form-fields-wrapper\">\n\n\t\t\t\t\t\t<form id=\"bdt-user-loginc8aa958\" class=\"bdt-user-login-form bdt-form-stacked bdt-width-1-1\" method=\"post\">\n\t\t\t<input type=\"hidden\" name=\"action\" value=\"element_pack_ajax_login\">\n\t\t\t\t\t\t<input type=\"hidden\" class=\"widget_id\" name=\"widget_id\" value=\"c8aa958\" \/>\n\t\t\t<input type=\"hidden\" class=\"page_id\" name=\"page_id\" value=\"16858\" \/>\n\t\t\t<input type=\"hidden\" name=\"redirect_after_login\" value=\"\/distributor-portal\" class=\"redirect_after_login\" \/>\n\t\t\t<div class=\"bdt-user-login-status\"><\/div>\n\t\t\t<div class=\"bdt-field-group bdt-width-1-1 elementor-field-required\">\n\t\t\t\t\t\t\t\t\t<label for=\"userc8aa958\" class=\"bdt-form-label\">\n\t\t\t\t\t\tNom d'utilisateur ou courriel\t\t\t\t\t<\/label>\n\t\t\t\t\t<div class=\"bdt-form-controls\"><input type=\"text\" name=\"user_login\" id=\"userc8aa958\" placeholder=\"Nom d&#039;utilisateur ou courriel\" class=\"bdt-input bdt-form-default\" required><\/div>\t\t\t<\/div>\n\n\t\t\t<div class=\"bdt-field-group bdt-width-1-1 elementor-field-required\">\n\t\t\t\t\n\t\t\t\t\t<label for=\"passwordc8aa958\" class=\"bdt-form-label\">\n\t\t\t\t\t\tMot de passe\t\t\t\t\t<\/label>\n\n\t\t\t\t\t<div class=\"bdt-form-controls bdt-pass-input-wrapper\"><input type=\"password\" name=\"user_password\" id=\"passwordc8aa958\" placeholder=\"Mot de passe\" class=\"bdt-input bdt-form-default\" required><div class=\"bdt-toggle-pass-wrapper\"><i class=\"ep-icon-eye\"><\/i><\/div><\/div>\t\t\t<\/div>\n\n\t\t\t\t\t\t\t<div class=\"bdt-field-group bdt-remember-me\">\n\t\t\t\t\t<label for=\"remember-me-c8aa958\" class=\"bdt-form-label\">\n\t\t\t\t\t\t<input type=\"checkbox\" id=\"remember-me-c8aa958\" class=\"bdt-checkbox\" name=\"rememberme\" value=\"forever\">\n\t\t\t\t\t\t\t\t\t\t\t\t\tSe souvenir de moi\t\t\t\t\t\t\t\t\t\t\t\t<\/label>\n\t\t\t\t<\/div>\n\t\t\t\t\n\t\t\t<div class=\"elementor-field-type-submit bdt-field-group bdt-flex\">\n\t\t\t\t<button type=\"submit\" class=\"elementor-animation-hang elementor-button bdt-button bdt-button-primary\" name=\"wp-submit\">\n\t\t\t\t\t\t\t\t\t\t\t<span>\n\t\t\t\t\t\t\tCONNEXION\t\t\t\t\t\t<\/span>\n\t\t\t\t\t\t\t\t\t\t<\/button>\n\t\t\t<\/div>\n\n\t\t\t\n\t\t\t<input type=\"hidden\" id=\"bdt-user-login-sc\" name=\"bdt-user-login-sc\" value=\"1ea1b07aec\" \/><input type=\"hidden\" name=\"_wp_http_referer\" value=\"\/fr\/wp-json\/wp\/v2\/pages\/16858\" \/>\n\t\t<\/form>\n\t\t\n\t\t\t\t\t\t\n\t\t\n\t\t\t<\/div>\n\t\t<\/div>\n\n\t\t\t\t\t\t<\/div>\n\t\t\t\t<\/div>\n\t\t\t\t<\/div>\n\t\t\t\t\t<\/div>\n\t\t\t\t<\/div>\n\t\t\t\t\t<\/div>\n\t\t\t\t<\/div>\n\t\t\t\t\t<\/div>\n\t\t\t\t<\/div>\n\t\t\t\t<\/div>\n\t\t","protected":false},"excerpt":{"rendered":"<p>CONNEXION Connectez-vous ici avec les informations transmises par l\u2019\u00e9quipe de Plate 2000. Si vous souhaitez rejoindre notre r\u00e9seau de distributeurs ou trouver un distributeur pr\u00e8s de chez vous ? Contactez-nous par courriel Ou en nous contactant au:+ 1- 418 209-0085 Hey, plate2000@ Website: https:\/\/plate2000.com Description: Logout<\/p>\n","protected":false},"author":2,"featured_media":0,"parent":0,"menu_order":0,"comment_status":"closed","ping_status":"closed","template":"","meta":{"_acf_changed":false,"footnotes":""},"class_list":["post-16858","page","type-page","status-publish","hentry"],"acf":[],"aioseo_notices":[],"_links":{"self":[{"href":"https:\/\/plate2000.com\/fr\/wp-json\/wp\/v2\/pages\/16858","targetHints":{"allow":["GET"]}}],"collection":[{"href":"https:\/\/plate2000.com\/fr\/wp-json\/wp\/v2\/pages"}],"about":[{"href":"https:\/\/plate2000.com\/fr\/wp-json\/wp\/v2\/types\/page"}],"author":[{"embeddable":true,"href":"https:\/\/plate2000.com\/fr\/wp-json\/wp\/v2\/users\/2"}],"replies":[{"embeddable":true,"href":"https:\/\/plate2000.com\/fr\/wp-json\/wp\/v2\/comments?post=16858"}],"version-history":[{"count":0,"href":"https:\/\/plate2000.com\/fr\/wp-json\/wp\/v2\/pages\/16858\/revisions"}],"wp:attachment":[{"href":"https:\/\/plate2000.com\/fr\/wp-json\/wp\/v2\/media?parent=16858"}],"curies":[{"name":"wp","href":"https:\/\/api.w.org\/{rel}","templated":true}]}}