{"id":16871,"date":"2023-12-15T22:29:59","date_gmt":"2023-12-15T22:29:59","guid":{"rendered":"https:\/\/plate2000.com\/privacy-policy\/"},"modified":"2026-01-28T21:50:37","modified_gmt":"2026-01-28T21:50:37","slug":"privacy-policy","status":"publish","type":"page","link":"https:\/\/plate2000.com\/fr\/privacy-policy\/","title":{"rendered":"Politique de confidentialit\u00e9"},"content":{"rendered":"\t\t<div data-elementor-type=\"wp-page\" data-elementor-id=\"16871\" class=\"elementor elementor-16871 elementor-3\" data-elementor-settings=\"{&quot;element_pack_global_tooltip_width&quot;:{&quot;unit&quot;:&quot;px&quot;,&quot;size&quot;:&quot;&quot;,&quot;sizes&quot;:[]},&quot;element_pack_global_tooltip_width_tablet&quot;:{&quot;unit&quot;:&quot;px&quot;,&quot;size&quot;:&quot;&quot;,&quot;sizes&quot;:[]},&quot;element_pack_global_tooltip_width_mobile&quot;:{&quot;unit&quot;:&quot;px&quot;,&quot;size&quot;:&quot;&quot;,&quot;sizes&quot;:[]},&quot;element_pack_global_tooltip_padding&quot;:{&quot;unit&quot;:&quot;px&quot;,&quot;top&quot;:&quot;&quot;,&quot;right&quot;:&quot;&quot;,&quot;bottom&quot;:&quot;&quot;,&quot;left&quot;:&quot;&quot;,&quot;isLinked&quot;:true},&quot;element_pack_global_tooltip_padding_tablet&quot;:{&quot;unit&quot;:&quot;px&quot;,&quot;top&quot;:&quot;&quot;,&quot;right&quot;:&quot;&quot;,&quot;bottom&quot;:&quot;&quot;,&quot;left&quot;:&quot;&quot;,&quot;isLinked&quot;:true},&quot;element_pack_global_tooltip_padding_mobile&quot;:{&quot;unit&quot;:&quot;px&quot;,&quot;top&quot;:&quot;&quot;,&quot;right&quot;:&quot;&quot;,&quot;bottom&quot;:&quot;&quot;,&quot;left&quot;:&quot;&quot;,&quot;isLinked&quot;:true},&quot;element_pack_global_tooltip_border_radius&quot;:{&quot;unit&quot;:&quot;px&quot;,&quot;top&quot;:&quot;&quot;,&quot;right&quot;:&quot;&quot;,&quot;bottom&quot;:&quot;&quot;,&quot;left&quot;:&quot;&quot;,&quot;isLinked&quot;:true},&quot;element_pack_global_tooltip_border_radius_tablet&quot;:{&quot;unit&quot;:&quot;px&quot;,&quot;top&quot;:&quot;&quot;,&quot;right&quot;:&quot;&quot;,&quot;bottom&quot;:&quot;&quot;,&quot;left&quot;:&quot;&quot;,&quot;isLinked&quot;:true},&quot;element_pack_global_tooltip_border_radius_mobile&quot;:{&quot;unit&quot;:&quot;px&quot;,&quot;top&quot;:&quot;&quot;,&quot;right&quot;:&quot;&quot;,&quot;bottom&quot;:&quot;&quot;,&quot;left&quot;:&quot;&quot;,&quot;isLinked&quot;:true}}\" data-elementor-post-type=\"page\">\n\t\t\t\t\t\t<section class=\"elementor-section elementor-top-section elementor-element elementor-element-b026bed elementor-section-content-middle elementor-reverse-mobile animated-slow elementor-section-boxed elementor-section-height-default elementor-section-height-default\" data-id=\"b026bed\" data-element_type=\"section\" data-e-type=\"section\" data-settings=\"{&quot;background_background&quot;:&quot;classic&quot;,&quot;animation&quot;:&quot;none&quot;}\">\n\t\t\t\t\t\t\t<div class=\"elementor-background-overlay\"><\/div>\n\t\t\t\t\t\t\t<div class=\"elementor-container elementor-column-gap-default\">\n\t\t\t\t\t<div class=\"elementor-column elementor-col-100 elementor-top-column elementor-element elementor-element-fdec120\" data-id=\"fdec120\" data-element_type=\"column\" data-e-type=\"column\" data-settings=\"{&quot;animation&quot;:&quot;none&quot;}\">\n\t\t\t<div class=\"elementor-widget-wrap elementor-element-populated\">\n\t\t\t\t\t\t<div class=\"elementor-element elementor-element-7a412a6 elementor-widget__width-initial elementor-widget elementor-widget-heading\" data-id=\"7a412a6\" data-element_type=\"widget\" data-e-type=\"widget\" data-settings=\"{&quot;_animation&quot;:&quot;none&quot;,&quot;_animation_delay&quot;:500}\" data-widget_type=\"heading.default\">\n\t\t\t\t<div class=\"elementor-widget-container\">\n\t\t\t\t\t<h1 class=\"elementor-heading-title elementor-size-default\">POLITIQUE DE CONFIDENTIALIT\u00c9<\/h1>\t\t\t\t<\/div>\n\t\t\t\t<\/div>\n\t\t\t\t<div class=\"elementor-element elementor-element-5c3dc9b elementor-widget-divider--view-line elementor-widget elementor-widget-divider\" data-id=\"5c3dc9b\" data-element_type=\"widget\" data-e-type=\"widget\" data-widget_type=\"divider.default\">\n\t\t\t\t<div class=\"elementor-widget-container\">\n\t\t\t\t\t\t\t<div class=\"elementor-divider\">\n\t\t\t<span class=\"elementor-divider-separator\">\n\t\t\t\t\t\t<\/span>\n\t\t<\/div>\n\t\t\t\t\t\t<\/div>\n\t\t\t\t<\/div>\n\t\t\t\t\t<\/div>\n\t\t<\/div>\n\t\t\t\t\t<\/div>\n\t\t<\/section>\n\t\t\t\t<section class=\"elementor-section elementor-top-section elementor-element elementor-element-e7fef86 elementor-section-boxed elementor-section-height-default elementor-section-height-default\" data-id=\"e7fef86\" data-element_type=\"section\" data-e-type=\"section\">\n\t\t\t\t\t\t<div class=\"elementor-container elementor-column-gap-default\">\n\t\t\t\t\t<div class=\"elementor-column elementor-col-100 elementor-top-column elementor-element elementor-element-8281238\" data-id=\"8281238\" data-element_type=\"column\" data-e-type=\"column\">\n\t\t\t<div class=\"elementor-widget-wrap elementor-element-populated\">\n\t\t\t\t\t\t<div class=\"elementor-element elementor-element-5607906 elementor-widget elementor-widget-text-editor\" data-id=\"5607906\" data-element_type=\"widget\" data-e-type=\"widget\" data-widget_type=\"text-editor.default\">\n\t\t\t\t<div class=\"elementor-widget-container\">\n\t\t\t\t\t\t\t\t\t<p>Plate 2000 Inc. appr\u00e9cie votre int\u00e9r\u00eat pour la soci\u00e9t\u00e9, ses produits et ses services. Nous vous encourageons vivement \u00e0 lire attentivement cette Politique de confidentialit\u00e9 avant d\u2019utiliser ce site Web et tout site secondaire, les Applications\/Apps ou nos produits et services, (ci-apr\u00e8s d\u00e9nomm\u00e9s le \u00abSite\u00bb).<\/p><p>Cette Politique de confidentialit\u00e9 pr\u00e9cise quel type d\u2019informations Plate 2000 Inc., ou des tiers agissant au nom de Plate 2000 Inc., collecte sur ce Site et quelles mesures sont prises pour prot\u00e9ger vos informations personnelles. Si vous n\u2019acceptez pas la Politique de confidentialit\u00e9, vous ne pouvez pas utiliser le Site. Cette Politique de confidentialit\u00e9 peut changer de temps \u00e0 autre, alors veuillez v\u00e9rifier r\u00e9guli\u00e8rement.<\/p><p>Cette Politique de confidentialit\u00e9 d\u00e9crit les types d\u2019informations que nous pouvons collecter aupr\u00e8s de vous ou que vous pouvez fournir lorsque vous visitez notre site Web, y compris des informations personnelles (telles que d\u00e9finies ci-dessous), ainsi que nos pratiques de collecte, d\u2019utilisation, de conservation, de protection et de divulgation de ces informations.<\/p><p>Plate 2000 Inc. exploite le site <a href=\"https:\/\/plate2000.com\">www.plate2000.com<\/a> pour fournir des services, notamment un catalogue et un portefeuille de produits, des services dans le domaine des outils de finition en b\u00e9ton.<\/p><p>Plate 2000 Inc. s\u2019engage \u00e0 prot\u00e9ger la vie priv\u00e9e des utilisateurs et \u00e0 traiter les \u00e9ventuelles pr\u00e9occupations en mati\u00e8re de confidentialit\u00e9. Les informations suivantes ont \u00e9t\u00e9 publi\u00e9es pour vous aider, le consommateur, \u00e0 comprendre quelles informations priv\u00e9es nous collectons et comment vos informations sont utilis\u00e9es.<\/p><p><strong>Types d\u2019informations priv\u00e9es collect\u00e9es<\/strong><\/p><p>Pour mieux r\u00e9pondre \u00e0 vos besoins, nous collectons les types d\u2019informations suivants lorsque vous visitez <a href=\"https:\/\/plate2000.com\">www.plate2000.com.<\/a><\/p><p><strong>Informations personnelles<\/strong><\/p><p>Nous collectons les informations personnelles suivantes aupr\u00e8s de nos utilisateurs :<\/p><ul><li>D\u00e9tails personnels : pr\u00e9nom(s).<\/li><li>Informations d\u00e9mographiques : genre ; date de naissance \/ \u00e2ge.<\/li><li>Coordonn\u00e9es : titre de poste, nom de l\u2019entreprise, adresse de correspondance; adresse de livraison; num\u00e9ro de t\u00e9l\u00e9phone; adresse \u00e9lectronique; d\u00e9tails de l\u2019application de messagerie ; d\u00e9tails de messagerie en ligne ; et d\u00e9tails des m\u00e9dias sociaux.<\/li><li>Coordonn\u00e9es de l\u2019employeur : lorsque vous postulez \u00e0 un emploi ou interagissez avec nous en tant qu\u2019employ\u00e9 ou employ\u00e9 d\u2019une tierce partie, le nom, l\u2019adresse, le num\u00e9ro de t\u00e9l\u00e9phone et l\u2019adresse \u00e9lectronique de votre employeur, dans la mesure o\u00f9 cela est pertinent.<\/li><li>Donn\u00e9es relatives \u00e0 nos sites Web : type d\u2019appareil; syst\u00e8me d\u2019exploitation; type de navigateur; param\u00e8tres du navigateur; adresse IP; param\u00e8tres de langue; dates et heures de connexion \u00e0 un site Web ; dates et heures de connexion \u00e0 notre site Web; donn\u00e9es de localisation et autres informations techniques de communication ( dont certaines peuvent constituer des informations personnelles ); nom d\u2019utilisateur; mot de passe; d\u00e9tails de connexion s\u00e9curis\u00e9e; donn\u00e9es d\u2019utilisation; informations statistiques agr\u00e9g\u00e9es.<\/li><li>Points de vue et opinions : tous les points de vue et opinions que vous choisissez de nous envoyer, ou de publier publique- ment \u00e0 notre sujet sur les plateformes de m\u00e9dias sociaux.<\/li><li>Donn\u00e9es de contenu et de publicit\u00e9 : enregistrements de vos interactions avec notre publicit\u00e9 en ligne et notre contenu, enregistrements de la publicit\u00e9 et du contenu affich\u00e9s sur les pages ou les \u00e9crans d\u2019application affich\u00e9s pour vous, et toute interaction que vous avez pu avoir avec ces contenus ou cette publicit\u00e9 (par exemple, survol de la souris, clics de souris, formulaires que vous remplissez en totalit\u00e9 ou en partie) et toute interaction tactile.<\/li><\/ul><p>Vous pouvez toujours choisir de fournir moins d\u2019informations. Cependant, omettre certaines de ces informations personnelles peut limiter votre capacit\u00e9 \u00e0 acc\u00e9der \u00e0 tous les avantages de notre site Web et de nos services. Par exemple, nous ne pourrons pas traiter les transactions sans les informations de paiement et une adresse de facturation, ni exp\u00e9dier des biens sans votre nom et votre adresse postale.<\/p><p><strong>Informations collect\u00e9es automatiquement<\/strong><\/p><p>Nous collectons automatiquement des donn\u00e9es sur la mani\u00e8re dont nos utilisateurs visitent <a href=\"https:\/\/plate2000.com\">www.plate2000.com,<\/a> telles que votre adresse IP, votre emplacement, votre navigateur, la langue du navigateur, le syst\u00e8me d\u2019exploitation, les identifiants de l\u2019appareil, vos donn\u00e9es de g\u00e9olocalisation pr\u00e9cises et des cookies.<\/p><p>Pendant que vous naviguez et interagissez avec notre Site, nous pouvons utiliser des technologies de collecte automatique de donn\u00e9es pour recueillir certaines informations sur votre \u00e9quipement, vos actions de navigation et vos habitudes, notamment :<\/p><ul><li>D\u00e9tails de vos visites sur notre Site (tels que les produits consult\u00e9s ou achet\u00e9s, les codes promotionnels ou les informations), y compris les donn\u00e9es de trafic, les donn\u00e9es de g\u00e9olocalisation et autres donn\u00e9es de communication, ainsi que les ressources que vous acc\u00e9dez et utilisez sur le Site, telles que les fonctions de recherche ou le service client.<\/li><li>Informations sur votre ordinateur et votre connexion Internet, y compris votre adresse IP, votre syst\u00e8me d\u2019exploitation et le type de navigateur.<\/li><\/ul><p>Les informations que nous collectons automatiquement sont des donn\u00e9es statistiques, mais elles peuvent inclure des informations personnelles ou nous pouvons les conserver ou les associer \u00e0 des informations personnelles que nous collectons d\u2019autres mani\u00e8res ou que nous recevons de tiers, auquel cas nous les traiterons comme des informations personnelles. Cela nous aide \u00e0 am\u00e9liorer notre Site et \u00e0 offrir un service meilleur et plus personnalis\u00e9.<\/p><p><strong>Les technologies que nous utilisons pour cette collecte automatique de donn\u00e9es peuvent inclure :<\/strong><\/p><p>Notre site Web utilise actuellement des cookies pour am\u00e9liorer sa fonctionnalit\u00e9. Vous pouvez d\u00e9sactiver les cookies dans votre navigateur Web, mais cela peut limiter votre capacit\u00e9 \u00e0 acc\u00e9der \u00e0 <a href=\"https:\/\/plate2000.com\">www.plate2000.com.<\/a><\/p><p><strong>Informations des m\u00e9dias sociaux<\/strong><\/p><p>Si vous avez li\u00e9 votre compte Plate 2000 Inc. \u00e0 un compte de m\u00e9dias sociaux, nous collectons \u00e9galement les informations que les r\u00e9seaux de m\u00e9dias sociaux nous fournissent. Selon le r\u00e9seau de m\u00e9dias sociaux, cela peut inclure votre nom d\u2019utilisateur, votre nom, votre adresse \u00e9lectronique, votre liste d\u2019amis, et plus encore. De plus, nous collectons des donn\u00e9es d\u00e9mographiques lorsque les utilisateurs interagissent avec les comptes de m\u00e9dias sociaux de Plate 2000 Inc.<\/p><p>Politique concernant la collecte d\u2019informations personnelles sensibles Plate 2000 Inc. ne collecte aucune de vos informations personnelles sensibles, telles que votre num\u00e9ro de s\u00e9curit\u00e9 sociale, votre num\u00e9ro de permis de conduire, votre race, votre origine ethnique, votre religion, vos donn\u00e9es de sant\u00e9, vos affiliations politiques ou des d\u00e9tails sur votre casier judiciaire.<\/p><p><strong>Utilisation des informations collect\u00e9es<\/strong><\/p><p>Nous n\u2019utilisons vos informations personnelles que pour vous aider \u00e0 tirer parti de tout ce que Plate 2000 Inc. a \u00e0 offrir. Cela comprend :<\/p><ul><li>Les informations que vous fournissez en remplissant des formulaires sur notre site Web. Cela comprend les informations fournies lors de l\u2019achat, de l\u2019enregistrement du produit, de la cr\u00e9ation de compte, de l\u2019abonnement aux notifications par e-mail, aux newsletters, de la publication d\u2019avis sur les produits ou de la demande de service client.<\/li><li>Vos r\u00e9ponses \u00e0 des enqu\u00eates que nous pourrions vous demander de remplir \u00e0 des fins de recherche.<\/li><li>La communication de nos ventes et promotions.<\/li><li>Vos r\u00e9ponses \u00e0 des concours, des cadeaux et des comp\u00e9titions, y compris des photos et d\u2019autres images.<\/li><li>La communication concernant les mises \u00e0 jour de nos politiques d\u2019entreprise.<\/li><li>La mise \u00e0 disposition de tous les services de Plate 2000 de mani\u00e8re pratique.<\/li><li>La diffusion de publicit\u00e9s pertinentes pour vous lorsque vous visitez <a href=\"https:\/\/plate2000.com\">plate2000.com.<\/a><\/li><li>L\u2019\u00e9valuation des analyses pour voir comment nos clients interagissent avec <a href=\"https:\/\/plate2000.com\">plate2000.com.<\/a><\/li><\/ul><p><strong>Dur\u00e9e de conservation des informations personnelles<\/strong><\/p><p>Nous pouvons conserver vos informations personnelles pendant une p\u00e9riode prolong\u00e9e, en fonction de la mani\u00e8re dont nous devons utiliser les informations. Par exemple, nous conserverons votre adresse \u00e9lectronique et votre nom tant que vous aurez un compte chez nous. De plus, nous pouvons avoir besoin de conserver vos informations de facturation pendant une p\u00e9riode prolong\u00e9e pour maintenir nos registres internes de transactions.<\/p><p><strong>Destinataires des informations<\/strong><\/p><p>Nous pouvons partager vos informations avec des tiers, mais uniquement avec les filiales que Plate 2000 Inc. a pleinement v\u00e9rifi\u00e9es et avec lesquelles elle a cr\u00e9\u00e9 un partenariat.<\/p><p>La seule raison pour laquelle nous ne partagerons jamais vos informations avec des filiales est dans les buts suivants :<\/p><ul><li>Traitement des transactions.<\/li><li>Ex\u00e9cution et livraison des commandes.<\/li><li>Mesure de la performance du marketing et de la publicit\u00e9.<\/li><li>Fournir un excellent service client.<\/li><li>Envoi de communications par e-mail et par SMS.<\/li><\/ul><p><strong><br \/>S\u00e9curit\u00e9 des informations<\/strong><\/p><p>Nous faisons de notre mieux pour garder vos informations priv\u00e9es en s\u00e9curit\u00e9. La plupart de vos informations personnelles sont crypt\u00e9es et donc prot\u00e9g\u00e9es contre tout acc\u00e8s par des utilisateurs ext\u00e9rieurs. Vos donn\u00e9es sont conserv\u00e9es de mani\u00e8re s\u00e9curis\u00e9e sur nos serveurs (ou ceux de nos fournisseurs) situ\u00e9s au Canada. Cependant, des fuites de donn\u00e9es et des attaques malveillantes se produisent. Veuillez comprendre que, bien que nous fassions de notre mieux pour prot\u00e9ger vos donn\u00e9es, la fourniture de vos informations personnelles se fait \u00e0 vos risques et p\u00e9rils.<\/p><p><b>Vos droits<\/b><\/p><p>Vous avez le droit d&#8217;acc\u00e9der \u00e0 vos renseignements personnels et de demander leur rectification s&#8217;ils sont inexacts. Vous pouvez bien s\u00fbr refuser de divulguer vos informations personnelles. Cependant, le fait de ne pas nous fournir d\u2019informations pertinentes peut limiter votre capacit\u00e9 \u00e0 b\u00e9n\u00e9ficier pleinement de Plate 2000 Inc. et de toutes ses offres. N\u2019oubliez pas que nous ne demandons que des informations personnelles qui peuvent nous aider \u00e0 fournir pleinement nos services \u00e0 nos clients.<\/p><p><b>Responsable de la protection des renseignements personnels<\/b><\/p><p>Pour toute question au sujet du traitement ou de la mise \u00e0 jour de vos renseignements personnels, ou pour nous faire part de toute pr\u00e9occupation \u00e0 cet \u00e9gard, veuillez communiquer avec nous par le biais de l&#8217;adresse courriel suivante\u00a0: <a href=\"mailto:lguillemette@plate2000.com\">lguillemette@plate2000.com<\/a> \u00a0ou par t\u00e9l\u00e9phone au 418-885-0085 extension\u00a0: 136. <i>Le responsable de la protection des renseignements personnels prendra contact avec vous dans les trente (30) jours suivant la r\u00e9ception de votre courriel.<\/i><\/p><p><strong>Questions suppl\u00e9mentaires<\/strong><\/p><p>Si vous avez des questions concernant cette politique de confidentialit\u00e9, n\u2019h\u00e9sitez pas \u00e0 nous contacter \u00e0 l\u2019adresse <a href=\"mailto:privacy@plate2000.com\">privacy@plate2000.com.<\/a> Un repr\u00e9sentant de Plate 2000 Inc. r\u00e9pondra \u00e0 vos questions sur la politique de confidentialit\u00e9 d\u00e8s que possible.<\/p><p><strong>Droit d\u2019opposition et de retrait<\/strong><\/p><div>Nous nous engageons \u00e0 vous offrir un droit d\u2019opposition et de retrait quant \u00e0 vos renseignements personnels.<\/div><div>Le droit d\u2019opposition s\u2019entend comme \u00e9tant la possiblit\u00e9 offerte aux internautes de refuser que leurs renseignements personnels soient utilis\u00e9es \u00e0 certaines fins mentionn\u00e9es lors de la collecte.<\/div><div>\u00a0<\/div><div>Le droit de retrait s\u2019entend comme \u00e9tant la possiblit\u00e9 offerte aux internautes de demander \u00e0 ce que leurs renseignements personnels ne figurent plus, par exemple, dans une liste de diffusion.<\/div><div>\u00a0<\/div><div><strong>Pour pouvoir exercer ces droits, vous pouvez :<\/strong><\/div><div>\u00a0<\/div><div>Code postal :\u00a0 G0R 2N0<\/div><div>Courriel :\u00a0 <a href=\"mailto:privacy@plate2000.com\">privacy@plate2000.com<\/a><\/div><div>T\u00e9l\u00e9phone :\u00a0 1 (581) 333 2299<\/div><div>Section du site web :\u00a0\u00a0 Politique de confidentialit\u00e9<\/div><div>\u00a0<\/div><p><strong>Droit d\u2019acc\u00e8s<\/strong><\/p><div>Nous nous engageons \u00e0 reconna\u00eetre un droit d\u2019acc\u00e8s et de rectification aux personnes concern\u00e9es d\u00e9sireuses de consulter, modifier, voire radier les informations les concernant.<\/div><div>\u00a0<\/div><div><strong>L\u2019exercice de ce droit se fera :<\/strong><\/div><div>\u00a0<\/div><div>Code postal :\u00a0 G0R 2N0<\/div><div>Courriel :\u00a0 <a href=\"mailto:privacy@plate2000.com\">privacy@plate2000.com<\/a><\/div><div>T\u00e9l\u00e9phone :\u00a0 1 (581) 333 2299<\/div><div>Section du site web :\u00a0\u00a0 Politique de confidentialit\u00e9<\/div><div>\u00a0<\/div><p><strong>S\u00e9curit\u00e9<\/strong><\/p><div>Les renseignements personnels que nous collectons sont conserv\u00e9s dans un environnement s\u00e9curis\u00e9. Les personnes travaillant pour nous sont tenues de respecter la confidentialit\u00e9 de vos informations.<\/div><div>\u00a0<\/div><div>Pour assurer la s\u00e9curit\u00e9 de vos renseignements personnels, nous avons recours aux mesures suivantes :<\/div><div>\u00a0<\/div><div><ul><li>Protocole SSL<\/li><li>Gestion des acc\u00e8s &#8211; personne autoris\u00e9e<\/li><li>Gestion des acc\u00e8s &#8211; personne concern\u00e9e<\/li><li>Logiciel de surveillance du r\u00e9seau<\/li><li>Sauvegarde informatique<\/li><li>Identifiant \/ mot de passe<\/li><li>Pare-feu<\/li><\/ul><\/div><div>Nous nous engageons \u00e0 maintenir un haut degr\u00e9 de confidentialit\u00e9 en int\u00e9grant les derni\u00e8res innovations technologiques permettant d\u2019assurer la confidentialit\u00e9 de vos transactions. Toutefois, comme aucun m\u00e9canisme n\u2019offre une s\u00e9curit\u00e9<br \/>maximale, une part de risque est toujours pr\u00e9sente lorsque l\u2019on utilise Internet pour transmettre des renseignements personnels.<\/div><div>\u00a0<\/div><p><strong>Mise \u00e0 jour de la politique<\/strong><\/p><p>Cette politique de confidentialit\u00e9 a \u00e9t\u00e9 mise \u00e0 jour pour la derni\u00e8re fois le 6 ao\u00fbt 2025. Si nous modifions la politique de confidentialit\u00e9, nous enverrons un e-mail \u00e0 tous les titulaires de compte pour les informer de ce changement et nous afficherons la date de mise \u00e0 jour la plus r\u00e9cente ici. Une fois affich\u00e9e, la nouvelle politique de confidentialit\u00e9 sera imm\u00e9diatement effective.<\/p>\t\t\t\t\t\t\t\t<\/div>\n\t\t\t\t<\/div>\n\t\t\t\t\t<\/div>\n\t\t<\/div>\n\t\t\t\t\t<\/div>\n\t\t<\/section>\n\t\t\t\t<\/div>\n\t\t","protected":false},"excerpt":{"rendered":"<p>POLITIQUE DE CONFIDENTIALIT\u00c9 Plate 2000 Inc. appr\u00e9cie votre int\u00e9r\u00eat pour la soci\u00e9t\u00e9, ses produits et ses services. Nous vous encourageons vivement \u00e0 lire attentivement cette Politique de confidentialit\u00e9 avant d\u2019utiliser ce site Web et tout site secondaire, les Applications\/Apps ou nos produits et services, (ci-apr\u00e8s d\u00e9nomm\u00e9s le \u00abSite\u00bb). Cette Politique de confidentialit\u00e9 pr\u00e9cise quel type [&hellip;]<\/p>\n","protected":false},"author":2,"featured_media":0,"parent":0,"menu_order":0,"comment_status":"closed","ping_status":"open","template":"","meta":{"_acf_changed":false,"footnotes":""},"class_list":["post-16871","page","type-page","status-publish","hentry"],"acf":[],"aioseo_notices":[],"_links":{"self":[{"href":"https:\/\/plate2000.com\/fr\/wp-json\/wp\/v2\/pages\/16871","targetHints":{"allow":["GET"]}}],"collection":[{"href":"https:\/\/plate2000.com\/fr\/wp-json\/wp\/v2\/pages"}],"about":[{"href":"https:\/\/plate2000.com\/fr\/wp-json\/wp\/v2\/types\/page"}],"author":[{"embeddable":true,"href":"https:\/\/plate2000.com\/fr\/wp-json\/wp\/v2\/users\/2"}],"replies":[{"embeddable":true,"href":"https:\/\/plate2000.com\/fr\/wp-json\/wp\/v2\/comments?post=16871"}],"version-history":[{"count":6,"href":"https:\/\/plate2000.com\/fr\/wp-json\/wp\/v2\/pages\/16871\/revisions"}],"predecessor-version":[{"id":22747,"href":"https:\/\/plate2000.com\/fr\/wp-json\/wp\/v2\/pages\/16871\/revisions\/22747"}],"wp:attachment":[{"href":"https:\/\/plate2000.com\/fr\/wp-json\/wp\/v2\/media?parent=16871"}],"curies":[{"name":"wp","href":"https:\/\/api.w.org\/{rel}","templated":true}]}}