{"id":20211,"date":"2024-01-01T10:04:57","date_gmt":"2024-01-01T10:04:57","guid":{"rendered":"https:\/\/plate2000.com\/white-paper\/"},"modified":"2024-01-02T04:53:21","modified_gmt":"2024-01-02T04:53:21","slug":"livre-blanc","status":"publish","type":"page","link":"https:\/\/plate2000.com\/fr\/livre-blanc\/","title":{"rendered":"Livre blanc"},"content":{"rendered":"\t\t<div data-elementor-type=\"wp-page\" data-elementor-id=\"20211\" class=\"elementor elementor-20211 elementor-20122\" data-elementor-settings=\"{&quot;element_pack_global_tooltip_width&quot;:{&quot;unit&quot;:&quot;px&quot;,&quot;size&quot;:&quot;&quot;,&quot;sizes&quot;:[]},&quot;element_pack_global_tooltip_width_tablet&quot;:{&quot;unit&quot;:&quot;px&quot;,&quot;size&quot;:&quot;&quot;,&quot;sizes&quot;:[]},&quot;element_pack_global_tooltip_width_mobile&quot;:{&quot;unit&quot;:&quot;px&quot;,&quot;size&quot;:&quot;&quot;,&quot;sizes&quot;:[]},&quot;element_pack_global_tooltip_padding&quot;:{&quot;unit&quot;:&quot;px&quot;,&quot;top&quot;:&quot;&quot;,&quot;right&quot;:&quot;&quot;,&quot;bottom&quot;:&quot;&quot;,&quot;left&quot;:&quot;&quot;,&quot;isLinked&quot;:true},&quot;element_pack_global_tooltip_padding_tablet&quot;:{&quot;unit&quot;:&quot;px&quot;,&quot;top&quot;:&quot;&quot;,&quot;right&quot;:&quot;&quot;,&quot;bottom&quot;:&quot;&quot;,&quot;left&quot;:&quot;&quot;,&quot;isLinked&quot;:true},&quot;element_pack_global_tooltip_padding_mobile&quot;:{&quot;unit&quot;:&quot;px&quot;,&quot;top&quot;:&quot;&quot;,&quot;right&quot;:&quot;&quot;,&quot;bottom&quot;:&quot;&quot;,&quot;left&quot;:&quot;&quot;,&quot;isLinked&quot;:true},&quot;element_pack_global_tooltip_border_radius&quot;:{&quot;unit&quot;:&quot;px&quot;,&quot;top&quot;:&quot;&quot;,&quot;right&quot;:&quot;&quot;,&quot;bottom&quot;:&quot;&quot;,&quot;left&quot;:&quot;&quot;,&quot;isLinked&quot;:true},&quot;element_pack_global_tooltip_border_radius_tablet&quot;:{&quot;unit&quot;:&quot;px&quot;,&quot;top&quot;:&quot;&quot;,&quot;right&quot;:&quot;&quot;,&quot;bottom&quot;:&quot;&quot;,&quot;left&quot;:&quot;&quot;,&quot;isLinked&quot;:true},&quot;element_pack_global_tooltip_border_radius_mobile&quot;:{&quot;unit&quot;:&quot;px&quot;,&quot;top&quot;:&quot;&quot;,&quot;right&quot;:&quot;&quot;,&quot;bottom&quot;:&quot;&quot;,&quot;left&quot;:&quot;&quot;,&quot;isLinked&quot;:true}}\" data-elementor-post-type=\"page\">\n\t\t\t\t\t\t<section class=\"elementor-section elementor-top-section elementor-element elementor-element-333b345 elementor-section-content-middle elementor-reverse-mobile animated-slow elementor-section-boxed elementor-section-height-default elementor-section-height-default\" data-id=\"333b345\" data-element_type=\"section\" data-e-type=\"section\" data-settings=\"{&quot;background_background&quot;:&quot;classic&quot;,&quot;animation&quot;:&quot;none&quot;}\">\n\t\t\t\t\t\t\t<div class=\"elementor-background-overlay\"><\/div>\n\t\t\t\t\t\t\t<div class=\"elementor-container elementor-column-gap-default\">\n\t\t\t\t\t<div class=\"elementor-column elementor-col-100 elementor-top-column elementor-element elementor-element-b6c72e8\" data-id=\"b6c72e8\" data-element_type=\"column\" data-e-type=\"column\" data-settings=\"{&quot;animation&quot;:&quot;none&quot;}\">\n\t\t\t<div class=\"elementor-widget-wrap elementor-element-populated\">\n\t\t\t\t\t\t<div class=\"elementor-element elementor-element-c1eaac8 elementor-widget elementor-widget-heading\" data-id=\"c1eaac8\" data-element_type=\"widget\" data-e-type=\"widget\" data-settings=\"{&quot;_animation&quot;:&quot;none&quot;,&quot;_animation_delay&quot;:500}\" data-widget_type=\"heading.default\">\n\t\t\t\t<div class=\"elementor-widget-container\">\n\t\t\t\t\t<h1 class=\"elementor-heading-title elementor-size-default\">Livre blanc<\/h1>\t\t\t\t<\/div>\n\t\t\t\t<\/div>\n\t\t\t\t<div class=\"elementor-element elementor-element-f6bc750 elementor-widget-divider--view-line elementor-widget elementor-widget-divider\" data-id=\"f6bc750\" data-element_type=\"widget\" data-e-type=\"widget\" data-widget_type=\"divider.default\">\n\t\t\t\t<div class=\"elementor-widget-container\">\n\t\t\t\t\t\t\t<div class=\"elementor-divider\">\n\t\t\t<span class=\"elementor-divider-separator\">\n\t\t\t\t\t\t<\/span>\n\t\t<\/div>\n\t\t\t\t\t\t<\/div>\n\t\t\t\t<\/div>\n\t\t\t\t<div class=\"elementor-element elementor-element-c3ac33e elementor-widget-tablet__width-inherit elementor-widget elementor-widget-text-editor\" data-id=\"c3ac33e\" data-element_type=\"widget\" data-e-type=\"widget\" data-widget_type=\"text-editor.default\">\n\t\t\t\t<div class=\"elementor-widget-container\">\n\t\t\t\t\t\t\t\t\t<p>D\u00e9couvrez nos derniers articles !<\/p>\t\t\t\t\t\t\t\t<\/div>\n\t\t\t\t<\/div>\n\t\t\t\t\t<\/div>\n\t\t<\/div>\n\t\t\t\t\t<\/div>\n\t\t<\/section>\n\t\t\t\t<section class=\"elementor-section elementor-top-section elementor-element elementor-element-215a2931 elementor-section-boxed elementor-section-height-default elementor-section-height-default\" data-id=\"215a2931\" data-element_type=\"section\" data-e-type=\"section\" data-settings=\"{&quot;background_background&quot;:&quot;classic&quot;}\">\n\t\t\t\t\t\t<div class=\"elementor-container elementor-column-gap-default\">\n\t\t\t\t\t<div class=\"elementor-column elementor-col-100 elementor-top-column elementor-element elementor-element-4edb586b\" data-id=\"4edb586b\" data-element_type=\"column\" data-e-type=\"column\">\n\t\t\t<div class=\"elementor-widget-wrap elementor-element-populated\">\n\t\t\t\t\t\t<section class=\"elementor-section elementor-inner-section elementor-element elementor-element-b2c78aa elementor-section-boxed elementor-section-height-default elementor-section-height-default\" data-id=\"b2c78aa\" data-element_type=\"section\" data-e-type=\"section\">\n\t\t\t\t\t\t<div class=\"elementor-container elementor-column-gap-default\">\n\t\t\t\t\t<div class=\"elementor-column elementor-col-100 elementor-inner-column elementor-element elementor-element-187762e3\" data-id=\"187762e3\" data-element_type=\"column\" data-e-type=\"column\">\n\t\t\t<div class=\"elementor-widget-wrap elementor-element-populated\">\n\t\t\t\t\t\t<div class=\"elementor-element elementor-element-5a549232 elementor-widget__width-auto elementor-widget-tablet__width-auto elementor-widget elementor-widget-hub_fancy_heading\" data-id=\"5a549232\" data-element_type=\"widget\" data-e-type=\"widget\" data-widget_type=\"hub_fancy_heading.default\">\n\t\t\t\t<div class=\"elementor-widget-container\">\n\t\t\t\t\t\n\t\t<div id=\"ld-fancy-heading-69f5e5fe49752\" class=\"ld-fancy-heading pos-rel\">\n\t\t\t<h2 class=\"ld-fh-element d-inline-block pos-rel  elementor-heading-title lqd-highlight-classic lqd-highlight-grow-left h3\"  > Les derni\u00e8res nouvelles de P2K_<\/h2>\t\t<\/div>\n\n\t\t\t\t\t\t<\/div>\n\t\t\t\t<\/div>\n\t\t\t\t<div class=\"elementor-element elementor-element-f24c3d7 elementor-widget__width-auto elementor-widget-tablet__width-auto elementor-widget-mobile__width-inherit elementor-widget elementor-widget-ld_button\" data-id=\"f24c3d7\" data-element_type=\"widget\" data-e-type=\"widget\" data-widget_type=\"ld_button.default\">\n\t\t\t\t<div class=\"elementor-widget-container\">\n\t\t\t\t\t\n\t\t\t<a\n\t\t\t\thref=\"#\"class=\"elementor-button btn btn-naked btn-icon-right btn-has-label\"\t\t\t>\n\t\t\t\t\t\t\t\t\t<span data-text=\"Plus \u00e0 venir...\" class=\"btn-txt\">\n\t\t\t\t\t\tPlus \u00e0 venir...\t\t\t\t\t<\/span>\n\t\t\t\t\t\t\t\t\t\t\t\t\t\t<span class=\"btn-icon\">\n\t\t\t\t\t\t\t<i aria-hidden=\"true\" class=\"lqd-icn-ess icon-ion-ios-add\"><\/i>\t\t\t\t\t\t<\/span>\n\t\t\t\t\t\t\t\t\t<\/a>\n\t\t\t\t\t\t\t<\/div>\n\t\t\t\t<\/div>\n\t\t\t\t\t<\/div>\n\t\t<\/div>\n\t\t\t\t\t<\/div>\n\t\t<\/section>\n\t\t\t\t<div class=\"elementor-element elementor-element-4dfaea62 elementor-widget elementor-widget-ld_blog\" data-id=\"4dfaea62\" data-element_type=\"widget\" data-e-type=\"widget\" data-widget_type=\"ld_blog.default\">\n\t\t\t\t<div class=\"elementor-widget-container\">\n\t\t\t\t\t<div class=\"lqd-lp-grid 4dfaea62 blog-id-1308289634 \"><div class=\"lqd-lp-row row pos-rel d-flex flex-wrap\" ><div class=\"lqd-lp-column d-flex flex-column col-md-6 col-sm-6 outils\"><article id=\"post-23333\" class=\"lqd-lp pos-rel lqd-lp lqd-lp-style-19 lqd-lp-title-highlight text-start post-23333 post type-post status-publish format-standard has-post-thumbnail hentry category-outils tag-article-fr\"><div class=\"lqd-lp-img pos-rel mb-4 overflow-hidden\">\n\t<figure class=\"pos-rel overflow-hidden\"><img fetchpriority=\"high\" decoding=\"async\" width=\"700\" height=\"450\" src=\"https:\/\/plate2000.com\/wp-content\/uploads\/2026\/03\/ECW-700x450.jpg\" class=\"w-100 wp-post-image\" alt=\"\" itemprop=\"image\" \/><\/figure>\t<footer class=\"lqd-lp-footer d-flex align-items-end justify-content-end pos-abs w-100 h-100\">\n\n\t\t<a href=\"https:\/\/plate2000.com\/fr\/plate-2000-une-reconnaissance-internationale-majeure\/\" class=\"btn btn-solid border-none btn-xsm\">\n\t\t\t<span class=\"btn-txt\">Lire<\/span>\n\t\t\t<span class=\"btn-icon\">\n\t\t\t\t<i class=\"lqd-icn-ess icon-ion-ios-add\"><\/i>\n\t\t\t<\/span>\n\t\t<\/a>\n\n\t<\/footer>\n\n<\/div>\n\n<div class=\"lqd-lp-meta d-flex align-items-center p-0 mb-2\">\n\t\n\t<span class=\"screen-reader-text\">Tags <\/span><ul class=\"lqd-lp-cat reset-ul inline-ul pos-rel z-index-3 text-uppercase ltr-sp-1\"><li><a href=\"https:\/\/plate2000.com\/fr\/category\/outils\/\" rel=\"category\" style=--color-primary:#ffffff>Outils<\/a><\/li><\/ul>\n<\/div>\n\n<header class=\"lqd-lp-header mb-3\">\n\t<h2 class=\"lqd-lp-title h5 m-0 pos-rel z-index-2\">\n\t\t<a href=\"https:\/\/plate2000.com\/fr\/plate-2000-une-reconnaissance-internationale-majeure\/\" data-split-text=\"true\" data-split-options='{\"type\": \"lines\", \"disableOnMobile\": true}'>Plate 2000 : une reconnaissance internationale majeure<\/a>\n\t<\/h2>\n<\/header>\n\n<a  href=\"https:\/\/plate2000.com\/fr\/plate-2000-une-reconnaissance-internationale-majeure\/\" class=\"lqd-lp-overlay-link lqd-overlay lqd-cc-label-trigger z-index-2\" tab-index=\"-1\"><\/a><\/article><\/div><div class=\"lqd-lp-column d-flex flex-column col-md-6 col-sm-6 outils\"><article id=\"post-23130\" class=\"lqd-lp pos-rel lqd-lp lqd-lp-style-19 lqd-lp-title-highlight text-start post-23130 post type-post status-publish format-standard has-post-thumbnail hentry category-outils tag-article-fr\"><div class=\"lqd-lp-img pos-rel mb-4 overflow-hidden\">\n\t<figure class=\"pos-rel overflow-hidden\"><img decoding=\"async\" width=\"700\" height=\"450\" src=\"data:image\/svg+xml;charset=utf-8,%3Csvg xmlns%3D&#039;http%3A%2F%2Fwww.w3.org%2F2000%2Fsvg&#039; viewBox%3D&#039;0 0 700 450&#039;%2F%3E\" class=\"w-100 ld-lazyload wp-post-image\" alt=\"\" itemprop=\"image\" data-src=\"https:\/\/plate2000.com\/wp-content\/uploads\/2026\/02\/unnamed-2026-02-23T181440.903-1-700x450.jpg\" data-aspect=\"1.5555555555556\" \/><\/figure>\t<footer class=\"lqd-lp-footer d-flex align-items-end justify-content-end pos-abs w-100 h-100\">\n\n\t\t<a href=\"https:\/\/plate2000.com\/fr\/finition-du-beton-7-erreurs-a-eviter-pour-atteindre-une-durabilite-et-une-planeite-optimales\/\" class=\"btn btn-solid border-none btn-xsm\">\n\t\t\t<span class=\"btn-txt\">Lire<\/span>\n\t\t\t<span class=\"btn-icon\">\n\t\t\t\t<i class=\"lqd-icn-ess icon-ion-ios-add\"><\/i>\n\t\t\t<\/span>\n\t\t<\/a>\n\n\t<\/footer>\n\n<\/div>\n\n<div class=\"lqd-lp-meta d-flex align-items-center p-0 mb-2\">\n\t\n\t<span class=\"screen-reader-text\">Tags <\/span><ul class=\"lqd-lp-cat reset-ul inline-ul pos-rel z-index-3 text-uppercase ltr-sp-1\"><li><a href=\"https:\/\/plate2000.com\/fr\/category\/outils\/\" rel=\"category\" style=--color-primary:#ffffff>Outils<\/a><\/li><\/ul>\n<\/div>\n\n<header class=\"lqd-lp-header mb-3\">\n\t<h2 class=\"lqd-lp-title h5 m-0 pos-rel z-index-2\">\n\t\t<a href=\"https:\/\/plate2000.com\/fr\/finition-du-beton-7-erreurs-a-eviter-pour-atteindre-une-durabilite-et-une-planeite-optimales\/\" data-split-text=\"true\" data-split-options='{\"type\": \"lines\", \"disableOnMobile\": true}'>Finition du b\u00e9ton : 7 erreurs \u00e0 \u00e9viter pour atteindre une durabilit\u00e9 et une plan\u00e9it\u00e9 optimales<\/a>\n\t<\/h2>\n<\/header>\n\n<a  href=\"https:\/\/plate2000.com\/fr\/finition-du-beton-7-erreurs-a-eviter-pour-atteindre-une-durabilite-et-une-planeite-optimales\/\" class=\"lqd-lp-overlay-link lqd-overlay lqd-cc-label-trigger z-index-2\" tab-index=\"-1\"><\/a><\/article><\/div><\/div><!--\/ .row --><div class=\"liquid-pf-nav ld-pf-nav-ajax\"><div class=\"page-nav text-center\"><nav aria-label=\"Page navigation\"><a href=\"https:\/\/plate2000.com\/fr\/wp-json\/wp\/v2\/pages\/20211\/page\/2\/?ajaxify=1\" rel=\"nofollow\" data-ajaxify=\"true\" data-ajaxify-options=\"{&quot;wrapper&quot;:&quot;.lqd-lp-grid.blog-id-1308289634 &gt; .lqd-lp-row&quot;,&quot;items&quot;:&quot;&gt; .lqd-lp-column&quot;,&quot;trigger&quot;:&quot;click&quot;}\" class=\"elementor-button btn ws-nowrap ld-ajax-loadmore ws-nowrap \"><span class=\"static d-block\">Load more<\/span><span class=\"loading d-block pos-abs\"><span class=\"dots d-block\"><span class=\"d-inline-block\"><\/span><span class=\"d-inline-block\"><\/span><span class=\"d-inline-block\"><\/span><\/span><span class=\"d-block mt-1\">Loading<\/span><\/span><span class=\"all-loaded d-block pos-abs\">All items loaded <svg width=\"32\" height=\"29\" xmlns=\"http:\/\/www.w3.org\/2000\/svg\" viewBox=\"0 0 32 29\" style=\"width: 1.5em; height: 1.5em; margin-inline-start: 0.5em;\"><path fill=\"currentColor\" d=\"M25.74 6.23c0.38 0.34 0.42 0.9 0.09 1.28l-12.77 14.58a0.91 0.91 0 0 1-1.33 0.04l-5.46-5.46a0.91 0.91 0 1 1 1.29-1.29l4.77 4.78 12.12-13.85a0.91 0.91 0 0 1 1.29-0.08z\"><\/path><\/svg><\/span><\/a><\/nav><\/div><\/div><\/div><!--\/ .lqd-lp-grid -->\t\t\t\t<\/div>\n\t\t\t\t<\/div>\n\t\t\t\t\t<\/div>\n\t\t<\/div>\n\t\t\t\t\t<\/div>\n\t\t<\/section>\n\t\t\t\t<\/div>\n\t\t","protected":false},"excerpt":{"rendered":"<p>Livre blanc D\u00e9couvrez nos derniers articles ! Les derni\u00e8res nouvelles de P2K_ Plus \u00e0 venir&#8230; read Tags RESEARCH &amp; INNOVATION What is R&#038;D? read Tags Non classifi\u00e9(e) Hello world!<\/p>\n","protected":false},"author":2,"featured_media":0,"parent":0,"menu_order":0,"comment_status":"closed","ping_status":"closed","template":"","meta":{"_acf_changed":false,"footnotes":""},"class_list":["post-20211","page","type-page","status-publish","hentry"],"acf":[],"aioseo_notices":[],"_links":{"self":[{"href":"https:\/\/plate2000.com\/fr\/wp-json\/wp\/v2\/pages\/20211","targetHints":{"allow":["GET"]}}],"collection":[{"href":"https:\/\/plate2000.com\/fr\/wp-json\/wp\/v2\/pages"}],"about":[{"href":"https:\/\/plate2000.com\/fr\/wp-json\/wp\/v2\/types\/page"}],"author":[{"embeddable":true,"href":"https:\/\/plate2000.com\/fr\/wp-json\/wp\/v2\/users\/2"}],"replies":[{"embeddable":true,"href":"https:\/\/plate2000.com\/fr\/wp-json\/wp\/v2\/comments?post=20211"}],"version-history":[{"count":0,"href":"https:\/\/plate2000.com\/fr\/wp-json\/wp\/v2\/pages\/20211\/revisions"}],"wp:attachment":[{"href":"https:\/\/plate2000.com\/fr\/wp-json\/wp\/v2\/media?parent=20211"}],"curies":[{"name":"wp","href":"https:\/\/api.w.org\/{rel}","templated":true}]}}