{"id":21796,"date":"2024-12-17T21:57:37","date_gmt":"2024-12-17T21:57:37","guid":{"rendered":"https:\/\/plate2000.com\/?page_id=21796"},"modified":"2024-12-17T21:59:43","modified_gmt":"2024-12-17T21:59:43","slug":"articles","status":"publish","type":"page","link":"https:\/\/plate2000.com\/fr\/blogue\/articles\/","title":{"rendered":"Articles"},"content":{"rendered":"\t\t<div data-elementor-type=\"wp-page\" data-elementor-id=\"21796\" class=\"elementor elementor-21796\" data-elementor-settings=\"{&quot;element_pack_global_tooltip_width&quot;:{&quot;unit&quot;:&quot;px&quot;,&quot;size&quot;:&quot;&quot;,&quot;sizes&quot;:[]},&quot;element_pack_global_tooltip_width_tablet&quot;:{&quot;unit&quot;:&quot;px&quot;,&quot;size&quot;:&quot;&quot;,&quot;sizes&quot;:[]},&quot;element_pack_global_tooltip_width_mobile&quot;:{&quot;unit&quot;:&quot;px&quot;,&quot;size&quot;:&quot;&quot;,&quot;sizes&quot;:[]},&quot;element_pack_global_tooltip_padding&quot;:{&quot;unit&quot;:&quot;px&quot;,&quot;top&quot;:&quot;&quot;,&quot;right&quot;:&quot;&quot;,&quot;bottom&quot;:&quot;&quot;,&quot;left&quot;:&quot;&quot;,&quot;isLinked&quot;:true},&quot;element_pack_global_tooltip_padding_tablet&quot;:{&quot;unit&quot;:&quot;px&quot;,&quot;top&quot;:&quot;&quot;,&quot;right&quot;:&quot;&quot;,&quot;bottom&quot;:&quot;&quot;,&quot;left&quot;:&quot;&quot;,&quot;isLinked&quot;:true},&quot;element_pack_global_tooltip_padding_mobile&quot;:{&quot;unit&quot;:&quot;px&quot;,&quot;top&quot;:&quot;&quot;,&quot;right&quot;:&quot;&quot;,&quot;bottom&quot;:&quot;&quot;,&quot;left&quot;:&quot;&quot;,&quot;isLinked&quot;:true},&quot;element_pack_global_tooltip_border_radius&quot;:{&quot;unit&quot;:&quot;px&quot;,&quot;top&quot;:&quot;&quot;,&quot;right&quot;:&quot;&quot;,&quot;bottom&quot;:&quot;&quot;,&quot;left&quot;:&quot;&quot;,&quot;isLinked&quot;:true},&quot;element_pack_global_tooltip_border_radius_tablet&quot;:{&quot;unit&quot;:&quot;px&quot;,&quot;top&quot;:&quot;&quot;,&quot;right&quot;:&quot;&quot;,&quot;bottom&quot;:&quot;&quot;,&quot;left&quot;:&quot;&quot;,&quot;isLinked&quot;:true},&quot;element_pack_global_tooltip_border_radius_mobile&quot;:{&quot;unit&quot;:&quot;px&quot;,&quot;top&quot;:&quot;&quot;,&quot;right&quot;:&quot;&quot;,&quot;bottom&quot;:&quot;&quot;,&quot;left&quot;:&quot;&quot;,&quot;isLinked&quot;:true}}\" data-elementor-post-type=\"page\">\n\t\t\t\t<div class=\"elementor-element elementor-element-7a9c3b3 e-flex e-con-boxed e-con e-parent\" data-id=\"7a9c3b3\" data-element_type=\"container\" data-e-type=\"container\" data-settings=\"{&quot;background_background&quot;:&quot;classic&quot;}\">\n\t\t\t\t\t<div class=\"e-con-inner\">\n\t\t\t\t<div class=\"elementor-element elementor-element-abee513 elementor-widget elementor-widget-heading\" data-id=\"abee513\" data-element_type=\"widget\" data-e-type=\"widget\" data-widget_type=\"heading.default\">\n\t\t\t\t<div class=\"elementor-widget-container\">\n\t\t\t\t\t<h1 class=\"elementor-heading-title elementor-size-default\">Articles<\/h1>\t\t\t\t<\/div>\n\t\t\t\t<\/div>\n\t\t\t\t\t<\/div>\n\t\t\t\t<\/div>\n\t\t<div class=\"elementor-element elementor-element-7e4d2b0 e-flex e-con-boxed e-con e-parent\" data-id=\"7e4d2b0\" data-element_type=\"container\" data-e-type=\"container\">\n\t\t\t\t\t<div class=\"e-con-inner\">\n\t\t\t\t<div class=\"elementor-element elementor-element-469ea0a elementor-grid-3 elementor-grid-tablet-2 elementor-grid-mobile-1 elementor-posts--thumbnail-top elementor-posts--show-avatar elementor-card-shadow-yes elementor-posts__hover-gradient elementor-widget elementor-widget-posts\" data-id=\"469ea0a\" data-element_type=\"widget\" data-e-type=\"widget\" data-settings=\"{&quot;cards_columns&quot;:&quot;3&quot;,&quot;cards_columns_tablet&quot;:&quot;2&quot;,&quot;cards_columns_mobile&quot;:&quot;1&quot;,&quot;cards_row_gap&quot;:{&quot;unit&quot;:&quot;px&quot;,&quot;size&quot;:35,&quot;sizes&quot;:[]},&quot;cards_row_gap_tablet&quot;:{&quot;unit&quot;:&quot;px&quot;,&quot;size&quot;:&quot;&quot;,&quot;sizes&quot;:[]},&quot;cards_row_gap_mobile&quot;:{&quot;unit&quot;:&quot;px&quot;,&quot;size&quot;:&quot;&quot;,&quot;sizes&quot;:[]}}\" data-widget_type=\"posts.cards\">\n\t\t\t\t<div class=\"elementor-widget-container\">\n\t\t\t\t\t\t\t<div class=\"elementor-posts-container elementor-posts elementor-posts--skin-cards elementor-grid\" role=\"list\">\n\t\t\t\t<article class=\"elementor-post elementor-grid-item post-23333 post type-post status-publish format-standard has-post-thumbnail hentry category-outils tag-article-fr\" role=\"listitem\">\n\t\t\t<div class=\"elementor-post__card\">\n\t\t\t\t<a class=\"elementor-post__thumbnail__link\" href=\"https:\/\/plate2000.com\/fr\/plate-2000-une-reconnaissance-internationale-majeure\/\" tabindex=\"-1\" ><div class=\"elementor-post__thumbnail\"><img fetchpriority=\"high\" decoding=\"async\" width=\"300\" height=\"169\" src=\"https:\/\/plate2000.com\/wp-content\/uploads\/2026\/03\/ECW-300x169.jpg\" class=\"attachment-medium size-medium wp-image-23332\" alt=\"\" srcset=\"https:\/\/plate2000.com\/wp-content\/uploads\/2026\/03\/ECW-300x169.jpg 300w, https:\/\/plate2000.com\/wp-content\/uploads\/2026\/03\/ECW.jpg 1024w\" sizes=\"(max-width: 300px) 100vw, 300px\" itemprop=\"image\" \/><\/div><\/a>\n\t\t\t\t<div class=\"elementor-post__badge\">Outils<\/div>\n\t\t\t\t<div class=\"elementor-post__avatar\">\n\t\t\t\t\t<\/div>\n\t\t\t\t<div class=\"elementor-post__text\">\n\t\t\t\t<h3 class=\"elementor-post__title\">\n\t\t\t<a href=\"https:\/\/plate2000.com\/fr\/plate-2000-une-reconnaissance-internationale-majeure\/\" >\n\t\t\t\tPlate 2000 : une reconnaissance internationale majeure\t\t\t<\/a>\n\t\t<\/h3>\n\t\t\t\t<div class=\"elementor-post__excerpt\">\n\t\t\t<p>Lors du salon World of Concrete 2026, tenu au Las Vegas Convention Center, votre fabricant de produits de finition de<\/p>\n\t\t<\/div>\n\t\t\n\t\t<a class=\"elementor-post__read-more\" href=\"https:\/\/plate2000.com\/fr\/plate-2000-une-reconnaissance-internationale-majeure\/\" aria-label=\"En savoir plus sur Plate 2000 : une reconnaissance internationale majeure\" tabindex=\"-1\" >\n\t\t\tRead More \u00bb\t\t<\/a>\n\n\t\t\t\t<\/div>\n\t\t\t\t<div class=\"elementor-post__meta-data\">\n\t\t\t\t\t<span class=\"elementor-post-date\">\n\t\t\t14 mars 2026\t\t<\/span>\n\t\t\t\t<\/div>\n\t\t\t\t\t<\/div>\n\t\t<\/article>\n\t\t\t\t<article class=\"elementor-post elementor-grid-item post-23130 post type-post status-publish format-standard has-post-thumbnail hentry category-outils tag-article-fr\" role=\"listitem\">\n\t\t\t<div class=\"elementor-post__card\">\n\t\t\t\t<a class=\"elementor-post__thumbnail__link\" href=\"https:\/\/plate2000.com\/fr\/finition-du-beton-7-erreurs-a-eviter-pour-atteindre-une-durabilite-et-une-planeite-optimales\/\" tabindex=\"-1\" ><div class=\"elementor-post__thumbnail\"><img decoding=\"async\" width=\"300\" height=\"169\" src=\"data:image\/svg+xml;charset=utf-8,%3Csvg xmlns%3D&#039;http%3A%2F%2Fwww.w3.org%2F2000%2Fsvg&#039; viewBox%3D&#039;0 0 300 169&#039;%2F%3E\" class=\"attachment-medium size-medium wp-image-23139 ld-lazyload\" alt=\"\" itemprop=\"image\" data-src=\"https:\/\/plate2000.com\/wp-content\/uploads\/2026\/02\/unnamed-2026-02-23T181440.903-1-300x169.jpg\" data-srcset=\"https:\/\/plate2000.com\/wp-content\/uploads\/2026\/02\/unnamed-2026-02-23T181440.903-1-300x169.jpg 300w, https:\/\/plate2000.com\/wp-content\/uploads\/2026\/02\/unnamed-2026-02-23T181440.903-1.jpg 1024w\" data-sizes=\"(max-width: 300px) 100vw, 300px\" data-aspect=\"1.7751479289941\" \/><\/div><\/a>\n\t\t\t\t<div class=\"elementor-post__badge\">Outils<\/div>\n\t\t\t\t<div class=\"elementor-post__avatar\">\n\t\t\t\t\t<\/div>\n\t\t\t\t<div class=\"elementor-post__text\">\n\t\t\t\t<h3 class=\"elementor-post__title\">\n\t\t\t<a href=\"https:\/\/plate2000.com\/fr\/finition-du-beton-7-erreurs-a-eviter-pour-atteindre-une-durabilite-et-une-planeite-optimales\/\" >\n\t\t\t\tFinition du b\u00e9ton : 7 erreurs \u00e0 \u00e9viter pour atteindre une durabilit\u00e9 et une plan\u00e9it\u00e9 optimales\t\t\t<\/a>\n\t\t<\/h3>\n\t\t\t\t<div class=\"elementor-post__excerpt\">\n\t\t\t<p>Le b\u00e9ton est la fondation de tout ouvrage, mais c\u2019est la finition qui d\u00e9termine sa long\u00e9vit\u00e9, sa r\u00e9sistance et son<\/p>\n\t\t<\/div>\n\t\t\n\t\t<a class=\"elementor-post__read-more\" href=\"https:\/\/plate2000.com\/fr\/finition-du-beton-7-erreurs-a-eviter-pour-atteindre-une-durabilite-et-une-planeite-optimales\/\" aria-label=\"En savoir plus sur Finition du b\u00e9ton : 7 erreurs \u00e0 \u00e9viter pour atteindre une durabilit\u00e9 et une plan\u00e9it\u00e9 optimales\" tabindex=\"-1\" >\n\t\t\tRead More \u00bb\t\t<\/a>\n\n\t\t\t\t<\/div>\n\t\t\t\t<div class=\"elementor-post__meta-data\">\n\t\t\t\t\t<span class=\"elementor-post-date\">\n\t\t\t28 f\u00e9vrier 2026\t\t<\/span>\n\t\t\t\t<\/div>\n\t\t\t\t\t<\/div>\n\t\t<\/article>\n\t\t\t\t<article class=\"elementor-post elementor-grid-item post-23105 post type-post status-publish format-standard has-post-thumbnail hentry category-outils tag-article-fr\" role=\"listitem\">\n\t\t\t<div class=\"elementor-post__card\">\n\t\t\t\t<a class=\"elementor-post__thumbnail__link\" href=\"https:\/\/plate2000.com\/fr\/flat-pans-ou-super-flat-pans-quel-choix-pour-des-sols-durables-et-ultra-plats\/\" tabindex=\"-1\" ><div class=\"elementor-post__thumbnail\"><img decoding=\"async\" width=\"300\" height=\"169\" src=\"data:image\/svg+xml;charset=utf-8,%3Csvg xmlns%3D&#039;http%3A%2F%2Fwww.w3.org%2F2000%2Fsvg&#039; viewBox%3D&#039;0 0 300 169&#039;%2F%3E\" class=\"attachment-medium size-medium wp-image-23104 ld-lazyload\" alt=\"\" itemprop=\"image\" data-src=\"https:\/\/plate2000.com\/wp-content\/uploads\/2026\/02\/unnamed-2026-02-23T181440.903-300x169.jpg\" data-srcset=\"https:\/\/plate2000.com\/wp-content\/uploads\/2026\/02\/unnamed-2026-02-23T181440.903-300x169.jpg 300w, https:\/\/plate2000.com\/wp-content\/uploads\/2026\/02\/unnamed-2026-02-23T181440.903.jpg 1024w\" data-sizes=\"(max-width: 300px) 100vw, 300px\" data-aspect=\"1.7751479289941\" \/><\/div><\/a>\n\t\t\t\t<div class=\"elementor-post__badge\">Outils<\/div>\n\t\t\t\t<div class=\"elementor-post__avatar\">\n\t\t\t\t\t<\/div>\n\t\t\t\t<div class=\"elementor-post__text\">\n\t\t\t\t<h3 class=\"elementor-post__title\">\n\t\t\t<a href=\"https:\/\/plate2000.com\/fr\/flat-pans-ou-super-flat-pans-quel-choix-pour-des-sols-durables-et-ultra-plats\/\" >\n\t\t\t\tFlat Pans ou Super Flat Pans : quel choix pour des sols durables et ultra-plats\t\t\t<\/a>\n\t\t<\/h3>\n\t\t\t\t<div class=\"elementor-post__excerpt\">\n\t\t\t<p>Le march\u00e9 de la construction exige des finitions de b\u00e9ton d&#8217;une qualit\u00e9 technique irr\u00e9prochable. Plate 2000, fabricant ax\u00e9 sur l&#8217;innovation<\/p>\n\t\t<\/div>\n\t\t\n\t\t<a class=\"elementor-post__read-more\" href=\"https:\/\/plate2000.com\/fr\/flat-pans-ou-super-flat-pans-quel-choix-pour-des-sols-durables-et-ultra-plats\/\" aria-label=\"En savoir plus sur Flat Pans ou Super Flat Pans : quel choix pour des sols durables et ultra-plats\" tabindex=\"-1\" >\n\t\t\tRead More \u00bb\t\t<\/a>\n\n\t\t\t\t<\/div>\n\t\t\t\t<div class=\"elementor-post__meta-data\">\n\t\t\t\t\t<span class=\"elementor-post-date\">\n\t\t\t25 f\u00e9vrier 2026\t\t<\/span>\n\t\t\t\t<\/div>\n\t\t\t\t\t<\/div>\n\t\t<\/article>\n\t\t\t\t<article class=\"elementor-post elementor-grid-item post-23067 post type-post status-publish format-standard has-post-thumbnail hentry category-outils tag-article-fr\" role=\"listitem\">\n\t\t\t<div class=\"elementor-post__card\">\n\t\t\t\t<a class=\"elementor-post__thumbnail__link\" href=\"https:\/\/plate2000.com\/fr\/finition-du-beton-float-clip-on-vs-float-pan-ou-choisir-le-bon-outil-pour-une-planeite-inegalee\/\" tabindex=\"-1\" ><div class=\"elementor-post__thumbnail\"><img loading=\"lazy\" decoding=\"async\" width=\"300\" height=\"169\" src=\"data:image\/svg+xml;charset=utf-8,%3Csvg xmlns%3D&#039;http%3A%2F%2Fwww.w3.org%2F2000%2Fsvg&#039; viewBox%3D&#039;0 0 300 169&#039;%2F%3E\" class=\"attachment-medium size-medium wp-image-23044 ld-lazyload\" alt=\"\" itemprop=\"image\" data-src=\"https:\/\/plate2000.com\/wp-content\/uploads\/2026\/02\/unnamed-2026-02-23T181440.903-300x169.png\" data-srcset=\"https:\/\/plate2000.com\/wp-content\/uploads\/2026\/02\/unnamed-2026-02-23T181440.903-300x169.png 300w, https:\/\/plate2000.com\/wp-content\/uploads\/2026\/02\/unnamed-2026-02-23T181440.903.png 1024w\" data-sizes=\"(max-width: 300px) 100vw, 300px\" data-aspect=\"1.7751479289941\" \/><\/div><\/a>\n\t\t\t\t<div class=\"elementor-post__badge\">Outils<\/div>\n\t\t\t\t<div class=\"elementor-post__avatar\">\n\t\t\t\t\t<\/div>\n\t\t\t\t<div class=\"elementor-post__text\">\n\t\t\t\t<h3 class=\"elementor-post__title\">\n\t\t\t<a href=\"https:\/\/plate2000.com\/fr\/finition-du-beton-float-clip-on-vs-float-pan-ou-choisir-le-bon-outil-pour-une-planeite-inegalee\/\" >\n\t\t\t\tFinition du b\u00e9ton : Float Clip-On vs. Float Pan ou choisir le bon outil pour une plan\u00e9it\u00e9 in\u00e9gal\u00e9e\t\t\t<\/a>\n\t\t<\/h3>\n\t\t\t\t<div class=\"elementor-post__excerpt\">\n\t\t\t<p>Pour les finisseurs professionnels de b\u00e9ton au Qu\u00e9bec et en Am\u00e9rique du Nord, obtenir une plan\u00e9it\u00e9 parfaite et des indices<\/p>\n\t\t<\/div>\n\t\t\n\t\t<a class=\"elementor-post__read-more\" href=\"https:\/\/plate2000.com\/fr\/finition-du-beton-float-clip-on-vs-float-pan-ou-choisir-le-bon-outil-pour-une-planeite-inegalee\/\" aria-label=\"En savoir plus sur Finition du b\u00e9ton : Float Clip-On vs. Float Pan ou choisir le bon outil pour une plan\u00e9it\u00e9 in\u00e9gal\u00e9e\" tabindex=\"-1\" >\n\t\t\tRead More \u00bb\t\t<\/a>\n\n\t\t\t\t<\/div>\n\t\t\t\t<div class=\"elementor-post__meta-data\">\n\t\t\t\t\t<span class=\"elementor-post-date\">\n\t\t\t23 f\u00e9vrier 2026\t\t<\/span>\n\t\t\t\t<\/div>\n\t\t\t\t\t<\/div>\n\t\t<\/article>\n\t\t\t\t<article class=\"elementor-post elementor-grid-item post-23038 post type-post status-publish format-standard has-post-thumbnail hentry category-tools tag-article-fr\" role=\"listitem\">\n\t\t\t<div class=\"elementor-post__card\">\n\t\t\t\t<a class=\"elementor-post__thumbnail__link\" href=\"https:\/\/plate2000.com\/fr\/le-systeme-big-foot-pan-saver-utilisation-strategique-pour-une-planeite-record\/\" tabindex=\"-1\" ><div class=\"elementor-post__thumbnail\"><img loading=\"lazy\" decoding=\"async\" width=\"182\" height=\"300\" src=\"data:image\/svg+xml;charset=utf-8,%3Csvg xmlns%3D&#039;http%3A%2F%2Fwww.w3.org%2F2000%2Fsvg&#039; viewBox%3D&#039;0 0 182 300&#039;%2F%3E\" class=\"attachment-medium size-medium wp-image-23021 ld-lazyload\" alt=\"\" itemprop=\"image\" data-src=\"https:\/\/plate2000.com\/wp-content\/uploads\/2026\/02\/Plate-2000-unnamed-2026-02-23T172257.081-182x300.jpeg\" data-srcset=\"https:\/\/plate2000.com\/wp-content\/uploads\/2026\/02\/Plate-2000-unnamed-2026-02-23T172257.081-182x300.jpeg 182w, https:\/\/plate2000.com\/wp-content\/uploads\/2026\/02\/Plate-2000-unnamed-2026-02-23T172257.081-621x1024.jpeg 621w, https:\/\/plate2000.com\/wp-content\/uploads\/2026\/02\/Plate-2000-unnamed-2026-02-23T172257.081.jpeg 1200w\" data-sizes=\"(max-width: 182px) 100vw, 182px\" data-aspect=\"0.60666666666667\" \/><\/div><\/a>\n\t\t\t\t<div class=\"elementor-post__badge\">Tools<\/div>\n\t\t\t\t<div class=\"elementor-post__avatar\">\n\t\t\t\t\t<\/div>\n\t\t\t\t<div class=\"elementor-post__text\">\n\t\t\t\t<h3 class=\"elementor-post__title\">\n\t\t\t<a href=\"https:\/\/plate2000.com\/fr\/le-systeme-big-foot-pan-saver-utilisation-strategique-pour-une-planeite-record\/\" >\n\t\t\t\tLe Syst\u00e8me Big Foot Pan Saver: utilisation strat\u00e9gique pour une plan\u00e9it\u00e9 record\t\t\t<\/a>\n\t\t<\/h3>\n\t\t\t\t<div class=\"elementor-post__excerpt\">\n\t\t\t<p>Pour les finisseurs de b\u00e9ton et les entrepreneurs en qu\u00eate d&#8217;excellence, atteindre des indices de plan\u00e9it\u00e9 (FF) \u00e9lev\u00e9s tout en<\/p>\n\t\t<\/div>\n\t\t\n\t\t<a class=\"elementor-post__read-more\" href=\"https:\/\/plate2000.com\/fr\/le-systeme-big-foot-pan-saver-utilisation-strategique-pour-une-planeite-record\/\" aria-label=\"En savoir plus sur Le Syst\u00e8me Big Foot Pan Saver: utilisation strat\u00e9gique pour une plan\u00e9it\u00e9 record\" tabindex=\"-1\" >\n\t\t\tRead More \u00bb\t\t<\/a>\n\n\t\t\t\t<\/div>\n\t\t\t\t<div class=\"elementor-post__meta-data\">\n\t\t\t\t\t<span class=\"elementor-post-date\">\n\t\t\t23 f\u00e9vrier 2026\t\t<\/span>\n\t\t\t\t<\/div>\n\t\t\t\t\t<\/div>\n\t\t<\/article>\n\t\t\t\t<article class=\"elementor-post elementor-grid-item post-22608 post type-post status-publish format-standard has-post-thumbnail hentry category-uncategorized category-communiques-de-presse\" role=\"listitem\">\n\t\t\t<div class=\"elementor-post__card\">\n\t\t\t\t<a class=\"elementor-post__thumbnail__link\" href=\"https:\/\/plate2000.com\/fr\/une-nouvelle-structure-des-ventes-et-du-marketing-pour-plate-2000-inc\/\" tabindex=\"-1\" ><div class=\"elementor-post__thumbnail\"><img loading=\"lazy\" decoding=\"async\" width=\"300\" height=\"169\" src=\"data:image\/svg+xml;charset=utf-8,%3Csvg xmlns%3D&#039;http%3A%2F%2Fwww.w3.org%2F2000%2Fsvg&#039; viewBox%3D&#039;0 0 300 169&#039;%2F%3E\" class=\"attachment-medium size-medium wp-image-21981 ld-lazyload\" alt=\"\" itemprop=\"image\" data-src=\"https:\/\/plate2000.com\/wp-content\/uploads\/2025\/01\/Plate2000_PR_Usine_St-Lambert-300x169.jpg\" data-srcset=\"https:\/\/plate2000.com\/wp-content\/uploads\/2025\/01\/Plate2000_PR_Usine_St-Lambert-300x169.jpg 300w, https:\/\/plate2000.com\/wp-content\/uploads\/2025\/01\/Plate2000_PR_Usine_St-Lambert-1024x576.jpg 1024w, https:\/\/plate2000.com\/wp-content\/uploads\/2025\/01\/Plate2000_PR_Usine_St-Lambert.jpg 1280w\" data-sizes=\"(max-width: 300px) 100vw, 300px\" data-aspect=\"1.7751479289941\" \/><\/div><\/a>\n\t\t\t\t<div class=\"elementor-post__badge\">Uncategorized<\/div>\n\t\t\t\t<div class=\"elementor-post__avatar\">\n\t\t\t\t\t<\/div>\n\t\t\t\t<div class=\"elementor-post__text\">\n\t\t\t\t<h3 class=\"elementor-post__title\">\n\t\t\t<a href=\"https:\/\/plate2000.com\/fr\/une-nouvelle-structure-des-ventes-et-du-marketing-pour-plate-2000-inc\/\" >\n\t\t\t\tUne nouvelle structure des ventes et du marketing pour Plate 2000 Inc.\t\t\t<\/a>\n\t\t<\/h3>\n\t\t\t\t<div class=\"elementor-post__excerpt\">\n\t\t\t<p>Cette ann\u00e9e marque une \u00e9tape majeure pour\u00a0Plate 2000 Inc.\u00a0:\u00a025 ans d\u2019expertise dans la conception et la fabrication d\u2019\u00e9quipements de finition<\/p>\n\t\t<\/div>\n\t\t\n\t\t<a class=\"elementor-post__read-more\" href=\"https:\/\/plate2000.com\/fr\/une-nouvelle-structure-des-ventes-et-du-marketing-pour-plate-2000-inc\/\" aria-label=\"En savoir plus sur Une nouvelle structure des ventes et du marketing pour Plate 2000 Inc.\" tabindex=\"-1\" >\n\t\t\tRead More \u00bb\t\t<\/a>\n\n\t\t\t\t<\/div>\n\t\t\t\t<div class=\"elementor-post__meta-data\">\n\t\t\t\t\t<span class=\"elementor-post-date\">\n\t\t\t25 septembre 2025\t\t<\/span>\n\t\t\t\t<\/div>\n\t\t\t\t\t<\/div>\n\t\t<\/article>\n\t\t\t\t<\/div>\n\t\t\n\t\t\t\t\t\t<\/div>\n\t\t\t\t<\/div>\n\t\t\t\t\t<\/div>\n\t\t\t\t<\/div>\n\t\t\t\t<\/div>\n\t\t","protected":false},"excerpt":{"rendered":"<p>Articles<\/p>\n","protected":false},"author":2,"featured_media":0,"parent":21790,"menu_order":0,"comment_status":"closed","ping_status":"closed","template":"","meta":{"_acf_changed":false,"footnotes":""},"class_list":["post-21796","page","type-page","status-publish","hentry"],"acf":[],"aioseo_notices":[],"_links":{"self":[{"href":"https:\/\/plate2000.com\/fr\/wp-json\/wp\/v2\/pages\/21796","targetHints":{"allow":["GET"]}}],"collection":[{"href":"https:\/\/plate2000.com\/fr\/wp-json\/wp\/v2\/pages"}],"about":[{"href":"https:\/\/plate2000.com\/fr\/wp-json\/wp\/v2\/types\/page"}],"author":[{"embeddable":true,"href":"https:\/\/plate2000.com\/fr\/wp-json\/wp\/v2\/users\/2"}],"replies":[{"embeddable":true,"href":"https:\/\/plate2000.com\/fr\/wp-json\/wp\/v2\/comments?post=21796"}],"version-history":[{"count":4,"href":"https:\/\/plate2000.com\/fr\/wp-json\/wp\/v2\/pages\/21796\/revisions"}],"predecessor-version":[{"id":21802,"href":"https:\/\/plate2000.com\/fr\/wp-json\/wp\/v2\/pages\/21796\/revisions\/21802"}],"up":[{"embeddable":true,"href":"https:\/\/plate2000.com\/fr\/wp-json\/wp\/v2\/pages\/21790"}],"wp:attachment":[{"href":"https:\/\/plate2000.com\/fr\/wp-json\/wp\/v2\/media?parent=21796"}],"curies":[{"name":"wp","href":"https:\/\/api.w.org\/{rel}","templated":true}]}}