{"id":18178,"date":"2023-12-18T03:31:43","date_gmt":"2023-12-18T03:31:43","guid":{"rendered":"https:\/\/plate2000.com\/product\/wob68-52-14-68x52x14\/"},"modified":"2026-02-12T12:44:39","modified_gmt":"2026-02-12T12:44:39","slug":"bac-de-lavage-wob68-52-14-68x52x14","status":"publish","type":"product","link":"https:\/\/plate2000.com\/fr\/product\/beton\/bac-de-lavage-wob68-52-14-68x52x14\/","title":{"rendered":"WOB68-52-14  BAC DE LAVAGE EN ACIER &#8211; 68&#8243;x52&#8243;x14&#8243;"},"content":{"rendered":"<p>Le bac de lavage de P2K est une solution robuste et polyvalente qui est sp\u00e9cifiquement con\u00e7ue pour le lavage des b\u00e9tonni\u00e8res ainsi que l\u2019amor\u00e7age des pompes \u00e0 b\u00e9ton. Sa conception optimale facilite le transport \u00e0 l\u2019aide d\u2019un chariot \u00e9l\u00e9vateur ou bien par ces plaques de levage et d\u2019une grue, et ce, de mani\u00e8re stable et s\u00e9curitaire.<\/p>\n<ul>\n<li>Fabriqu\u00e9 en acier de haute qualit\u00e9 pour une meilleure durabilit\u00e9.<\/li>\n<li><strong>Compliance with OSHA and ASME Standards<\/strong><\/li>\n<li>Capacit\u00e9 de volume : 147 gallons<\/li>\n<li>Capacit\u00e9 de charge : 2145 lbs<\/li>\n<li>Une conception optimale facilite le transport avec un chariot \u00e9l\u00e9vateur avec ses deux forklift pockets.<\/li>\n<li>4 ancres solides permettent de le d\u00e9placer de mani\u00e8re stable et s\u00e9curis\u00e9e avec une grue.<\/li>\n<\/ul>\n","protected":false},"excerpt":{"rendered":"<p data-start=\"62\" data-end=\"194\"><strong data-start=\"62\" data-end=\"194\">BACS DE LAVAGE P2K \u2013 LA SOLUTION ID\u00c9ALE POUR UN ENTRETIEN SIMPLE ET SANS CONTRAINTE DES CAMIONS-POMPES \u00c0 B\u00c9TON.<\/strong><\/p>\n<p data-start=\"196\" data-end=\"542\">Con\u00e7u avec des mat\u00e9riaux durables et des caract\u00e9ristiques de conception innovantes, ce bac de lavage est pens\u00e9 pour affronter sans difficult\u00e9 les conditions les plus exigeantes des chantiers. Sa construction robuste garantit une longue dur\u00e9e de vie, tandis que son design spacieux offre un volume g\u00e9n\u00e9reux pour des op\u00e9rations de lavage efficaces.<\/p>\n","protected":false},"featured_media":22751,"comment_status":"open","ping_status":"closed","template":"","meta":{"_acf_changed":false},"product_cat":[105,169],"product_tag":[],"class_list":{"0":"post-18178","1":"product","2":"type-product","3":"status-publish","4":"has-post-thumbnail","6":"product_cat-bacs-de-lavage-fr","7":"product_cat-bacs-de-lavage","9":"first","10":"instock","11":"shipping-taxable","12":"product-type-simple"},"acf":[],"aioseo_notices":[],"_links":{"self":[{"href":"https:\/\/plate2000.com\/fr\/wp-json\/wp\/v2\/product\/18178","targetHints":{"allow":["GET"]}}],"collection":[{"href":"https:\/\/plate2000.com\/fr\/wp-json\/wp\/v2\/product"}],"about":[{"href":"https:\/\/plate2000.com\/fr\/wp-json\/wp\/v2\/types\/product"}],"replies":[{"embeddable":true,"href":"https:\/\/plate2000.com\/fr\/wp-json\/wp\/v2\/comments?post=18178"}],"version-history":[{"count":3,"href":"https:\/\/plate2000.com\/fr\/wp-json\/wp\/v2\/product\/18178\/revisions"}],"predecessor-version":[{"id":22957,"href":"https:\/\/plate2000.com\/fr\/wp-json\/wp\/v2\/product\/18178\/revisions\/22957"}],"wp:featuredmedia":[{"embeddable":true,"href":"https:\/\/plate2000.com\/fr\/wp-json\/wp\/v2\/media\/22751"}],"wp:attachment":[{"href":"https:\/\/plate2000.com\/fr\/wp-json\/wp\/v2\/media?parent=18178"}],"wp:term":[{"taxonomy":"product_cat","embeddable":true,"href":"https:\/\/plate2000.com\/fr\/wp-json\/wp\/v2\/product_cat?post=18178"},{"taxonomy":"product_tag","embeddable":true,"href":"https:\/\/plate2000.com\/fr\/wp-json\/wp\/v2\/product_tag?post=18178"}],"curies":[{"name":"wp","href":"https:\/\/api.w.org\/{rel}","templated":true}]}}