{"id":18228,"date":"2023-12-18T03:29:16","date_gmt":"2023-12-18T03:29:16","guid":{"rendered":"https:\/\/plate2000.com\/product\/sfp48-5z-super-flat-pan-with-z-clip\/"},"modified":"2024-04-24T19:43:30","modified_gmt":"2024-04-24T19:43:30","slug":"sfp48-5z-super-flat-pan-with-z-clip","status":"publish","type":"product","link":"https:\/\/plate2000.com\/fr\/product\/disques\/le-roc-clip-z\/disque-super-plat-le-roc-clip-z\/sfp48-5z-super-flat-pan-with-z-clip\/","title":{"rendered":"SFP48-5Z DISQUE SUPER PLAT AVEC CLIP Z"},"content":{"rendered":"<p>P2K propose une gamme compl\u00e8te de disques pour soutenir divers projets de finition de b\u00e9ton. Trois collections principales : The Rock &#038; The Master, offrant une gamme unique de syst\u00e8mes d&#8217;attaches, et The Roadrunner, qui pr\u00e9sente nos disques \u00e0 bordure. La s\u00e9lection comprend des disques plats, des disques super plats, des disques plats universels et super plats universels, des disques \u00e0 bordures, des flotteurs \u00e0 lames avec clip et des disques \u00e0 blocs soud\u00e9s.<\/p>\n","protected":false},"excerpt":{"rendered":"<p>Fabriqu\u00e9 en acier de haute qualit\u00e9 de calibre 11 pour une meilleure durabilit\u00e9. Les disques super plats pour les sols super plats et les num\u00e9ros FF \u00e9lev\u00e9s. Les attaches Z-Clip fixent le disque aux lames. Convient aux machines \u00e0 6 lames. Couvre une large surface de contact. Permet d&#8217;obtenir des sols plus plats et d&#8217;augmenter la productivit\u00e9. Peut \u00eatre utilis\u00e9 dans les deux sens.<\/p>\n","protected":false},"featured_media":17967,"comment_status":"open","ping_status":"closed","template":"","meta":{"_acf_changed":false},"product_cat":[107,109,108],"product_tag":[],"class_list":{"0":"post-18228","1":"product","2":"type-product","3":"status-publish","4":"has-post-thumbnail","6":"product_cat-disques","7":"product_cat-le-roc-clip-z","8":"product_cat-disque-super-plat-le-roc-clip-z","10":"first","11":"instock","12":"shipping-taxable","13":"product-type-simple"},"acf":[],"aioseo_notices":[],"_links":{"self":[{"href":"https:\/\/plate2000.com\/fr\/wp-json\/wp\/v2\/product\/18228","targetHints":{"allow":["GET"]}}],"collection":[{"href":"https:\/\/plate2000.com\/fr\/wp-json\/wp\/v2\/product"}],"about":[{"href":"https:\/\/plate2000.com\/fr\/wp-json\/wp\/v2\/types\/product"}],"replies":[{"embeddable":true,"href":"https:\/\/plate2000.com\/fr\/wp-json\/wp\/v2\/comments?post=18228"}],"version-history":[{"count":0,"href":"https:\/\/plate2000.com\/fr\/wp-json\/wp\/v2\/product\/18228\/revisions"}],"wp:featuredmedia":[{"embeddable":true,"href":"https:\/\/plate2000.com\/fr\/wp-json\/wp\/v2\/media\/17967"}],"wp:attachment":[{"href":"https:\/\/plate2000.com\/fr\/wp-json\/wp\/v2\/media?parent=18228"}],"wp:term":[{"taxonomy":"product_cat","embeddable":true,"href":"https:\/\/plate2000.com\/fr\/wp-json\/wp\/v2\/product_cat?post=18228"},{"taxonomy":"product_tag","embeddable":true,"href":"https:\/\/plate2000.com\/fr\/wp-json\/wp\/v2\/product_tag?post=18228"}],"curies":[{"name":"wp","href":"https:\/\/api.w.org\/{rel}","templated":true}]}}