{"id":18260,"date":"2023-12-18T03:27:49","date_gmt":"2023-12-18T03:27:49","guid":{"rendered":"https:\/\/plate2000.com\/product\/qcf81884-8x18x0084-quick-connect-reversible-combo-rounded-finish\/"},"modified":"2024-04-30T02:55:38","modified_gmt":"2024-04-30T02:55:38","slug":"qcf81884-8x18x0084-quick-connect-reversible-combo-rounded-finish","status":"publish","type":"product","link":"https:\/\/plate2000.com\/fr\/product\/lames-de-truelles\/versi-pro\/connexion-rapide-versi-pro\/qcf81884-8x18x0084-quick-connect-reversible-combo-rounded-finish\/","title":{"rendered":"QCF81884 8&#8243;X18&#8243;X0,084&#8243;"},"content":{"rendered":"<p>Fabriqu\u00e9es en acier de haute qualit\u00e9, d\u00e9couvrez nos 3 collections : Power Pro, Flexi-Pro, Versi-Pro relatives \u00e0 l&#8217;\u00e9paisseur de nos lames de truelles, disponibles en diff\u00e9rentes tailles et formes, ce qui les rend adapt\u00e9es \u00e0 un large \u00e9ventail d&#8217;applications. Qu&#8217;il s&#8217;agisse de petits d\u00e9tails complexes ou de grandes surfaces, nos lames de truelle peuvent s&#8217;acquitter de n&#8217;importe quelle t\u00e2che avec facilit\u00e9. Que vous soyez un entrepreneur professionnel ou un bricoleur enthousiaste, nos lames de truelle sont le compl\u00e9ment id\u00e9al de votre collection d&#8217;outils. Elles sont fabriqu\u00e9es avec des mat\u00e9riaux de haute qualit\u00e9, ce qui leur assure une durabilit\u00e9 et une r\u00e9sistance exceptionnelles.<\/p>\n","protected":false},"excerpt":{"rendered":"<p>0.084&#8221; d\u2019\u00e9paisseur. Fabriqu\u00e9 en acier de haute qualit\u00e9. Con\u00e7u pour une dur\u00e9e de vie plus longue et de meilleures performances. La fixation rapide offre une alternative simple et efficace de vissage sur le disque. Plus de flexibilit\u00e9 gr\u00e2ce \u00e0 la barre de montage d\u00e9centr\u00e9e. Fournit des planchers de finition mat. Donne une finition lisse pour r\u00e9duire le temps de polissage. Utilis\u00e9 pour les op\u00e9rations de nivellement et de finition. Les sols \u00e0 finition mate sont les moins chers \u00e0 r\u00e9aliser. Toutes les lames sont vendues 4 unit\u00e9s par bo\u00eete. 100 bo\u00eetes par palette.<\/p>\n","protected":false},"featured_media":17839,"comment_status":"open","ping_status":"closed","template":"","meta":{"_acf_changed":false},"product_cat":[101,119,126],"product_tag":[],"class_list":{"0":"post-18260","1":"product","2":"type-product","3":"status-publish","4":"has-post-thumbnail","6":"product_cat-lames-de-truelles","7":"product_cat-versi-pro","8":"product_cat-connexion-rapide-versi-pro","10":"first","11":"instock","12":"shipping-taxable","13":"product-type-simple"},"acf":[],"aioseo_notices":[],"_links":{"self":[{"href":"https:\/\/plate2000.com\/fr\/wp-json\/wp\/v2\/product\/18260","targetHints":{"allow":["GET"]}}],"collection":[{"href":"https:\/\/plate2000.com\/fr\/wp-json\/wp\/v2\/product"}],"about":[{"href":"https:\/\/plate2000.com\/fr\/wp-json\/wp\/v2\/types\/product"}],"replies":[{"embeddable":true,"href":"https:\/\/plate2000.com\/fr\/wp-json\/wp\/v2\/comments?post=18260"}],"version-history":[{"count":0,"href":"https:\/\/plate2000.com\/fr\/wp-json\/wp\/v2\/product\/18260\/revisions"}],"wp:featuredmedia":[{"embeddable":true,"href":"https:\/\/plate2000.com\/fr\/wp-json\/wp\/v2\/media\/17839"}],"wp:attachment":[{"href":"https:\/\/plate2000.com\/fr\/wp-json\/wp\/v2\/media?parent=18260"}],"wp:term":[{"taxonomy":"product_cat","embeddable":true,"href":"https:\/\/plate2000.com\/fr\/wp-json\/wp\/v2\/product_cat?post=18260"},{"taxonomy":"product_tag","embeddable":true,"href":"https:\/\/plate2000.com\/fr\/wp-json\/wp\/v2\/product_tag?post=18260"}],"curies":[{"name":"wp","href":"https:\/\/api.w.org\/{rel}","templated":true}]}}