{"id":18277,"date":"2023-12-18T03:27:04","date_gmt":"2023-12-18T03:27:04","guid":{"rendered":"https:\/\/plate2000.com\/product\/pas62-6\/"},"modified":"2026-03-19T22:53:02","modified_gmt":"2026-03-19T22:53:02","slug":"pas62-6","status":"publish","type":"product","link":"https:\/\/plate2000.com\/fr\/product\/protecteurs-de-disques\/systeme-le-grand-pas\/pas62-6\/","title":{"rendered":"PAS62-6 PROTECTEUR DE DISQUE LE GRAND PAS"},"content":{"rendered":"<p>Notre derni\u00e8re innovation, le syst\u00e8me Le Grand Pas, change la donne.<\/p>\n<p>Il est parfait pour niveler les sols et prolonger la dur\u00e9e de vie des lames de finition, rendant ainsi le travail plus facile que jamais.<\/p>\n<p>Le syst\u00e8me Le Grand Pas (Big Foot) a \u00e9t\u00e9 cr\u00e9\u00e9 dans le but de prolonger la dur\u00e9e de vie des lames de finition tout en am\u00e9liorant simultan\u00e9ment la plan\u00e9it\u00e9 de la finition en b\u00e9ton. Notre conception innovante brevet\u00e9e atteint cet objectif en r\u00e9partissant efficacement le poids de la taloche m\u00e9canique.<\/p>\n<p>Cela se traduit par des temps de finition plus rapides et augmente la durabilit\u00e9 de la lame de finition.<\/p>\n<p>Contrairement \u00e0 une lame de finition classique qui n&#8217;a que 40 % de sa surface en contact avec le b\u00e9ton, 70 % de la surface du Big Foot entre en contact avec le b\u00e9ton.&#8221;<\/p>\n","protected":false},"excerpt":{"rendered":"<ul>\n<li>Innovation brevet\u00e9e. Prolonge la dur\u00e9e de vie des disques.<\/li>\n<li>Fabriqu\u00e9 en acier de haute qualit\u00e9 pour une meilleure durabilit\u00e9.<\/li>\n<li>Am\u00e9liore la plan\u00e9it\u00e9 des dalles de b\u00e9ton.<\/li>\n<li>Meilleure r\u00e9partition du poids et am\u00e9lioration des caract\u00e9ristiques d&#8217;usure.<\/li>\n<li>70% de la surface du Big Foot s\u2019engage avec le b\u00e9ton.<\/li>\n<li>Accessoires de goupille de verrouillage disponibles.(Ref : Latch &#8211; Pas)<\/li>\n<li>Convient aux machines \u00e0 6 lames.<\/li>\n<li>S\u2019adapte sous les plus grandes machines.<\/li>\n<\/ul>\n","protected":false},"featured_media":17772,"comment_status":"open","ping_status":"closed","template":"","meta":{"_acf_changed":false},"product_cat":[128,129],"product_tag":[],"class_list":{"0":"post-18277","1":"product","2":"type-product","3":"status-publish","4":"has-post-thumbnail","6":"product_cat-protecteurs-de-disques","7":"product_cat-systeme-le-grand-pas","9":"first","10":"instock","11":"shipping-taxable","12":"product-type-simple"},"acf":[],"aioseo_notices":[],"_links":{"self":[{"href":"https:\/\/plate2000.com\/fr\/wp-json\/wp\/v2\/product\/18277","targetHints":{"allow":["GET"]}}],"collection":[{"href":"https:\/\/plate2000.com\/fr\/wp-json\/wp\/v2\/product"}],"about":[{"href":"https:\/\/plate2000.com\/fr\/wp-json\/wp\/v2\/types\/product"}],"replies":[{"embeddable":true,"href":"https:\/\/plate2000.com\/fr\/wp-json\/wp\/v2\/comments?post=18277"}],"version-history":[{"count":2,"href":"https:\/\/plate2000.com\/fr\/wp-json\/wp\/v2\/product\/18277\/revisions"}],"predecessor-version":[{"id":23370,"href":"https:\/\/plate2000.com\/fr\/wp-json\/wp\/v2\/product\/18277\/revisions\/23370"}],"wp:featuredmedia":[{"embeddable":true,"href":"https:\/\/plate2000.com\/fr\/wp-json\/wp\/v2\/media\/17772"}],"wp:attachment":[{"href":"https:\/\/plate2000.com\/fr\/wp-json\/wp\/v2\/media?parent=18277"}],"wp:term":[{"taxonomy":"product_cat","embeddable":true,"href":"https:\/\/plate2000.com\/fr\/wp-json\/wp\/v2\/product_cat?post=18277"},{"taxonomy":"product_tag","embeddable":true,"href":"https:\/\/plate2000.com\/fr\/wp-json\/wp\/v2\/product_tag?post=18277"}],"curies":[{"name":"wp","href":"https:\/\/api.w.org\/{rel}","templated":true}]}}