{"id":18290,"date":"2023-12-18T03:26:32","date_gmt":"2023-12-18T03:26:32","guid":{"rendered":"https:\/\/plate2000.com\/product\/p2k-cba-033-1-3\/"},"modified":"2026-02-10T18:41:03","modified_gmt":"2026-02-10T18:41:03","slug":"p2k-cba-033-1-3","status":"publish","type":"product","link":"https:\/\/plate2000.com\/fr\/product\/systeme-de-tremie-a-beton\/systeme-de-tremie-a-beton-en-aluminium\/p2k-cba-033-1-3\/","title":{"rendered":"P2K-CBA-033 TR\u00c9MIE \u00c0 B\u00c9TON EN ALUMINIUM PETIT 1\/3 CU.YD."},"content":{"rendered":"<p>Nos tr\u00e9mies en aluminium sont con\u00e7us et fabriqu\u00e9s pour satisfaire ou d\u00e9passer les normes nord-am\u00e9ricaines rigoureuses, tout en respectant les r\u00e8glements de l&#8217;ASME. Gr\u00e2ce \u00e0 notre engagement en mati\u00e8re de qualit\u00e9 et \u00e0 notre respect des r\u00e9glementations industrielles, vous pouvez faire confiance \u00e0 nos tr\u00e9mies \u00e0 b\u00e9ton en aluminium pour vous offrir des performances fiables et durables sur vos projets de construction. En ce qui concerne les accessoires des tr\u00e9mies, une large gamme de chutes lat\u00e9rales est disponible. Il existe 8 mod\u00e8les diff\u00e9rents pour chaque famille (compatibles au sein de la famille), ce qui donne un total de 24 mod\u00e8les. Les diff\u00e9rences entre les chutes lat\u00e9rales sont les suivantes : courte ou longue, conique ou non conique et aluminium ou acier. En ce qui concerne les accessoires pour les tr\u00e9mies, la compatibilit\u00e9 est assur\u00e9e au sein d&#8217;une m\u00eame famille de tr\u00e9mies. Les tr\u00e9mies de la m\u00eame famille (petit : 1\/3, \u00bd et \u00be, moyens : 1, 1-\u00bc, 1-\u00bd et 2, grands : 2-\u00bd, 3, 4 et 5) partagent le m\u00eame syst\u00e8me d&#8217;ouverture, la chute lat\u00e9rale, les tr\u00e9mies et les attaches pour chariot \u00e9l\u00e9vateur (attache pour chariot \u00e9l\u00e9vateur disponible pour les familles petites et moyennes seulement). La seule exception est la barre de levage, qui peut varier au sein d&#8217;une m\u00eame famille de tr\u00e9mies.<\/p>\n<ul>\n<li><strong><strong>Chutes Compatibles<\/strong><\/strong>&nbsp;\n<p><b>CHUTE LAT\u00c9RALE EN ACIER<\/b><\/li>\n<\/ul>\n<table width=\"1485\">\n<tbody>\n<tr>\n<td width=\"453\">P2K CODE PRODUIT<\/td>\n<td width=\"413\">DESCRIPTION<\/td>\n<td width=\"460\">MOD\u00c8LE<\/td>\n<td width=\"159\">Poids unitaire (LBS)<\/td>\n<\/tr>\n<tr>\n<td>CBS-SSS-075<\/td>\n<td>SIDE | 4-13\/16\u2019\u2019 X 14-3\/4\u2019\u2019 X 40\u2019\u2019<\/td>\n<td>SHORT<\/td>\n<td>24<\/td>\n<\/tr>\n<tr>\n<td>CBS-SRS-075<\/td>\n<td>SIDE | 4-13\/16\u2019\u2019 X 14-3\/4\u2019\u2019 X 40\u2019\u2019<\/td>\n<td>SHORT &amp; TAPERED TO 4-15\/16\u2019\u2019 X 8-3\/16\u2019\u2019<\/td>\n<td>24<\/td>\n<\/tr>\n<tr>\n<td>CBS-SSL-075<\/td>\n<td>SIDE | 4-13\/16\u2019\u2019 X 14-3\/4\u2019\u2019 X 51-1\/2\u2019\u2019<\/td>\n<td>LONG<\/td>\n<td>29<\/td>\n<\/tr>\n<tr>\n<td>CBS-SRL-075<\/td>\n<td>SIDE | 4-13\/16\u2019\u2019 X 14-3\/4\u2019\u2019 X 51-1\/2\u2019\u2019<\/td>\n<td>LONG &amp; TAPERED TO 4-15\/16\u2019\u2019 X 8-3\/16\u2019\u2019<\/td>\n<td>29<\/td>\n<\/tr>\n<\/tbody>\n<\/table>\n<p><strong><br \/>\n<b>\u00a0 \u00a0 \u00a0 \u00a0 \u00a0 \u00a0 CHUTE LAT\u00c9RALE EN ALUMINIUM<\/b><br \/>\n<\/strong><\/p>\n<table width=\"1485\">\n<tbody>\n<tr>\n<td width=\"453\">CBA-SSS-075<\/td>\n<td width=\"413\">SIDE | 4-13\/16\u2019\u2019 X 14-3\/4\u2019\u2019 X 40\u2019\u2019<\/td>\n<td width=\"460\">SHORT<\/td>\n<td width=\"159\">14<\/td>\n<\/tr>\n<tr>\n<td>CBA-SRS-075<\/td>\n<td>SIDE | 4-13\/16\u2019\u2019 X 14-3\/4\u2019\u2019 X 40\u2019\u2019<\/td>\n<td>SHORT &amp; TAPERED TO 5\u2019\u2019 X 8-1\/16\u2019\u2019<\/td>\n<td>14<\/td>\n<\/tr>\n<tr>\n<td>CBA-SSL-075<\/td>\n<td>SIDE | 4-13\/16\u2019\u2019 X 14-3\/4\u2019\u2019 X 51-1\/2\u2019\u2019<\/td>\n<td>LONG<\/td>\n<td>17<\/td>\n<\/tr>\n<tr>\n<td>CBA-SRL-075<\/td>\n<td>SIDE | 4-13\/16\u2019\u2019 X 14-3\/4\u2019\u2019 X 51-1\/2\u2019\u2019<\/td>\n<td>LONG &amp; TAPERED TO 5\u2019\u2019 X 8-1\/16\u2019\u2019<\/td>\n<td>17<\/td>\n<\/tr>\n<\/tbody>\n<\/table>\n","protected":false},"excerpt":{"rendered":"<ul>\n<li>Fabriqu\u00e9 en aluminium de haute qualit\u00e9.<\/li>\n<li>Con\u00e7u pour r\u00e9pondre aux normes ASME.<\/li>\n<li>Coins, base et bords renforc\u00e9s pour une dur\u00e9e de vie prolong\u00e9e.<\/li>\n<li>Les renforts d\u2019angle aident \u00e0 maintenir le parall\u00e9lisme des c\u00f4t\u00e9s et \u00e0 am\u00e9liorer les performances d\u2019\u00e9tanch\u00e9it\u00e9.<\/li>\n<li>Taille : 1\/3 Cu Yd<\/li>\n<li>Capacit\u00e9 de charge : 1310 lbs<\/li>\n<li>Peut facilement remplacer le syst\u00e8me d&#8217;ouverture, la barre barre de levage et accessoires s\u00e9par\u00e9ment du cadre de la benne.<\/li>\n<li>La poign\u00e9e de la trappe offre une grande facilit\u00e9 de manipulation lorsque la tr\u00e9mie est remplie.<\/li>\n<li>Manilles et cha\u00eene de levage inclus.<\/li>\n<li>La chute \u00e0 b\u00e9ton en aluminium ou en acier est disponible s\u00e9par\u00e9ment.<\/li>\n<\/ul>\n","protected":false},"featured_media":22827,"comment_status":"open","ping_status":"closed","template":"","meta":{"_acf_changed":false},"product_cat":[130,131],"product_tag":[],"class_list":{"0":"post-18290","1":"product","2":"type-product","3":"status-publish","4":"has-post-thumbnail","6":"product_cat-systeme-de-tremie-a-beton-en-aluminium","7":"product_cat-systeme-de-tremie-a-beton","9":"first","10":"instock","11":"shipping-taxable","12":"product-type-simple"},"acf":[],"aioseo_notices":[],"_links":{"self":[{"href":"https:\/\/plate2000.com\/fr\/wp-json\/wp\/v2\/product\/18290","targetHints":{"allow":["GET"]}}],"collection":[{"href":"https:\/\/plate2000.com\/fr\/wp-json\/wp\/v2\/product"}],"about":[{"href":"https:\/\/plate2000.com\/fr\/wp-json\/wp\/v2\/types\/product"}],"replies":[{"embeddable":true,"href":"https:\/\/plate2000.com\/fr\/wp-json\/wp\/v2\/comments?post=18290"}],"version-history":[{"count":5,"href":"https:\/\/plate2000.com\/fr\/wp-json\/wp\/v2\/product\/18290\/revisions"}],"predecessor-version":[{"id":22938,"href":"https:\/\/plate2000.com\/fr\/wp-json\/wp\/v2\/product\/18290\/revisions\/22938"}],"wp:featuredmedia":[{"embeddable":true,"href":"https:\/\/plate2000.com\/fr\/wp-json\/wp\/v2\/media\/22827"}],"wp:attachment":[{"href":"https:\/\/plate2000.com\/fr\/wp-json\/wp\/v2\/media?parent=18290"}],"wp:term":[{"taxonomy":"product_cat","embeddable":true,"href":"https:\/\/plate2000.com\/fr\/wp-json\/wp\/v2\/product_cat?post=18290"},{"taxonomy":"product_tag","embeddable":true,"href":"https:\/\/plate2000.com\/fr\/wp-json\/wp\/v2\/product_tag?post=18290"}],"curies":[{"name":"wp","href":"https:\/\/api.w.org\/{rel}","templated":true}]}}