{"id":18296,"date":"2023-12-18T03:26:12","date_gmt":"2023-12-18T03:26:12","guid":{"rendered":"https:\/\/plate2000.com\/product\/gal_slider_8x29_set-galvanized-steel-knee-board-slider-no-knee-pad-set-of-2\/"},"modified":"2025-01-31T22:59:48","modified_gmt":"2025-01-31T22:59:48","slug":"gal_slider_8x29_set-galvanized-steel-knee-board-slider-no-knee-pad-set-of-2","status":"publish","type":"product","link":"https:\/\/plate2000.com\/fr\/product\/glissiere-pour-genouilleres-fr\/gal_slider_8x29_set-galvanized-steel-knee-board-slider-no-knee-pad-set-of-2\/","title":{"rendered":"GAL_SLIDER_8X29_SET GLISSI\u00c8RE SANS GENOUILL\u00c8RES EN ACIER GALVANIS\u00c9 &#8211; LOT DE 2"},"content":{"rendered":"","protected":false},"excerpt":{"rendered":"<p>Fabriqu\u00e9 en acier galvanis\u00e9 robuste pour des performances durables. Les genouill\u00e8res ne sont pas incluses. Toutes les planches de finition \u00e0 genoux sont vendus par ensembles de 2 par kit.<\/p>\n","protected":false},"featured_media":17694,"comment_status":"open","ping_status":"closed","template":"","meta":{"_acf_changed":false},"product_cat":[177],"product_tag":[],"class_list":{"0":"post-18296","1":"product","2":"type-product","3":"status-publish","4":"has-post-thumbnail","6":"product_cat-glissiere-pour-genouilleres-fr","8":"first","9":"instock","10":"shipping-taxable","11":"product-type-simple"},"acf":[],"aioseo_notices":[],"_links":{"self":[{"href":"https:\/\/plate2000.com\/fr\/wp-json\/wp\/v2\/product\/18296","targetHints":{"allow":["GET"]}}],"collection":[{"href":"https:\/\/plate2000.com\/fr\/wp-json\/wp\/v2\/product"}],"about":[{"href":"https:\/\/plate2000.com\/fr\/wp-json\/wp\/v2\/types\/product"}],"replies":[{"embeddable":true,"href":"https:\/\/plate2000.com\/fr\/wp-json\/wp\/v2\/comments?post=18296"}],"version-history":[{"count":1,"href":"https:\/\/plate2000.com\/fr\/wp-json\/wp\/v2\/product\/18296\/revisions"}],"predecessor-version":[{"id":22098,"href":"https:\/\/plate2000.com\/fr\/wp-json\/wp\/v2\/product\/18296\/revisions\/22098"}],"wp:featuredmedia":[{"embeddable":true,"href":"https:\/\/plate2000.com\/fr\/wp-json\/wp\/v2\/media\/17694"}],"wp:attachment":[{"href":"https:\/\/plate2000.com\/fr\/wp-json\/wp\/v2\/media?parent=18296"}],"wp:term":[{"taxonomy":"product_cat","embeddable":true,"href":"https:\/\/plate2000.com\/fr\/wp-json\/wp\/v2\/product_cat?post=18296"},{"taxonomy":"product_tag","embeddable":true,"href":"https:\/\/plate2000.com\/fr\/wp-json\/wp\/v2\/product_tag?post=18296"}],"curies":[{"name":"wp","href":"https:\/\/api.w.org\/{rel}","templated":true}]}}