{"id":18297,"date":"2023-12-18T03:26:12","date_gmt":"2023-12-18T03:26:12","guid":{"rendered":"https:\/\/plate2000.com\/product\/gal_knee_slider_8x29_set-galvanized-steel-knee-board-slider-set-of-2\/"},"modified":"2025-01-31T22:59:48","modified_gmt":"2025-01-31T22:59:48","slug":"gal_knee_slider_8x29_set-galvanized-steel-knee-board-slider-set-of-2","status":"publish","type":"product","link":"https:\/\/plate2000.com\/fr\/product\/glissiere-pour-genouilleres-fr\/gal_knee_slider_8x29_set-galvanized-steel-knee-board-slider-set-of-2\/","title":{"rendered":"GAL_KNEE_SLIDER_8X29_SET GLISSI\u00c8RE AVEC GENOUILL\u00c8RES EN ACIER GALVANIS\u00c9 &#8211; LOT DE 2"},"content":{"rendered":"","protected":false},"excerpt":{"rendered":"<p>Fabriqu\u00e9 en acier galvanis\u00e9 robuste pour des performances durables. Longueur modulable pour un ajustement personnalis\u00e9 pr\u00e9cis. Genouill\u00e8re int\u00e9gr\u00e9e pour plus de confort et de soutien. \u00c9crou papillon pratique pour un r\u00e9glage facile. Toutes les planches de finition \u00e0 genoux sont vendus par ensembles de 2 par kit.<\/p>\n","protected":false},"featured_media":17692,"comment_status":"open","ping_status":"closed","template":"","meta":{"_acf_changed":false},"product_cat":[177],"product_tag":[],"class_list":{"0":"post-18297","1":"product","2":"type-product","3":"status-publish","4":"has-post-thumbnail","6":"product_cat-glissiere-pour-genouilleres-fr","8":"first","9":"instock","10":"shipping-taxable","11":"product-type-simple"},"acf":[],"aioseo_notices":[],"_links":{"self":[{"href":"https:\/\/plate2000.com\/fr\/wp-json\/wp\/v2\/product\/18297","targetHints":{"allow":["GET"]}}],"collection":[{"href":"https:\/\/plate2000.com\/fr\/wp-json\/wp\/v2\/product"}],"about":[{"href":"https:\/\/plate2000.com\/fr\/wp-json\/wp\/v2\/types\/product"}],"replies":[{"embeddable":true,"href":"https:\/\/plate2000.com\/fr\/wp-json\/wp\/v2\/comments?post=18297"}],"version-history":[{"count":1,"href":"https:\/\/plate2000.com\/fr\/wp-json\/wp\/v2\/product\/18297\/revisions"}],"predecessor-version":[{"id":22099,"href":"https:\/\/plate2000.com\/fr\/wp-json\/wp\/v2\/product\/18297\/revisions\/22099"}],"wp:featuredmedia":[{"embeddable":true,"href":"https:\/\/plate2000.com\/fr\/wp-json\/wp\/v2\/media\/17692"}],"wp:attachment":[{"href":"https:\/\/plate2000.com\/fr\/wp-json\/wp\/v2\/media?parent=18297"}],"wp:term":[{"taxonomy":"product_cat","embeddable":true,"href":"https:\/\/plate2000.com\/fr\/wp-json\/wp\/v2\/product_cat?post=18297"},{"taxonomy":"product_tag","embeddable":true,"href":"https:\/\/plate2000.com\/fr\/wp-json\/wp\/v2\/product_tag?post=18297"}],"curies":[{"name":"wp","href":"https:\/\/api.w.org\/{rel}","templated":true}]}}