{"id":18326,"date":"2023-12-18T03:24:59","date_gmt":"2023-12-18T03:24:59","guid":{"rendered":"https:\/\/plate2000.com\/product\/fl105175-float-clip-on-17-5-x-10-5-for-boren-blade\/"},"modified":"2024-04-30T03:04:25","modified_gmt":"2024-04-30T03:04:25","slug":"fl105175-float-clip-on-17-5-x-10-5-for-boren-blade","status":"publish","type":"product","link":"https:\/\/plate2000.com\/fr\/product\/disques\/lames-flottantes\/fl105175-float-clip-on-17-5-x-10-5-for-boren-blade\/","title":{"rendered":"FL105175 LAMES FLOTTANTES 17.5&#8221; X 11&#8221; POUR BOREN BLADE"},"content":{"rendered":"<p>Le flottes de d\u00e9part avec clip\/attache est fabriqu\u00e9 \u00e0 partir d&#8217;aciers de haute qualit\u00e9 sp\u00e9cialement con\u00e7us pour s&#8217;adapter aux lames de truelles de finition ou combin\u00e9es. Lorsqu&#8217;il est plac\u00e9 dans une position \u00e0 plat, l&#8217;aspiration et la vibration du moteur poussent les plus gros agr\u00e9gats vers le bas et am\u00e8nent le mortier \u00e0 la surface &bull; le tout produisant une dalle uniforme et nivel\u00e9e.<\/p>\n","protected":false},"excerpt":{"rendered":"<p>Fabriqu\u00e9 en acier de haute qualit\u00e9 de calibre 10 pour une meilleure durabilit\u00e9. Compatible avec les lames de truelle Boren. Permet d&#8217;obtenir une dalle de niveau uniforme. Une l\u00e9g\u00e8re courbure sur les quatre c\u00f4t\u00e9s emp\u00eache la lame de s&#8217;enfoncer dans le b\u00e9ton. Disponible avec des clips pour s&#8217;adapter aux lames de finition ou aux lames combin\u00e9es. Toutes les lames sont vendues par bo\u00eete de 4 unit\u00e9s. 100 bo\u00eetes par palette.<\/p>\n","protected":false},"featured_media":17577,"comment_status":"open","ping_status":"closed","template":"","meta":{"_acf_changed":false},"product_cat":[107,136],"product_tag":[],"class_list":{"0":"post-18326","1":"product","2":"type-product","3":"status-publish","4":"has-post-thumbnail","6":"product_cat-disques","7":"product_cat-lames-flottantes","9":"first","10":"instock","11":"shipping-taxable","12":"product-type-simple"},"acf":[],"aioseo_notices":[],"_links":{"self":[{"href":"https:\/\/plate2000.com\/fr\/wp-json\/wp\/v2\/product\/18326","targetHints":{"allow":["GET"]}}],"collection":[{"href":"https:\/\/plate2000.com\/fr\/wp-json\/wp\/v2\/product"}],"about":[{"href":"https:\/\/plate2000.com\/fr\/wp-json\/wp\/v2\/types\/product"}],"replies":[{"embeddable":true,"href":"https:\/\/plate2000.com\/fr\/wp-json\/wp\/v2\/comments?post=18326"}],"version-history":[{"count":0,"href":"https:\/\/plate2000.com\/fr\/wp-json\/wp\/v2\/product\/18326\/revisions"}],"wp:featuredmedia":[{"embeddable":true,"href":"https:\/\/plate2000.com\/fr\/wp-json\/wp\/v2\/media\/17577"}],"wp:attachment":[{"href":"https:\/\/plate2000.com\/fr\/wp-json\/wp\/v2\/media?parent=18326"}],"wp:term":[{"taxonomy":"product_cat","embeddable":true,"href":"https:\/\/plate2000.com\/fr\/wp-json\/wp\/v2\/product_cat?post=18326"},{"taxonomy":"product_tag","embeddable":true,"href":"https:\/\/plate2000.com\/fr\/wp-json\/wp\/v2\/product_tag?post=18326"}],"curies":[{"name":"wp","href":"https:\/\/api.w.org\/{rel}","templated":true}]}}