{"id":18364,"date":"2023-12-18T03:23:11","date_gmt":"2023-12-18T03:23:11","guid":{"rendered":"https:\/\/plate2000.com\/product\/co818375prp-8-x-18-x-0375-plastic-combo-blade\/"},"modified":"2024-04-30T03:33:21","modified_gmt":"2024-04-30T03:33:21","slug":"co818375prp-8-x-18-x-0375-plastic-combo-blade","status":"publish","type":"product","link":"https:\/\/plate2000.com\/fr\/product\/lames-de-truelles\/plastique-pro\/combinee-plastique-pro\/co818375prp-8-x-18-x-0375-plastic-combo-blade\/","title":{"rendered":"CO818375PRP 8&#8243; X 18&#8243; X 0,375&#8243;"},"content":{"rendered":"<p>La gamme Plastic Pro est sp\u00e9cialement con\u00e7ue pour r\u00e9pondre aux besoins des finisseurs qui travaillent avec du b\u00e9ton color\u00e9 et r\u00e9pond au probl\u00e8me courant des marques de brunissage. Gr\u00e2ce \u00e0 leur conception innovante, ces lames offrent une performance sans faille et adaptable, garantissant la pr\u00e9vention de la casse et la stabilit\u00e9 n\u00e9cessaire pour obtenir une finition parfaite. Gr\u00e2ce \u00e0 leur conception innovante, ces lames offrent des performances continues et adaptables, garantissant la pr\u00e9vention des ruptures et la stabilit\u00e9 n\u00e9cessaire pour obtenir une finition impeccable. La ligne Plastic Pro, avec ses deux \u00e9paisseurs et sa construction en plastique \u00e0 haute r\u00e9sistance, garantit une plus longue dur\u00e9e de vie possible.<\/p>\n","protected":false},"excerpt":{"rendered":"<p>0,375&#8221; d&#8217;\u00e9paisseur. Fabriqu\u00e9 en plastique ph\u00e9nolique renforc\u00e9. \u00c9limine le risque de laisser des traces sombres de brunissage. Permet une finition pr\u00e9cise au plus pr\u00e8s des murs. Procure une finition lisse. Peut \u00eatre utilis\u00e9 sur une machine autoport\u00e9e seulement. Toutes les lames sont vendues par bo\u00eete de 4 unit\u00e9s. 100 bo\u00eetes par palette.<\/p>\n","protected":false},"featured_media":17423,"comment_status":"open","ping_status":"closed","template":"","meta":{"_acf_changed":false},"product_cat":[144,103,101],"product_tag":[],"class_list":{"0":"post-18364","1":"product","2":"type-product","3":"status-publish","4":"has-post-thumbnail","6":"product_cat-combinee-plastique-pro","7":"product_cat-plastique-pro","8":"product_cat-lames-de-truelles","10":"first","11":"instock","12":"shipping-taxable","13":"product-type-simple"},"acf":[],"aioseo_notices":[],"_links":{"self":[{"href":"https:\/\/plate2000.com\/fr\/wp-json\/wp\/v2\/product\/18364","targetHints":{"allow":["GET"]}}],"collection":[{"href":"https:\/\/plate2000.com\/fr\/wp-json\/wp\/v2\/product"}],"about":[{"href":"https:\/\/plate2000.com\/fr\/wp-json\/wp\/v2\/types\/product"}],"replies":[{"embeddable":true,"href":"https:\/\/plate2000.com\/fr\/wp-json\/wp\/v2\/comments?post=18364"}],"version-history":[{"count":0,"href":"https:\/\/plate2000.com\/fr\/wp-json\/wp\/v2\/product\/18364\/revisions"}],"wp:featuredmedia":[{"embeddable":true,"href":"https:\/\/plate2000.com\/fr\/wp-json\/wp\/v2\/media\/17423"}],"wp:attachment":[{"href":"https:\/\/plate2000.com\/fr\/wp-json\/wp\/v2\/media?parent=18364"}],"wp:term":[{"taxonomy":"product_cat","embeddable":true,"href":"https:\/\/plate2000.com\/fr\/wp-json\/wp\/v2\/product_cat?post=18364"},{"taxonomy":"product_tag","embeddable":true,"href":"https:\/\/plate2000.com\/fr\/wp-json\/wp\/v2\/product_tag?post=18364"}],"curies":[{"name":"wp","href":"https:\/\/api.w.org\/{rel}","templated":true}]}}