{"id":18392,"date":"2023-12-18T03:21:51","date_gmt":"2023-12-18T03:21:51","guid":{"rendered":"https:\/\/plate2000.com\/product\/cbs-srl-075-side-4-13-16-x-14-3-4-x-51-1-2-long-tapered-to-4-15-16-x-8-3-16-p2k-cba-075\/"},"modified":"2025-01-31T22:59:49","modified_gmt":"2025-01-31T22:59:49","slug":"cbs-srl-075-side-4-13-16-x-14-3-4-x-51-1-2-long-tapered-to-4-15-16-x-8-3-16-p2k-cba-075","status":"publish","type":"product","link":"https:\/\/plate2000.com\/fr\/product\/systeme-de-tremie-a-beton\/chute-a-decharge-laterale\/acier\/cbs-srl-075-side-4-13-16-x-14-3-4-x-51-1-2-long-tapered-to-4-15-16-x-8-3-16-p2k-cba-075\/","title":{"rendered":"CBS-SRL-075 CHUTE LAT\u00c9RALE, 4-13\/16&#8243; X 14-3\/4&#8243; X 51-1\/2&#8243;"},"content":{"rendered":"","protected":false},"excerpt":{"rendered":"<p>Fabriqu\u00e9 en acier de haute qualit\u00e9. Mod\u00e8le long et \u00e9troit. Aide \u00e0 placer le b\u00e9ton dans les endroits difficiles d&#8217;acc\u00e8s.<\/p>\n","protected":false},"featured_media":17311,"comment_status":"open","ping_status":"closed","template":"","meta":{"_acf_changed":false},"product_cat":[147,146,131],"product_tag":[],"class_list":{"0":"post-18392","1":"product","2":"type-product","3":"status-publish","4":"has-post-thumbnail","6":"product_cat-acier","7":"product_cat-chute-a-decharge-laterale","8":"product_cat-systeme-de-tremie-a-beton","10":"first","11":"instock","12":"shipping-taxable","13":"product-type-simple"},"acf":[],"aioseo_notices":[],"_links":{"self":[{"href":"https:\/\/plate2000.com\/fr\/wp-json\/wp\/v2\/product\/18392","targetHints":{"allow":["GET"]}}],"collection":[{"href":"https:\/\/plate2000.com\/fr\/wp-json\/wp\/v2\/product"}],"about":[{"href":"https:\/\/plate2000.com\/fr\/wp-json\/wp\/v2\/types\/product"}],"replies":[{"embeddable":true,"href":"https:\/\/plate2000.com\/fr\/wp-json\/wp\/v2\/comments?post=18392"}],"version-history":[{"count":1,"href":"https:\/\/plate2000.com\/fr\/wp-json\/wp\/v2\/product\/18392\/revisions"}],"predecessor-version":[{"id":22111,"href":"https:\/\/plate2000.com\/fr\/wp-json\/wp\/v2\/product\/18392\/revisions\/22111"}],"wp:featuredmedia":[{"embeddable":true,"href":"https:\/\/plate2000.com\/fr\/wp-json\/wp\/v2\/media\/17311"}],"wp:attachment":[{"href":"https:\/\/plate2000.com\/fr\/wp-json\/wp\/v2\/media?parent=18392"}],"wp:term":[{"taxonomy":"product_cat","embeddable":true,"href":"https:\/\/plate2000.com\/fr\/wp-json\/wp\/v2\/product_cat?post=18392"},{"taxonomy":"product_tag","embeddable":true,"href":"https:\/\/plate2000.com\/fr\/wp-json\/wp\/v2\/product_tag?post=18392"}],"curies":[{"name":"wp","href":"https:\/\/api.w.org\/{rel}","templated":true}]}}