{"id":18403,"date":"2023-12-18T03:21:18","date_gmt":"2023-12-18T03:21:18","guid":{"rendered":"https:\/\/plate2000.com\/product\/cba-srl-200-side-4-1-2-x-20-x-72-long-tapered-to-6-x-14-1-2-p2k-cba-200\/"},"modified":"2025-01-31T22:59:50","modified_gmt":"2025-01-31T22:59:50","slug":"cba-srl-200-side-4-1-2-x-20-x-72-long-tapered-to-6-x-14-1-2-p2k-cba-200","status":"publish","type":"product","link":"https:\/\/plate2000.com\/fr\/product\/systeme-de-tremie-a-beton\/chute-a-decharge-laterale\/aluminium\/cba-srl-200-side-4-1-2-x-20-x-72-long-tapered-to-6-x-14-1-2-p2k-cba-200\/","title":{"rendered":"CBA-SRL-200 CHUTE LAT\u00c9RALE, 4-1\/2&#8243; X 20&#8243; X 72&#8243;"},"content":{"rendered":"","protected":false},"excerpt":{"rendered":"<p>Fabriqu\u00e9 en aluminium de haute qualit\u00e9. Mod\u00e8le long et \u00e9troit. Aide \u00e0 placer le b\u00e9ton dans les endroits difficiles d&#8217;acc\u00e8s.<\/p>\n","protected":false},"featured_media":17266,"comment_status":"open","ping_status":"closed","template":"","meta":{"_acf_changed":false},"product_cat":[148,146,131],"product_tag":[],"class_list":{"0":"post-18403","1":"product","2":"type-product","3":"status-publish","4":"has-post-thumbnail","6":"product_cat-aluminium","7":"product_cat-chute-a-decharge-laterale","8":"product_cat-systeme-de-tremie-a-beton","10":"first","11":"instock","12":"shipping-taxable","13":"product-type-simple"},"acf":[],"aioseo_notices":[],"_links":{"self":[{"href":"https:\/\/plate2000.com\/fr\/wp-json\/wp\/v2\/product\/18403","targetHints":{"allow":["GET"]}}],"collection":[{"href":"https:\/\/plate2000.com\/fr\/wp-json\/wp\/v2\/product"}],"about":[{"href":"https:\/\/plate2000.com\/fr\/wp-json\/wp\/v2\/types\/product"}],"replies":[{"embeddable":true,"href":"https:\/\/plate2000.com\/fr\/wp-json\/wp\/v2\/comments?post=18403"}],"version-history":[{"count":1,"href":"https:\/\/plate2000.com\/fr\/wp-json\/wp\/v2\/product\/18403\/revisions"}],"predecessor-version":[{"id":22122,"href":"https:\/\/plate2000.com\/fr\/wp-json\/wp\/v2\/product\/18403\/revisions\/22122"}],"wp:featuredmedia":[{"embeddable":true,"href":"https:\/\/plate2000.com\/fr\/wp-json\/wp\/v2\/media\/17266"}],"wp:attachment":[{"href":"https:\/\/plate2000.com\/fr\/wp-json\/wp\/v2\/media?parent=18403"}],"wp:term":[{"taxonomy":"product_cat","embeddable":true,"href":"https:\/\/plate2000.com\/fr\/wp-json\/wp\/v2\/product_cat?post=18403"},{"taxonomy":"product_tag","embeddable":true,"href":"https:\/\/plate2000.com\/fr\/wp-json\/wp\/v2\/product_tag?post=18403"}],"curies":[{"name":"wp","href":"https:\/\/api.w.org\/{rel}","templated":true}]}}