{"id":18413,"date":"2023-12-18T03:20:58","date_gmt":"2023-12-18T03:20:58","guid":{"rendered":"https:\/\/plate2000.com\/product\/armwro10-10-round\/"},"modified":"2026-03-05T14:59:05","modified_gmt":"2026-03-05T14:59:05","slug":"armmqro10-10-arrondie","status":"publish","type":"product","link":"https:\/\/plate2000.com\/fr\/product\/accessoires\/bras-dattache-pour-truelles\/armmqro10-10-arrondie\/","title":{"rendered":"ARMMQRO10 10\u2019 ARRONDIE"},"content":{"rendered":"","protected":false},"excerpt":{"rendered":"<p>POUR LES POLISSEUSES \u00c0 B\u00c9TON AUTOPORT\u00c9ES DE WHITEMAN &#8211; 120&#8221; ROUND<br \/>\nMod\u00e8les: STX6H I STXD6i I MD105<\/p>\n","protected":false},"featured_media":17228,"comment_status":"open","ping_status":"closed","template":"","meta":{"_acf_changed":false},"product_cat":[101,175,149,171],"product_tag":[],"class_list":{"0":"post-18413","1":"product","2":"type-product","3":"status-publish","4":"has-post-thumbnail","6":"product_cat-lames-de-truelles","7":"product_cat-bras-dattache-pour-truelles","8":"product_cat-bras-attache-pour-truelles","9":"product_cat-accessoires","11":"first","12":"instock","13":"shipping-taxable","14":"product-type-simple"},"acf":[],"aioseo_notices":[],"_links":{"self":[{"href":"https:\/\/plate2000.com\/fr\/wp-json\/wp\/v2\/product\/18413","targetHints":{"allow":["GET"]}}],"collection":[{"href":"https:\/\/plate2000.com\/fr\/wp-json\/wp\/v2\/product"}],"about":[{"href":"https:\/\/plate2000.com\/fr\/wp-json\/wp\/v2\/types\/product"}],"replies":[{"embeddable":true,"href":"https:\/\/plate2000.com\/fr\/wp-json\/wp\/v2\/comments?post=18413"}],"version-history":[{"count":3,"href":"https:\/\/plate2000.com\/fr\/wp-json\/wp\/v2\/product\/18413\/revisions"}],"predecessor-version":[{"id":23286,"href":"https:\/\/plate2000.com\/fr\/wp-json\/wp\/v2\/product\/18413\/revisions\/23286"}],"wp:featuredmedia":[{"embeddable":true,"href":"https:\/\/plate2000.com\/fr\/wp-json\/wp\/v2\/media\/17228"}],"wp:attachment":[{"href":"https:\/\/plate2000.com\/fr\/wp-json\/wp\/v2\/media?parent=18413"}],"wp:term":[{"taxonomy":"product_cat","embeddable":true,"href":"https:\/\/plate2000.com\/fr\/wp-json\/wp\/v2\/product_cat?post=18413"},{"taxonomy":"product_tag","embeddable":true,"href":"https:\/\/plate2000.com\/fr\/wp-json\/wp\/v2\/product_tag?post=18413"}],"curies":[{"name":"wp","href":"https:\/\/api.w.org\/{rel}","templated":true}]}}