{"id":20616,"date":"2024-01-19T14:06:44","date_gmt":"2024-01-19T14:06:44","guid":{"rendered":"https:\/\/plate2000.com\/?post_type=product&#038;p=20616"},"modified":"2024-05-10T18:15:59","modified_gmt":"2024-05-10T18:15:59","slug":"p2k-agent-de-demoulage","status":"publish","type":"product","link":"https:\/\/plate2000.com\/fr\/product\/non class\u00e9\/p2k-agent-de-demoulage\/","title":{"rendered":"P2K AGENT DE D\u00c9MOULAGE"},"content":{"rendered":"\t\t<div data-elementor-type=\"product-post\" data-elementor-id=\"20616\" class=\"elementor elementor-20616 elementor-20543\" data-elementor-settings=\"{&quot;element_pack_global_tooltip_width&quot;:{&quot;unit&quot;:&quot;px&quot;,&quot;size&quot;:&quot;&quot;,&quot;sizes&quot;:[]},&quot;element_pack_global_tooltip_width_tablet&quot;:{&quot;unit&quot;:&quot;px&quot;,&quot;size&quot;:&quot;&quot;,&quot;sizes&quot;:[]},&quot;element_pack_global_tooltip_width_mobile&quot;:{&quot;unit&quot;:&quot;px&quot;,&quot;size&quot;:&quot;&quot;,&quot;sizes&quot;:[]},&quot;element_pack_global_tooltip_padding&quot;:{&quot;unit&quot;:&quot;px&quot;,&quot;top&quot;:&quot;&quot;,&quot;right&quot;:&quot;&quot;,&quot;bottom&quot;:&quot;&quot;,&quot;left&quot;:&quot;&quot;,&quot;isLinked&quot;:true},&quot;element_pack_global_tooltip_padding_tablet&quot;:{&quot;unit&quot;:&quot;px&quot;,&quot;top&quot;:&quot;&quot;,&quot;right&quot;:&quot;&quot;,&quot;bottom&quot;:&quot;&quot;,&quot;left&quot;:&quot;&quot;,&quot;isLinked&quot;:true},&quot;element_pack_global_tooltip_padding_mobile&quot;:{&quot;unit&quot;:&quot;px&quot;,&quot;top&quot;:&quot;&quot;,&quot;right&quot;:&quot;&quot;,&quot;bottom&quot;:&quot;&quot;,&quot;left&quot;:&quot;&quot;,&quot;isLinked&quot;:true},&quot;element_pack_global_tooltip_border_radius&quot;:{&quot;unit&quot;:&quot;px&quot;,&quot;top&quot;:&quot;&quot;,&quot;right&quot;:&quot;&quot;,&quot;bottom&quot;:&quot;&quot;,&quot;left&quot;:&quot;&quot;,&quot;isLinked&quot;:true},&quot;element_pack_global_tooltip_border_radius_tablet&quot;:{&quot;unit&quot;:&quot;px&quot;,&quot;top&quot;:&quot;&quot;,&quot;right&quot;:&quot;&quot;,&quot;bottom&quot;:&quot;&quot;,&quot;left&quot;:&quot;&quot;,&quot;isLinked&quot;:true},&quot;element_pack_global_tooltip_border_radius_mobile&quot;:{&quot;unit&quot;:&quot;px&quot;,&quot;top&quot;:&quot;&quot;,&quot;right&quot;:&quot;&quot;,&quot;bottom&quot;:&quot;&quot;,&quot;left&quot;:&quot;&quot;,&quot;isLinked&quot;:true}}\" data-elementor-post-type=\"product\">\n\t\t\t\t<div class=\"elementor-element elementor-element-4d59a15a e-flex e-con-boxed e-con e-parent\" data-id=\"4d59a15a\" data-element_type=\"container\" data-e-type=\"container\">\n\t\t\t\t\t<div class=\"e-con-inner\">\n\t\t\t\t<div class=\"elementor-element elementor-element-9e771fd elementor-widget elementor-widget-text-editor\" data-id=\"9e771fd\" data-element_type=\"widget\" data-e-type=\"widget\" data-widget_type=\"text-editor.default\">\n\t\t\t\t<div class=\"elementor-widget-container\">\n\t\t\t\t\t\t\t\t\t<p>P2K Protect Release est un agent de d\u00e9moulage du b\u00e9ton chimiquement actif, \u00e0 base d&#8217;huile min\u00e9rale, sp\u00e9cialement con\u00e7u pour emp\u00eacher l&#8217;adh\u00e9rence du b\u00e9ton \u00e0 l&#8217;\u00e9quipement de finition ainsi qu&#8217;aux coffrages et aux rev\u00eatements de coffrage.<\/p><p>Lib\u00e9rez le potentiel d&#8217;un travail du b\u00e9ton sans faille avec P2K PROTECT RELEASE, un agent de d\u00e9coffrage du b\u00e9ton chimiquement actif, \u00e0 base d&#8217;huile min\u00e9rale.<\/p><p><b><strong>AVANTAGES CL\u00c9S :<\/strong><\/b><\/p><ul><li><b><em><strong>Long\u00e9vit\u00e9 de l&#8217;\u00e9quipement :<\/strong><\/em><\/b> <b><em><strong>Prolongez la dur\u00e9e de vie de votre \u00e9quipement en le prot\u00e9geant efficacement contre l&#8217;accumulation de b\u00e9ton.<\/strong><\/em><\/b><\/li><li><b><em><strong>Efficacit\u00e9 en termes de temps :<\/strong><\/em><\/b> <b><em><strong>R\u00e9duisez le temps de nettoyage gr\u00e2ce \u00e0 notre agent de d\u00e9moulage sp\u00e9cialement formul\u00e9.<\/strong><\/em><\/b><\/li><li><b><em><strong>Protection contre la rouille :<\/strong><\/em><\/b> <b><em><strong>Prot\u00e9gez vos outils et votre \u00e9quipement de la rouille et maintenez-les dans un \u00e9tat optimal.<\/strong><\/em><\/b><\/li><li><b><em><strong>Performance sans r\u00e9sidus :<\/strong><\/em><\/b> <b><em><strong>P2K PROTECT RELEASE ne laisse pas de r\u00e9sidus ind\u00e9sirables, de taches ou de d\u00e9coloration, garantissant une finition impeccable.<\/strong><\/em><\/b><\/li><li><b><em><strong>R\u00e9duction de la poussi\u00e8re :<\/strong><\/em><\/b> <b><em><strong>Contribue \u00e0 rendre l&#8217;espace de travail plus propre en r\u00e9duisant la poussi\u00e8re sur le b\u00e9ton pendant l&#8217;application.<\/strong><\/em><\/b><\/li><\/ul>\t\t\t\t\t\t\t\t<\/div>\n\t\t\t\t<\/div>\n\t\t\t\t<div class=\"elementor-element elementor-element-8d018a4 elementor-widget elementor-widget-ld_button\" data-id=\"8d018a4\" data-element_type=\"widget\" data-e-type=\"widget\" data-widget_type=\"ld_button.default\">\n\t\t\t\t<div class=\"elementor-widget-container\">\n\t\t\t\t\t\n\t\t\t<a\n\t\t\t\thref=\"https:\/\/publuu.com\/flip-book\/216071\/1006613\" target=\"_blank\"class=\"elementor-button btn btn-solid btn-hover-txt-liquid-x btn-icon-right btn-has-label\"\t\t\t>\n\t\t\t\t\t\t\t\t\t<span data-text=\"Product Data INFO\" class=\"btn-txt\" data-transition-delay=\"true\" data-delay-options=\"{&quot;elements&quot;: &quot;.lqd-chars&quot;, &quot;delayType&quot;: &quot;animation&quot;, &quot;startDelay&quot;: 0, &quot;delayBetween&quot;: 32.5}\" data-split-text=\"true\" data-split-options=\"{&quot;type&quot;: &quot;chars, words&quot;}\">\n\t\t\t\t\t\tProduct Data INFO\t\t\t\t\t<\/span>\n\t\t\t\t\t\t\t\t\t\t\t\t\t\t<span class=\"btn-icon\">\n\t\t\t\t\t\t\t<svg aria-hidden=\"true\" class=\"e-font-icon-svg e-far-file-pdf\" viewBox=\"0 0 384 512\" xmlns=\"http:\/\/www.w3.org\/2000\/svg\"><path d=\"M369.9 97.9L286 14C277 5 264.8-.1 252.1-.1H48C21.5 0 0 21.5 0 48v416c0 26.5 21.5 48 48 48h288c26.5 0 48-21.5 48-48V131.9c0-12.7-5.1-25-14.1-34zM332.1 128H256V51.9l76.1 76.1zM48 464V48h160v104c0 13.3 10.7 24 24 24h104v288H48zm250.2-143.7c-12.2-12-47-8.7-64.4-6.5-17.2-10.5-28.7-25-36.8-46.3 3.9-16.1 10.1-40.6 5.4-56-4.2-26.2-37.8-23.6-42.6-5.9-4.4 16.1-.4 38.5 7 67.1-10 23.9-24.9 56-35.4 74.4-20 10.3-47 26.2-51 46.2-3.3 15.8 26 55.2 76.1-31.2 22.4-7.4 46.8-16.5 68.4-20.1 18.9 10.2 41 17 55.8 17 25.5 0 28-28.2 17.5-38.7zm-198.1 77.8c5.1-13.7 24.5-29.5 30.4-35-19 30.3-30.4 35.7-30.4 35zm81.6-190.6c7.4 0 6.7 32.1 1.8 40.8-4.4-13.9-4.3-40.8-1.8-40.8zm-24.4 136.6c9.7-16.9 18-37 24.7-54.7 8.3 15.1 18.9 27.2 30.1 35.5-20.8 4.3-38.9 13.1-54.8 19.2zm131.6-5s-5 6-37.3-7.8c35.1-2.6 40.9 5.4 37.3 7.8z\"><\/path><\/svg>\t\t\t\t\t\t<\/span>\n\t\t\t\t\t\t\t\t\t<\/a>\n\t\t\t\t\t\t\t<\/div>\n\t\t\t\t<\/div>\n\t\t\t\t\t<\/div>\n\t\t\t\t<\/div>\n\t\t<div class=\"elementor-element elementor-element-fb2da51 e-flex e-con-boxed e-con e-parent\" data-id=\"fb2da51\" data-element_type=\"container\" data-e-type=\"container\">\n\t\t\t\t\t<div class=\"e-con-inner\">\n\t\t\t\t\t<\/div>\n\t\t\t\t<\/div>\n\t\t\t\t<\/div>\n\t\t","protected":false},"excerpt":{"rendered":"<p><strong>P2K AGENT DE D\u00c9MOULAGE R\u00c9ACTIF<\/strong><\/p>\n<p><span style=\"font-weight: 400;\">P2K Protect Release est un agent de d\u00e9moulage sp\u00e9cialis\u00e9 pour b\u00e9ton qui emp\u00eache le b\u00e9ton de se lier \u00e0 l&#8217;\u00e9quipement et aux coffrages, assurant des s\u00e9parations propres et faciles. Il am\u00e9liore la long\u00e9vit\u00e9 de l&#8217;\u00e9quipement en le prot\u00e9geant contre l&#8217;accumulation de b\u00e9ton et la rouille, r\u00e9duit le temps de nettoyage et fournit une finition propre sans r\u00e9sidus. Ce produit est essentiel pour les professionnels recherchant des r\u00e9sultats de construction et de finition en b\u00e9ton efficaces et de haute qualit\u00e9.<\/span><\/p>\n","protected":false},"featured_media":20545,"comment_status":"open","ping_status":"closed","template":"","meta":{"_acf_changed":false},"product_cat":[],"product_tag":[165,166,167],"class_list":{"0":"post-20616","1":"product","2":"type-product","3":"status-publish","4":"has-post-thumbnail","6":"product_tag-agent-de-demoulage","7":"product_tag-plate-2000","8":"product_tag-p2k-protect-release-fr","10":"first","11":"instock","12":"shipping-taxable","13":"product-type-simple"},"acf":[],"aioseo_notices":[],"_links":{"self":[{"href":"https:\/\/plate2000.com\/fr\/wp-json\/wp\/v2\/product\/20616","targetHints":{"allow":["GET"]}}],"collection":[{"href":"https:\/\/plate2000.com\/fr\/wp-json\/wp\/v2\/product"}],"about":[{"href":"https:\/\/plate2000.com\/fr\/wp-json\/wp\/v2\/types\/product"}],"replies":[{"embeddable":true,"href":"https:\/\/plate2000.com\/fr\/wp-json\/wp\/v2\/comments?post=20616"}],"version-history":[{"count":0,"href":"https:\/\/plate2000.com\/fr\/wp-json\/wp\/v2\/product\/20616\/revisions"}],"wp:featuredmedia":[{"embeddable":true,"href":"https:\/\/plate2000.com\/fr\/wp-json\/wp\/v2\/media\/20545"}],"wp:attachment":[{"href":"https:\/\/plate2000.com\/fr\/wp-json\/wp\/v2\/media?parent=20616"}],"wp:term":[{"taxonomy":"product_cat","embeddable":true,"href":"https:\/\/plate2000.com\/fr\/wp-json\/wp\/v2\/product_cat?post=20616"},{"taxonomy":"product_tag","embeddable":true,"href":"https:\/\/plate2000.com\/fr\/wp-json\/wp\/v2\/product_tag?post=20616"}],"curies":[{"name":"wp","href":"https:\/\/api.w.org\/{rel}","templated":true}]}}