{"id":21425,"date":"2024-04-25T11:52:47","date_gmt":"2024-04-25T11:52:47","guid":{"rendered":"https:\/\/plate2000.com\/?post_type=product&#038;p=21425"},"modified":"2024-05-13T12:12:11","modified_gmt":"2024-05-13T12:12:11","slug":"wco8107574-truelle-combinee-8x-10-3-4x-0-074-pour-machine-j3036h55","status":"publish","type":"product","link":"https:\/\/plate2000.com\/fr\/product\/lames-de-truelles\/flexi-pro\/wco8107574-truelle-combinee-8x-10-3-4x-0-074-pour-machine-j3036h55\/","title":{"rendered":"WCO8107574 TRUELLE COMBIN\u00c9E 8\u201dX 10-3\/4\u201dX 0.074\u201d POUR MACHINE J3036H55"},"content":{"rendered":"","protected":false},"excerpt":{"rendered":"<ul>\n<li>\u00c9paisseur de 0,074&#8243;<\/li>\n<li>Fabriqu\u00e9 en acier de haute qualit\u00e9.<\/li>\n<li><strong>Compatible avec la machine Edger Whiteman \u2013 MQ J3036H55.<\/strong><\/li>\n<li>Plus de flexibilit\u00e9 gr\u00e2ce \u00e0 la barre de montage d\u00e9centr\u00e9e.<\/li>\n<li>Fournit des planchers de finition mat.<\/li>\n<li>Principalement utilis\u00e9 o\u00f9 les sols seront couverts (tapis, c\u00e9ramique).<\/li>\n<li>Les sols au fini mat sont les moins chers \u00e0 fabriquer.<\/li>\n<li>Les lames combin\u00e9es \u00e9liminent le besoin de changer de lames entre le &#8220;panning&#8221; et la finition.<\/li>\n<li>Toutes les lames sont vendues 4 unit\u00e9s par bo\u00eete. 100 bo\u00eetes par palette.<\/li>\n<\/ul>\n","protected":false},"featured_media":20795,"comment_status":"open","ping_status":"closed","template":"","meta":{"_acf_changed":false},"product_cat":[143,99,100,101],"product_tag":[],"class_list":{"0":"post-21425","1":"product","2":"type-product","3":"status-publish","4":"has-post-thumbnail","6":"product_cat-combinee-flexi-pro","7":"product_cat-a-bordure-flexi-pro","8":"product_cat-flexi-pro","9":"product_cat-lames-de-truelles","11":"first","12":"instock","13":"shipping-taxable","14":"product-type-simple"},"acf":[],"aioseo_notices":[],"_links":{"self":[{"href":"https:\/\/plate2000.com\/fr\/wp-json\/wp\/v2\/product\/21425","targetHints":{"allow":["GET"]}}],"collection":[{"href":"https:\/\/plate2000.com\/fr\/wp-json\/wp\/v2\/product"}],"about":[{"href":"https:\/\/plate2000.com\/fr\/wp-json\/wp\/v2\/types\/product"}],"replies":[{"embeddable":true,"href":"https:\/\/plate2000.com\/fr\/wp-json\/wp\/v2\/comments?post=21425"}],"version-history":[{"count":0,"href":"https:\/\/plate2000.com\/fr\/wp-json\/wp\/v2\/product\/21425\/revisions"}],"wp:featuredmedia":[{"embeddable":true,"href":"https:\/\/plate2000.com\/fr\/wp-json\/wp\/v2\/media\/20795"}],"wp:attachment":[{"href":"https:\/\/plate2000.com\/fr\/wp-json\/wp\/v2\/media?parent=21425"}],"wp:term":[{"taxonomy":"product_cat","embeddable":true,"href":"https:\/\/plate2000.com\/fr\/wp-json\/wp\/v2\/product_cat?post=21425"},{"taxonomy":"product_tag","embeddable":true,"href":"https:\/\/plate2000.com\/fr\/wp-json\/wp\/v2\/product_tag?post=21425"}],"curies":[{"name":"wp","href":"https:\/\/api.w.org\/{rel}","templated":true}]}}