{"id":22427,"date":"2024-12-04T20:05:25","date_gmt":"2024-12-04T20:05:25","guid":{"rendered":"https:\/\/plate2000.com\/?post_type=product&#038;p=22427"},"modified":"2026-02-10T18:46:45","modified_gmt":"2026-02-10T18:46:45","slug":"p2k-cbs-300-tremie-a-beton-en-acier-3-v%c2%b3","status":"publish","type":"product","link":"https:\/\/plate2000.com\/fr\/product\/systeme-de-tremie-a-beton\/systeme-de-tremie-a-beton-en-acier\/p2k-cbs-300-tremie-a-beton-en-acier-3-v%c2%b3\/","title":{"rendered":"P2K-CBS-250 TR\u00c9MIE \u00c0 B\u00c9TON EN ACIER 2 1\/2  V\u00b3"},"content":{"rendered":"<p data-start=\"0\" data-end=\"407\">Nos tr\u00e9mies \u00e0 b\u00e9ton en acier sont con\u00e7us et fabriqu\u00e9s pour respecter ou d\u00e9passer les rigoureuses normes nord-am\u00e9ricaines, tout en respectant les r\u00e9glementations de l\u2019ASME. Gr\u00e2ce \u00e0 notre engagement envers la qualit\u00e9 et notre conformit\u00e9 aux r\u00e9glementations de l\u2019industrie, vous pouvez faire confiance \u00e0 nos godets en acier pour b\u00e9ton afin d\u2019offrir des performances fiables et une durabilit\u00e9 optimale sur vos chantiers.<\/p>\n<p data-start=\"409\" data-end=\"798\">En ce qui concerne les accessoires pour godets, une large gamme de chutes lat\u00e9rales est disponible. Il existe 8 mod\u00e8les diff\u00e9rents pour chaque famille (compatibles au sein de la m\u00eame famille), ce qui donne un total de 24 mod\u00e8les. Les diff\u00e9rences entre les chutes lat\u00e9rales concernent leur longueur (courte ou longue), leur forme (\u00e9vas\u00e9e ou non) et leur mat\u00e9riau (aluminium ou acier).<\/p>\n<p data-start=\"800\" data-end=\"1314\" data-is-only-node=\"\" data-is-last-node=\"\">Pour les accessoires des tr\u00e9mies \u00e0 b\u00e9ton, la compatibilit\u00e9 est assur\u00e9e au sein d\u2019une m\u00eame famille tr\u00e9mies \u00e0 b\u00e9ton. Les tr\u00e9mies \u00e0 b\u00e9ton appartenant \u00e0 la m\u00eame famille (petits : 1\/3, \u00bd et \u00be ; moyens : 1, 1-\u00bc, 1-\u00bd et 2 ; grands : 2-\u00bd, 3, 4 et 5) partagent le m\u00eame syst\u00e8me d\u2019ouverture, la m\u00eame goulotte lat\u00e9rale, les m\u00eames tr\u00e9mies et les m\u00eames attaches pour chariot \u00e9l\u00e9vateur (disponibles uniquement pour les familles petite et moyenne).<br data-start=\"1210\" data-end=\"1213\" \/>La seule exception concerne la barre de levage, qui peut varier au sein d\u2019une m\u00eame famille de tr\u00e9mies \u00e0 b\u00e9ton.<\/p>\n<ul>\n<li><strong>Chutes Compatibles<\/strong><\/li>\n<\/ul>\n<p><strong>CHUTE LAT\u00c9RALE EN ACIER<\/strong><\/p>\n<table width=\"1485\">\n<tbody>\n<tr>\n<td width=\"453\">P2K CODE PRODUIT<\/td>\n<td width=\"413\">DESCRIPTION<\/td>\n<td width=\"460\">MOD\u00c8LE<\/td>\n<td width=\"159\">POIDS UNITAIRE (LBS)<\/td>\n<\/tr>\n<tr>\n<td>CBS-SSS-500<\/td>\n<td>SIDE | 5-1\/2\u2019\u2019 X 30\u2019\u2019 X 86-3\/4\u2019\u2019<\/td>\n<td>SHORT<\/td>\n<td>176<\/td>\n<\/tr>\n<tr>\n<td>CBS-SRS-500<\/td>\n<td>SIDE | 5-1\/2\u2019\u2019 X 30\u2019\u2019 X 86-3\/4\u2019\u2019<\/td>\n<td>SHORT &amp; TAPERED TO 6-15\/16\u2019\u2019 X 23-1\/8\u2019\u2019<\/td>\n<td>177<\/td>\n<\/tr>\n<tr>\n<td>CBS-SSL-500<\/td>\n<td>SIDE | 5-1\/2\u2019\u2019 X 30\u2019\u2019 X 98\u2019\u2019<\/td>\n<td>LONG<\/td>\n<td>196<\/td>\n<\/tr>\n<tr>\n<td>CBS-SRL-500<\/td>\n<td>SIDE | 5-1\/2\u2019\u2019 X 30\u2019\u2019 X 98\u2019\u2019<\/td>\n<td>LONG &amp; TAPERED TO 6-15\/16\u2019\u2019 X 23-1\/8\u2019\u2019<\/td>\n<td>197<\/td>\n<\/tr>\n<\/tbody>\n<\/table>\n<p>&nbsp;<\/p>\n<p><strong>CHUTE LAT\u00c9RALE EN ALUMINIUM<\/strong><\/p>\n<table width=\"1485\">\n<tbody>\n<tr>\n<td width=\"453\">P2K CODE PRODUIT<\/td>\n<td width=\"413\">DESCRIPTION<\/td>\n<td width=\"460\">MOD\u00c8LE<\/td>\n<td width=\"159\">POIDS UNITAIRE (LBS)<\/td>\n<\/tr>\n<tr>\n<td>CBA-SSS-500<\/td>\n<td>SIDE | 5-1\/2\u2019\u2019 X 30\u2019\u2019 X 86-3\/8\u2019\u2019<\/td>\n<td>SHORT<\/td>\n<td>83<\/td>\n<\/tr>\n<tr>\n<td>CBA-SRS-500<\/td>\n<td>SIDE | 5-1\/2\u2019\u2019 X 30\u2019\u2019 X 86-3\/8\u2019\u2019<\/td>\n<td>SHORT &amp; TAPERED TO 7\u2019\u2019 X 22-7\/8\u2019\u2019<\/td>\n<td>83<\/td>\n<\/tr>\n<tr>\n<td>CBA-SSL-500<\/td>\n<td>SIDE | 5-1\/2\u2019\u2019 X 30\u2019\u2019 X 97-7\/8\u2019\u2019<\/td>\n<td>LONG<\/td>\n<td>92<\/td>\n<\/tr>\n<tr>\n<td>CBA-SRL-500<\/td>\n<td>SIDE | 5-1\/2\u2019\u2019 X 30\u2019\u2019 X 97-7\/8\u2019\u2019<\/td>\n<td>LONG &amp; TAPERED TO 7\u2019\u2019 X 22-7\/8\u2019\u2019<\/td>\n<td>92<\/td>\n<\/tr>\n<\/tbody>\n<\/table>\n","protected":false},"excerpt":{"rendered":"<ul>\n<li class=\"ewa-rteLine\">Fabriqu\u00e9 en acier de haute qualit\u00e9.<\/li>\n<li>Con\u00e7u pour r\u00e9pondre aux normes ASME.<\/li>\n<li>Coins, base et bords renforc\u00e9s pour une dur\u00e9e de vie prolong\u00e9e.<\/li>\n<li>Les renforts d\u2019angle aident \u00e0 maintenir le parall\u00e9lisme des c\u00f4t\u00e9s et \u00e0 am\u00e9liorer les performances d\u2019\u00e9tanch\u00e9it\u00e9.<\/li>\n<li>Taille : 2 1\/2 verge cube<\/li>\n<li>Capacit\u00e9 de charge : 9800 lb<\/li>\n<li>Le syst\u00e8me d\u2019ouverture, la barre de levage et les accessoires peuvent \u00eatre remplac\u00e9s facilement et s\u00e9par\u00e9ment du cadre du godet.<\/li>\n<li>La poign\u00e9e de la trappe offre une fluidit\u00e9 sup\u00e9rieure lorsque le godet est rempli, surpassant les offres de nos concurrents.<\/li>\n<li>Chute en aluminium ou en acier disponible s\u00e9par\u00e9ment.<\/li>\n<\/ul>\n","protected":false},"featured_media":22787,"comment_status":"open","ping_status":"closed","template":"","meta":{"_acf_changed":false},"product_cat":[206,131],"product_tag":[],"class_list":{"0":"post-22427","1":"product","2":"type-product","3":"status-publish","4":"has-post-thumbnail","6":"product_cat-systeme-de-tremie-a-beton-en-acier","7":"product_cat-systeme-de-tremie-a-beton","9":"first","10":"instock","11":"shipping-taxable","12":"product-type-simple"},"acf":[],"aioseo_notices":[],"_links":{"self":[{"href":"https:\/\/plate2000.com\/fr\/wp-json\/wp\/v2\/product\/22427","targetHints":{"allow":["GET"]}}],"collection":[{"href":"https:\/\/plate2000.com\/fr\/wp-json\/wp\/v2\/product"}],"about":[{"href":"https:\/\/plate2000.com\/fr\/wp-json\/wp\/v2\/types\/product"}],"replies":[{"embeddable":true,"href":"https:\/\/plate2000.com\/fr\/wp-json\/wp\/v2\/comments?post=22427"}],"version-history":[{"count":5,"href":"https:\/\/plate2000.com\/fr\/wp-json\/wp\/v2\/product\/22427\/revisions"}],"predecessor-version":[{"id":22931,"href":"https:\/\/plate2000.com\/fr\/wp-json\/wp\/v2\/product\/22427\/revisions\/22931"}],"wp:featuredmedia":[{"embeddable":true,"href":"https:\/\/plate2000.com\/fr\/wp-json\/wp\/v2\/media\/22787"}],"wp:attachment":[{"href":"https:\/\/plate2000.com\/fr\/wp-json\/wp\/v2\/media?parent=22427"}],"wp:term":[{"taxonomy":"product_cat","embeddable":true,"href":"https:\/\/plate2000.com\/fr\/wp-json\/wp\/v2\/product_cat?post=22427"},{"taxonomy":"product_tag","embeddable":true,"href":"https:\/\/plate2000.com\/fr\/wp-json\/wp\/v2\/product_tag?post=22427"}],"curies":[{"name":"wp","href":"https:\/\/api.w.org\/{rel}","templated":true}]}}