{"id":22966,"date":"2024-12-04T20:30:21","date_gmt":"2024-12-04T20:30:21","guid":{"rendered":"https:\/\/plate2000.com\/?post_type=product&#038;p=22966"},"modified":"2026-02-12T13:20:07","modified_gmt":"2026-02-12T13:20:07","slug":"sfp59-6z-promax-disque-super-plat-promax-avec-attaches-clip-en-z","status":"publish","type":"product","link":"https:\/\/plate2000.com\/fr\/product\/disques\/le-magistral-attache-a-goupille\/disque-super-plat-le-magistral\/sfp59-6z-promax-disque-super-plat-promax-avec-attaches-clip-en-z\/","title":{"rendered":"SFP59-6Z-PROMAX &#8211; DISQUE SUPER PLAT PROMAX AVEC ATTACHES CLIP EN Z"},"content":{"rendered":"<p data-start=\"0\" data-end=\"129\">Con\u00e7u pour les machines Multiquip, le plateau PROMAX \u00e9tablit une nouvelle r\u00e9f\u00e9rence en mati\u00e8re de durabilit\u00e9 et de performance.<\/p>\n<p data-start=\"131\" data-end=\"307\">Fabriqu\u00e9 en acier robuste de calibre 7, il est con\u00e7u pour r\u00e9sister aux conditions de chantier les plus exigeantes tout en offrant des r\u00e9sultats constants et de haute qualit\u00e9.<\/p>\n<p data-start=\"309\" data-end=\"511\">Sa conception plus \u00e9paisse permet une plus grande couverture \u00e0 chaque passage, tandis que son poids sup\u00e9rieur assure une compaction de surface optimale pour des dalles plus planes et plus r\u00e9sistantes.<\/p>\n<ul>\n<li data-start=\"513\" data-end=\"859\"><strong data-start=\"513\" data-end=\"560\">R\u00c9DUCTION DU NOMBRE DE PASSAGES N\u00c9CESSAIRES<\/strong><\/li>\n<li data-start=\"513\" data-end=\"859\"><strong data-start=\"563\" data-end=\"644\">AM\u00c9LIORATION DE 15 \u00c0 20 % DU FF \u2013 DES SOLS PLUS PLATS AVEC MOINS DE RETOUCHES<\/strong><\/li>\n<li data-start=\"513\" data-end=\"859\"><strong data-start=\"647\" data-end=\"757\" data-is-only-node=\"\">DURABILIT\u00c9 ACCRUE \u2013 CONSTRUCTION EN ACIER 7G R\u00c9SISTANT \u00c0 L\u2019USURE ET PROLONGEANT LA DUR\u00c9E DE VIE DE L\u2019OUTIL<\/strong><\/li>\n<li data-start=\"513\" data-end=\"859\"><strong data-start=\"760\" data-end=\"859\" data-is-last-node=\"\">EFFICACIT\u00c9 DE LA MAIN-D\u2019\u0152UVRE \u2013 R\u00c9DUCTION DES CO\u00dbTS ET ACC\u00c9L\u00c9RATION DE L\u2019ACH\u00c8VEMENT DES PROJETS<\/strong><\/li>\n<\/ul>\n","protected":false},"excerpt":{"rendered":"<ul>\n<li>Fabriqu\u00e9 en acier de calibre 7 de haute qualit\u00e9 pour une durabilit\u00e9 accrue.<\/li>\n<li>Disque Super Flat pour des sols ultra plats et des valeurs FF \u00e9lev\u00e9es.<\/li>\n<li>Le support de s\u00e9curit\u00e9 utilise des goupilles de verrouillage pour fixer la lame de la truelle au plateau.<\/li>\n<li>Compatible avec les machines \u00e0 6 lames.<\/li>\n<li>Couvre une large surface de contact.<\/li>\n<li>Permet d\u2019obtenir des sols plus plats et d\u2019augmenter la productivit\u00e9.<\/li>\n<li>Attaches de type clip en Z.<\/li>\n<\/ul>\n","protected":false},"featured_media":22452,"comment_status":"open","ping_status":"closed","template":"","meta":{"_acf_changed":false},"product_cat":[110,107,122],"product_tag":[],"class_list":{"0":"post-22966","1":"product","2":"type-product","3":"status-publish","4":"has-post-thumbnail","6":"product_cat-le-magistral-attache-a-goupille","7":"product_cat-disques","8":"product_cat-disque-super-plat-le-magistral","10":"first","11":"instock","12":"shipping-taxable","13":"product-type-simple"},"acf":[],"aioseo_notices":[],"_links":{"self":[{"href":"https:\/\/plate2000.com\/fr\/wp-json\/wp\/v2\/product\/22966","targetHints":{"allow":["GET"]}}],"collection":[{"href":"https:\/\/plate2000.com\/fr\/wp-json\/wp\/v2\/product"}],"about":[{"href":"https:\/\/plate2000.com\/fr\/wp-json\/wp\/v2\/types\/product"}],"replies":[{"embeddable":true,"href":"https:\/\/plate2000.com\/fr\/wp-json\/wp\/v2\/comments?post=22966"}],"version-history":[{"count":1,"href":"https:\/\/plate2000.com\/fr\/wp-json\/wp\/v2\/product\/22966\/revisions"}],"predecessor-version":[{"id":22969,"href":"https:\/\/plate2000.com\/fr\/wp-json\/wp\/v2\/product\/22966\/revisions\/22969"}],"wp:featuredmedia":[{"embeddable":true,"href":"https:\/\/plate2000.com\/fr\/wp-json\/wp\/v2\/media\/22452"}],"wp:attachment":[{"href":"https:\/\/plate2000.com\/fr\/wp-json\/wp\/v2\/media?parent=22966"}],"wp:term":[{"taxonomy":"product_cat","embeddable":true,"href":"https:\/\/plate2000.com\/fr\/wp-json\/wp\/v2\/product_cat?post=22966"},{"taxonomy":"product_tag","embeddable":true,"href":"https:\/\/plate2000.com\/fr\/wp-json\/wp\/v2\/product_tag?post=22966"}],"curies":[{"name":"wp","href":"https:\/\/api.w.org\/{rel}","templated":true}]}}