{"id":22971,"date":"2025-10-22T12:58:28","date_gmt":"2025-10-22T12:58:28","guid":{"rendered":"https:\/\/plate2000.com\/?post_type=product&#038;p=22971"},"modified":"2026-02-12T13:30:40","modified_gmt":"2026-02-12T13:30:40","slug":"sfp70-p-disque-super-plat-avec-attaches-de-securite","status":"publish","type":"product","link":"https:\/\/plate2000.com\/fr\/product\/disques\/le-magistral-attache-a-goupille\/disque-plat-universel-le-magistral\/sfp70-p-disque-super-plat-avec-attaches-de-securite\/","title":{"rendered":"SFP70-P DISQUE SUPER PLAT AVEC ATTACHES DE S\u00c9CURIT\u00c9"},"content":{"rendered":"<p data-start=\"0\" data-end=\"459\">Les disques Plate 2000 sont con\u00e7us pour offrir une performance constante et des finitions de plancher exceptionnellement plates. Leur conception assure une uniformit\u00e9 sup\u00e9rieure et \u00e9limine les vagues de surface lors du lissage. Gr\u00e2ce \u00e0 un angle de rebord optimis\u00e9, le m\u00e9lange s\u2019\u00e9coule naturellement sous le plateau au lieu d\u2019\u00eatre pouss\u00e9 ou labour\u00e9, ce qui permet une finition plus lisse et plus uniforme, tout en augmentant la productivit\u00e9 sur le chantier.<\/p>\n<p data-start=\"461\" data-end=\"489\"><strong data-start=\"461\" data-end=\"487\">Principaux avantages :<\/strong><\/p>\n<ul>\n<li data-start=\"491\" data-end=\"787\">Plan\u00e9it\u00e9 sup\u00e9rieure et qualit\u00e9 de surface constante<\/li>\n<li data-start=\"491\" data-end=\"787\">\u00c9limination des ondulations de surface<\/li>\n<li data-start=\"491\" data-end=\"787\">Angle de rebord id\u00e9al pour une meilleure circulation du mat\u00e9riau sous le plateau<\/li>\n<li data-start=\"491\" data-end=\"787\">Finition plus uniforme et r\u00e9duction du temps de lissage<\/li>\n<li data-start=\"491\" data-end=\"787\">Performance \u00e9prouv\u00e9e pour les planchers de haute pr\u00e9cision<\/li>\n<\/ul>\n<p data-start=\"789\" data-end=\"865\">\u2022 Disque Super Flat pour des sols ultra plats et des valeurs FF \u00e9lev\u00e9es.<\/p>\n<p data-start=\"867\" data-end=\"1083\">\u2022 Disque plat pour une direction facile et un meilleur contr\u00f4le de l\u2019op\u00e9rateur. Les plus couramment utilis\u00e9s sur les truelles \u00e0 conducteur marchant et les machines autoport\u00e9es m\u00e9caniques (machines plus l\u00e9g\u00e8res).<\/p>\n<p data-start=\"1085\" data-end=\"1197\">\u2022 Disque universel compatibles avec plusieurs fabricants de machines autoport\u00e9es (Allen, Whiteman, Wacker).<\/p>\n<p data-start=\"1199\" data-end=\"1299\">Offerts en version Super Flat (0\u2019\u2019 \u00e0 1\/8\u2019\u2019 de bomb\u00e9) et en version Flat (1\/4\u2019\u2019 \u00e0 3\/8\u2019\u2019 de bomb\u00e9).<\/p>\n<p data-start=\"1301\" data-end=\"1540\">Les disques P2K sont fabriqu\u00e9s en acier robuste de qualit\u00e9 sup\u00e9rieure, assurant une durabilit\u00e9 accrue. Ils offrent une plus grande surface de contact, ce qui permet d\u2019obtenir des sols plus plats et d\u2019augmenter la productivit\u00e9.<\/p>\n<p data-start=\"1542\" data-end=\"1735\">Tous les disques de type Edger de moins de 36\u2019\u2019 sont unidirectionnels, mais sont \u00e9galement offerts en version bidirectionnelle pour les machines autoport\u00e9es (voir le code produit avec le suffixe B).<\/p>\n<p data-start=\"1737\" data-end=\"1887\">Tous les autres plateaux de 36\u2019\u2019 et plus sont bidirectionnels, mais sont disponibles en version r\u00e9versible (voir le code produit avec le suffixe R).<\/p>\n<p data-start=\"1889\" data-end=\"2018\">Ils sont \u00e9galement compatibles avec toutes les truelles \u00e0 conducteur marchant et autoport\u00e9es, peu importe la taille ou le type.<\/p>\n<p data-start=\"2020\" data-end=\"2141\" data-is-last-node=\"\" data-is-only-node=\"\">Support \u00ab Z \u00bb ou support de s\u00e9curit\u00e9 en acier robuste soud\u00e9 MIG.<br data-start=\"2084\" data-end=\"2087\" \/>\u00c9paisseurs disponibles : calibres 7, 10, 11, 12 et 14.<\/p>\n","protected":false},"excerpt":{"rendered":"<div class=\"min-h-8 text-message relative flex w-full flex-col items-end gap-2 text-start break-words whitespace-normal [.text-message+&amp;]:mt-1\" dir=\"auto\" data-message-author-role=\"assistant\" data-message-id=\"c6003104-a5c9-495b-b0ce-d97c250089c6\" data-message-model-slug=\"gpt-5-2\">\n<div class=\"flex w-full flex-col gap-1 empty:hidden first:pt-[1px]\">\n<div class=\"markdown prose dark:prose-invert w-full wrap-break-word light markdown-new-styling\">\n<ul>\n<li data-start=\"0\" data-end=\"423\">Fabriqu\u00e9 en acier de calibre 10 de haute qualit\u00e9 pour une durabilit\u00e9 accrue.<\/li>\n<li data-start=\"0\" data-end=\"423\">Le support de s\u00e9curit\u00e9 utilise des goupilles de verrouillage pour fixer la lame de la truelle au plateau.<\/li>\n<li data-start=\"0\" data-end=\"423\">Compatible avec les machines \u00e0 8 lames.<\/li>\n<li data-start=\"0\" data-end=\"423\">Couvre une large surface de contact.<\/li>\n<li data-start=\"0\" data-end=\"423\">Permet d\u2019obtenir des sols plus plats et d\u2019augmenter la productivit\u00e9.<\/li>\n<li data-start=\"0\" data-end=\"423\"><strong>Compatible avec la machine Whiteman PRX.<\/strong><\/li>\n<li data-start=\"0\" data-end=\"423\">Goupilles de s\u00e9curit\u00e9 vendues s\u00e9par\u00e9ment.<\/li>\n<\/ul>\n<\/div>\n<\/div>\n<\/div>\n","protected":false},"featured_media":22699,"comment_status":"open","ping_status":"closed","template":"","meta":{"_acf_changed":false},"product_cat":[110,107,114],"product_tag":[],"class_list":{"0":"post-22971","1":"product","2":"type-product","3":"status-publish","4":"has-post-thumbnail","6":"product_cat-le-magistral-attache-a-goupille","7":"product_cat-disques","8":"product_cat-disque-plat-universel-le-magistral","10":"first","11":"instock","12":"shipping-taxable","13":"product-type-simple"},"acf":[],"aioseo_notices":[],"_links":{"self":[{"href":"https:\/\/plate2000.com\/fr\/wp-json\/wp\/v2\/product\/22971","targetHints":{"allow":["GET"]}}],"collection":[{"href":"https:\/\/plate2000.com\/fr\/wp-json\/wp\/v2\/product"}],"about":[{"href":"https:\/\/plate2000.com\/fr\/wp-json\/wp\/v2\/types\/product"}],"replies":[{"embeddable":true,"href":"https:\/\/plate2000.com\/fr\/wp-json\/wp\/v2\/comments?post=22971"}],"version-history":[{"count":1,"href":"https:\/\/plate2000.com\/fr\/wp-json\/wp\/v2\/product\/22971\/revisions"}],"predecessor-version":[{"id":22972,"href":"https:\/\/plate2000.com\/fr\/wp-json\/wp\/v2\/product\/22971\/revisions\/22972"}],"wp:featuredmedia":[{"embeddable":true,"href":"https:\/\/plate2000.com\/fr\/wp-json\/wp\/v2\/media\/22699"}],"wp:attachment":[{"href":"https:\/\/plate2000.com\/fr\/wp-json\/wp\/v2\/media?parent=22971"}],"wp:term":[{"taxonomy":"product_cat","embeddable":true,"href":"https:\/\/plate2000.com\/fr\/wp-json\/wp\/v2\/product_cat?post=22971"},{"taxonomy":"product_tag","embeddable":true,"href":"https:\/\/plate2000.com\/fr\/wp-json\/wp\/v2\/product_tag?post=22971"}],"curies":[{"name":"wp","href":"https:\/\/api.w.org\/{rel}","templated":true}]}}