{"id":23269,"date":"2026-02-06T15:45:07","date_gmt":"2026-02-06T15:45:07","guid":{"rendered":"https:\/\/plate2000.com\/?post_type=product&#038;p=23269"},"modified":"2026-03-05T14:51:17","modified_gmt":"2026-03-05T14:51:17","slug":"screed-sled","status":"publish","type":"product","link":"https:\/\/plate2000.com\/fr\/product\/beton\/screed-sled\/","title":{"rendered":"Screed Sled"},"content":{"rendered":"\t\t<div data-elementor-type=\"product-post\" data-elementor-id=\"23269\" class=\"elementor elementor-23269 elementor-22873\" data-elementor-settings=\"{&quot;element_pack_global_tooltip_width&quot;:{&quot;unit&quot;:&quot;px&quot;,&quot;size&quot;:&quot;&quot;,&quot;sizes&quot;:[]},&quot;element_pack_global_tooltip_width_tablet&quot;:{&quot;unit&quot;:&quot;px&quot;,&quot;size&quot;:&quot;&quot;,&quot;sizes&quot;:[]},&quot;element_pack_global_tooltip_width_mobile&quot;:{&quot;unit&quot;:&quot;px&quot;,&quot;size&quot;:&quot;&quot;,&quot;sizes&quot;:[]},&quot;element_pack_global_tooltip_padding&quot;:{&quot;unit&quot;:&quot;px&quot;,&quot;top&quot;:&quot;&quot;,&quot;right&quot;:&quot;&quot;,&quot;bottom&quot;:&quot;&quot;,&quot;left&quot;:&quot;&quot;,&quot;isLinked&quot;:true},&quot;element_pack_global_tooltip_padding_tablet&quot;:{&quot;unit&quot;:&quot;px&quot;,&quot;top&quot;:&quot;&quot;,&quot;right&quot;:&quot;&quot;,&quot;bottom&quot;:&quot;&quot;,&quot;left&quot;:&quot;&quot;,&quot;isLinked&quot;:true},&quot;element_pack_global_tooltip_padding_mobile&quot;:{&quot;unit&quot;:&quot;px&quot;,&quot;top&quot;:&quot;&quot;,&quot;right&quot;:&quot;&quot;,&quot;bottom&quot;:&quot;&quot;,&quot;left&quot;:&quot;&quot;,&quot;isLinked&quot;:true},&quot;element_pack_global_tooltip_border_radius&quot;:{&quot;unit&quot;:&quot;px&quot;,&quot;top&quot;:&quot;&quot;,&quot;right&quot;:&quot;&quot;,&quot;bottom&quot;:&quot;&quot;,&quot;left&quot;:&quot;&quot;,&quot;isLinked&quot;:true},&quot;element_pack_global_tooltip_border_radius_tablet&quot;:{&quot;unit&quot;:&quot;px&quot;,&quot;top&quot;:&quot;&quot;,&quot;right&quot;:&quot;&quot;,&quot;bottom&quot;:&quot;&quot;,&quot;left&quot;:&quot;&quot;,&quot;isLinked&quot;:true},&quot;element_pack_global_tooltip_border_radius_mobile&quot;:{&quot;unit&quot;:&quot;px&quot;,&quot;top&quot;:&quot;&quot;,&quot;right&quot;:&quot;&quot;,&quot;bottom&quot;:&quot;&quot;,&quot;left&quot;:&quot;&quot;,&quot;isLinked&quot;:true}}\" data-elementor-post-type=\"product\">\n\t\t\t\t<div class=\"elementor-element elementor-element-448f6fed e-flex e-con-boxed e-con e-parent\" data-id=\"448f6fed\" data-element_type=\"container\" data-e-type=\"container\">\n\t\t\t\t\t<div class=\"e-con-inner\">\n\t\t\t\t<div class=\"elementor-element elementor-element-72758a1 elementor-widget elementor-widget-text-editor\" data-id=\"72758a1\" data-element_type=\"widget\" data-e-type=\"widget\" data-widget_type=\"text-editor.default\">\n\t\t\t\t<div class=\"elementor-widget-container\">\n\t\t\t\t\t\t\t\t\t<h2 data-start=\"134\" data-end=\"169\">Pourquoi choisir le Screed Sled?<\/h2><h3 data-start=\"171\" data-end=\"227\">Des valeurs F plus \u00e9lev\u00e9es. Des r\u00e9sultats imm\u00e9diats.<\/h3><p data-start=\"229\" data-end=\"577\">Con\u00e7u pour offrir une performance optimale d\u00e8s le premier passage, ce produit permet d\u2019obtenir des r\u00e9sultats plus rapides, un meilleur contr\u00f4le de la surface et une finition plus propre. Des valeurs <strong data-start=\"428\" data-end=\"433\">F<\/strong> plus \u00e9lev\u00e9es signifient une action plus efficace l\u00e0 o\u00f9 c\u2019est n\u00e9cessaire, r\u00e9duisant les reprises et maximisant l\u2019efficacit\u00e9 sur chaque chantier.<\/p><h3 data-start=\"579\" data-end=\"655\">Vous souhaitez atteindre un niveau de plan\u00e9it\u00e9 de plancher exceptionnel?<\/h3><p data-start=\"657\" data-end=\"863\">En combinant le <strong data-start=\"673\" data-end=\"688\">Screed Sled<\/strong>, le <strong data-start=\"693\" data-end=\"712\">Big Foot System<\/strong> et les <strong data-start=\"720\" data-end=\"753\">Super Flat pans de Plate 2000<\/strong>, vous portez la plan\u00e9it\u00e9 de vos planchers \u00e0 son niveau maximal. <strong>Une synergie puissante. Un proc\u00e9d\u00e9 \u00e9prouv\u00e9.<\/strong><\/p><p data-start=\"870\" data-end=\"880\"><strong>Qualit\u00e9<br \/><\/strong>Con\u00e7u avec des mat\u00e9riaux robustes et de haute qualit\u00e9 afin de r\u00e9sister aux conditions les plus exigeantes sur les chantiers.<\/p><p data-start=\"1007\" data-end=\"1020\"><strong>Efficacit\u00e9<br \/><\/strong>Une conception optimis\u00e9e qui r\u00e9duit consid\u00e9rablement le travail manuel et acc\u00e9l\u00e8re le processus de finition.<\/p><p data-start=\"1131\" data-end=\"1143\"><strong>Pr\u00e9cision<br \/><\/strong>Obtenez des r\u00e9sultats constants et de qualit\u00e9 professionnelle gr\u00e2ce \u00e0 des outils con\u00e7us pour une pr\u00e9cision maximale.<\/p><p data-start=\"1267\" data-end=\"1292\"><strong>\u00c9QUIPEMENTS COMPATIBLES<\/strong><\/p><p data-start=\"1294\" data-end=\"1470\">Machine de traction : Doit \u00eatre utilis\u00e9 uniquement avec une truelle m\u00e9canique autoport\u00e9e avec plateau (pan).<br data-start=\"1412\" data-end=\"1415\" \/>Recommand\u00e9 : machines hydrauliques de 8 \u00e0 10 pieds.<\/p><p data-start=\"1472\" data-end=\"1616\">Compatible avec des r\u00e8gles droites de 8 \u00e0 12 pieds de longueur et de 1 \u00e0 2 pouces de largeur.<br data-start=\"1569\" data-end=\"1572\" \/>R\u00e8gle recommand\u00e9e : 2 po \u00d7 4 po \u00d7 10 pi.<\/p><p data-start=\"1623\" data-end=\"1654\"><strong>MAT\u00c9RIAUX ET CARACT\u00c9RISTIQUES<\/strong><\/p><ul><li data-start=\"1658\" data-end=\"1722\">Fabriqu\u00e9 en acier de qualit\u00e9 sup\u00e9rieure d\u2019Am\u00e9rique du Nord<\/li><li data-start=\"1658\" data-end=\"1722\">Structure peinte en jaune<\/li><li data-start=\"1658\" data-end=\"1722\">Inclut deux tendeurs en acier (turnbuckles) pour la fixation<\/li><li data-start=\"1658\" data-end=\"1722\">Des ouvertures sont pr\u00e9vues dans le ch\u00e2ssis du Screed Sled pour ajouter du poids \u00e0 l\u2019aide de barres d\u2019armature (rebar) coup\u00e9es sur mesure<\/li><li data-start=\"1658\" data-end=\"1722\">R\u00e8gles droites en aluminium ou en magn\u00e9sium vendues s\u00e9par\u00e9ment.<\/li><li data-start=\"1658\" data-end=\"1722\">Peut \u00eatre combin\u00e9 avec le Big Foot System de Plate 2000 afin d\u2019augmenter la plan\u00e9it\u00e9 du plancher.<\/li><\/ul>\t\t\t\t\t\t\t\t<\/div>\n\t\t\t\t<\/div>\n\t\t\t\t<div class=\"elementor-element elementor-element-e1be4d4 elementor-widget elementor-widget-ld_button\" data-id=\"e1be4d4\" data-element_type=\"widget\" data-e-type=\"widget\" data-widget_type=\"ld_button.default\">\n\t\t\t\t<div class=\"elementor-widget-container\">\n\t\t\t\t\t\n\t\t\t<a\n\t\t\t\thref=\"https:\/\/publuu.com\/flip-book\/216071\/2378378\" target=\"_blank\"class=\"elementor-button btn btn-solid btn-icon-right btn-has-label\"\t\t\t>\n\t\t\t\t\t\t\t\t\t<span data-text=\"T\u00c9l\u00c8CHARGER FICHE TECHNIQUE\" class=\"btn-txt\">\n\t\t\t\t\t\tT\u00c9l\u00c8CHARGER FICHE TECHNIQUE\t\t\t\t\t<\/span>\n\t\t\t\t\t\t\t\t\t\t\t\t\t\t<span class=\"btn-icon\">\n\t\t\t\t\t\t\t<svg aria-hidden=\"true\" class=\"e-font-icon-svg e-far-arrow-alt-circle-down\" viewBox=\"0 0 512 512\" xmlns=\"http:\/\/www.w3.org\/2000\/svg\"><path d=\"M256 8C119 8 8 119 8 256s111 248 248 248 248-111 248-248S393 8 256 8zm0 448c-110.5 0-200-89.5-200-200S145.5 56 256 56s200 89.5 200 200-89.5 200-200 200zm-32-316v116h-67c-10.7 0-16 12.9-8.5 20.5l99 99c4.7 4.7 12.3 4.7 17 0l99-99c7.6-7.6 2.2-20.5-8.5-20.5h-67V140c0-6.6-5.4-12-12-12h-40c-6.6 0-12 5.4-12 12z\"><\/path><\/svg>\t\t\t\t\t\t<\/span>\n\t\t\t\t\t\t\t\t\t<\/a>\n\t\t\t\t\t\t\t<\/div>\n\t\t\t\t<\/div>\n\t\t\t\t<div class=\"elementor-element elementor-element-de9082b elementor-widget elementor-widget-video\" data-id=\"de9082b\" data-element_type=\"widget\" data-e-type=\"widget\" data-settings=\"{&quot;video_type&quot;:&quot;vimeo&quot;,&quot;start&quot;:1,&quot;autoplay&quot;:&quot;yes&quot;,&quot;play_on_mobile&quot;:&quot;yes&quot;,&quot;mute&quot;:&quot;yes&quot;,&quot;yt_privacy&quot;:&quot;yes&quot;}\" data-widget_type=\"video.default\">\n\t\t\t\t<div class=\"elementor-widget-container\">\n\t\t\t\t\t\t\t<div class=\"elementor-wrapper elementor-open-inline\">\n\t\t\t<iframe class=\"elementor-video-iframe\" allowfullscreen allow=\"autoplay\" title=\"Lecteur vid\u00e9o vimeo\" src=\"https:\/\/player.vimeo.com\/video\/1026575485?autoplay=1&amp;playsinline=1&amp;color&amp;autopause=0&amp;dnt=true&amp;loop=0&amp;muted=1&amp;title=1&amp;portrait=1&amp;byline=1&amp;h=9c256b28d1#t=00h00m01s\"><\/iframe>\t\t<\/div>\n\t\t\t\t\t\t<\/div>\n\t\t\t\t<\/div>\n\t\t\t\t\t<\/div>\n\t\t\t\t<\/div>\n\t\t\t\t<\/div>\n\t\t","protected":false},"excerpt":{"rendered":"<h3 data-start=\"323\" data-end=\"398\">Corrigez les bosses plus rapidement, plus facilement et plus efficacement<\/h3>\n<p data-start=\"400\" data-end=\"670\">D\u00e9couvrez la nouvelle \u00e9volution dans la finition du b\u00e9ton.<br data-start=\"458\" data-end=\"461\" \/>Le Screed Sled permet de corriger les bosses plus rapidement, plus facilement et avec une meilleure efficacit\u00e9, tout en r\u00e9duisant le temps de travail et la main-d\u2019\u0153uvre, et en offrant des r\u00e9sultats pr\u00e9cis.<\/p>\n<p data-start=\"672\" data-end=\"1017\">Le Screed Sled est un \u00e9quipement de construction pour le b\u00e9ton con\u00e7u pour \u00eatre tir\u00e9 derri\u00e8re une truelle m\u00e9canique autoport\u00e9e afin de corriger les bosses des dalles de b\u00e9ton. Il est compos\u00e9 d\u2019un ch\u00e2ssis principal et de pi\u00e8ces d\u2019extr\u00e9mit\u00e9 permettant d\u2019utiliser des barres en aluminium standards (screed boards\/beams).<\/p>\n<p data-start=\"1019\" data-end=\"1109\">Il peut \u00eatre utilis\u00e9 avec des truelles m\u00e9caniques autoport\u00e9es de 6, 8, 10 et 12 pieds.<\/p>\n<p><strong>Screed Sled \u2013 une innovation avec brevet en instance<\/strong><\/p>\n<p data-start=\"1174\" data-end=\"1450\">Il est sp\u00e9cialement con\u00e7u pour les grandes surfaces de planchers en b\u00e9ton et les coul\u00e9es de grande largeur.<br data-start=\"1289\" data-end=\"1292\" \/>Il n\u2019est pas destin\u00e9 aux petites coul\u00e9es segment\u00e9es ou aux zones comportant de nombreux obstacles tels que tuyaux, colonnes ou ouvertures \u00e9lectriques.<\/p>\n","protected":false},"featured_media":23154,"comment_status":"open","ping_status":"closed","template":"","meta":{"_acf_changed":false},"product_cat":[46],"product_tag":[],"class_list":{"0":"post-23269","1":"product","2":"type-product","3":"status-publish","4":"has-post-thumbnail","6":"product_cat-beton","8":"first","9":"instock","10":"shipping-taxable","11":"product-type-simple"},"acf":[],"aioseo_notices":[],"_links":{"self":[{"href":"https:\/\/plate2000.com\/fr\/wp-json\/wp\/v2\/product\/23269","targetHints":{"allow":["GET"]}}],"collection":[{"href":"https:\/\/plate2000.com\/fr\/wp-json\/wp\/v2\/product"}],"about":[{"href":"https:\/\/plate2000.com\/fr\/wp-json\/wp\/v2\/types\/product"}],"replies":[{"embeddable":true,"href":"https:\/\/plate2000.com\/fr\/wp-json\/wp\/v2\/comments?post=23269"}],"version-history":[{"count":7,"href":"https:\/\/plate2000.com\/fr\/wp-json\/wp\/v2\/product\/23269\/revisions"}],"predecessor-version":[{"id":23277,"href":"https:\/\/plate2000.com\/fr\/wp-json\/wp\/v2\/product\/23269\/revisions\/23277"}],"wp:featuredmedia":[{"embeddable":true,"href":"https:\/\/plate2000.com\/fr\/wp-json\/wp\/v2\/media\/23154"}],"wp:attachment":[{"href":"https:\/\/plate2000.com\/fr\/wp-json\/wp\/v2\/media?parent=23269"}],"wp:term":[{"taxonomy":"product_cat","embeddable":true,"href":"https:\/\/plate2000.com\/fr\/wp-json\/wp\/v2\/product_cat?post=23269"},{"taxonomy":"product_tag","embeddable":true,"href":"https:\/\/plate2000.com\/fr\/wp-json\/wp\/v2\/product_tag?post=23269"}],"curies":[{"name":"wp","href":"https:\/\/api.w.org\/{rel}","templated":true}]}}